{"id":251071,"date":"2026-01-10T18:11:56","date_gmt":"2026-01-10T15:11:56","guid":{"rendered":"https:\/\/baldumarket.lt\/product\/szafa-simi-ms-02-bialy-hikora-naturalna\/"},"modified":"2026-02-11T18:31:55","modified_gmt":"2026-02-11T15:31:55","slug":"szafa-simi-ms-02-bialy-hikora-naturalna","status":"publish","type":"product","link":"https:\/\/baldumarket.lt\/lt\/product\/szafa-simi-ms-02-bialy-hikora-naturalna\/","title":{"rendered":"SIMI MS-02 spinta balta \/ nat\u016brali hikorija"},"content":{"rendered":"<p>Modelis: MS-02 Spalva: balta \/ nat\u016brali hikorija Matmenys: Plotis: 100 cm Auk\u0161tis: 200 cm Gylis: 55 cm Pagrindin\u0117 informacija: korpuso pavadinimas: MS-02 kolekcijos pavadinimas: SIMI korpuso indeksas: MS2BH spalvos: balta \/ nat\u016brali hikorija bald\u0173 tipas: spinta korpuso charakteristikos: 2D plotis: 100 cm auk\u0161tis: 200 cm gylis: 55 cm korpuso svoris: 102 kg surinkimas: reikalingas surinkimas kolekcijos stilius: modernus interjero tipas 1: jaunimo kambarys interjero tipas 2: spintos \u012franga: 1x b\u0117gelis, 6x lentyna dureli\u0173 skai\u010dius: 2 furnit\u016bra: vyris: pasl\u0117ptas \u012fprastas rankena: metalin\u0117 koja \/ kojel\u0117: baldo kojel\u0117 ap\u0161vietimas \u012ftrauktas n\u0117ra ap\u0161vietimo tipas: n\u0117ra Med\u017eiaga: korpusas: laminuota med\u017eio dro\u017eli\u0173 plok\u0161t\u0117; 16 mm; 32 mm korpuso kra\u0161t\u0173 apdaila: B 1,0 mm; S 1,70 mm Korpuso spalva: balta \/ nat\u016brali hikorija Vir\u0161us: laminuota med\u017eio dro\u017eli\u0173 plok\u0161t\u0117; 32 mm Vir\u0161utin\u0117s briaunos apdaila: S 1,70 mm Vir\u0161utini\u0173 briaun\u0173 juosteli\u0173 skai\u010dius: 4 Vir\u0161utin\u0117s spalvos: balta Galin\u0117 sienel\u0117: HDF plok\u0161t\u0117; 3 mm Matoma galin\u0117s sienel\u0117s apdaila: laminatas Nematoma galin\u0117s sienel\u0117s apdaila: neapdorota Galin\u0117s sienel\u0117s tvirtinimas: ver\u017el\u0117 Galin\u0117s sienel\u0117s spalva: balta Lentyna: laminuota med\u017eio dro\u017eli\u0173 plok\u0161t\u0117; 16 mm Lentynos kra\u0161to apdaila: B 1,0 mm Lentynos kra\u0161to juosteli\u0173 skai\u010dius: 1 Leistinas lentynos svoris: 5 kg Lentynos spalva: nat\u016brali hikorija Lentyn\u0173 skai\u010dius: 4 Priekis: laminuota med\u017eio dro\u017eli\u0173 plok\u0161t\u0117; 16 mm Priekinio kra\u0161to apdaila: B 1,0 mm Priekin\u0117s spalvos: nat\u016brali hikorija Svarbu: \u0161i spinta gaminama pagal u\u017esakym\u0105. U\u017esakymo at\u0161aukti negalima pra\u0117jus 48 valandoms nuo u\u017esakymo pateikimo. Pra\u0161ome apsipirkti atid\u017eiai.<\/p>","protected":false},"excerpt":{"rendered":"<p>Modelis: MS-02 Spalva: balta \/ nat\u016brali hikorija Matmenys: Plotis: 100 cm Auk\u0161tis: 200 cm Gylis: 55 cm Pagrindin\u0117 informacija: korpuso pavadinimas: MS-02 kolekcijos pavadinimas: SIMI korpuso indeksas: MS2BH spalvos: balta \/ nat\u016brali hikorija bald\u0173 tipas: spinta korpuso charakteristikos: 2D plotis: 100 cm auk\u0161tis: 200 cm gylis: 55 cm korpuso svoris: 102 kg surinkimas: reikalingas surinkimas kolekcijos stilius: modernus [\u2026]<\/p>","protected":false},"featured_media":251072,"comment_status":"open","ping_status":"open","template":"","meta":[],"product_brand":[],"product_cat":[9262,2454,1177],"product_tag":[],"class_list":{"0":"post-251071","1":"product","2":"type-product","3":"status-publish","4":"has-post-thumbnail","6":"product_cat-furniture-system-simi-lenart","7":"product_cat-lenart","8":"product_cat-wardrobes","10":"first","11":"instock","12":"purchasable","13":"product-type-simple"},"_links":{"self":[{"href":"https:\/\/baldumarket.lt\/lt\/wp-json\/wp\/v2\/product\/251071","targetHints":{"allow":["GET"]}}],"collection":[{"href":"https:\/\/baldumarket.lt\/lt\/wp-json\/wp\/v2\/product"}],"about":[{"href":"https:\/\/baldumarket.lt\/lt\/wp-json\/wp\/v2\/types\/product"}],"replies":[{"embeddable":true,"href":"https:\/\/baldumarket.lt\/lt\/wp-json\/wp\/v2\/comments?post=251071"}],"wp:featuredmedia":[{"embeddable":true,"href":"https:\/\/baldumarket.lt\/lt\/wp-json\/wp\/v2\/media\/251072"}],"wp:attachment":[{"href":"https:\/\/baldumarket.lt\/lt\/wp-json\/wp\/v2\/media?parent=251071"}],"wp:term":[{"taxonomy":"product_brand","embeddable":true,"href":"https:\/\/baldumarket.lt\/lt\/wp-json\/wp\/v2\/product_brand?post=251071"},{"taxonomy":"product_cat","embeddable":true,"href":"https:\/\/baldumarket.lt\/lt\/wp-json\/wp\/v2\/product_cat?post=251071"},{"taxonomy":"product_tag","embeddable":true,"href":"https:\/\/baldumarket.lt\/lt\/wp-json\/wp\/v2\/product_tag?post=251071"}],"curies":[{"name":"wp","href":"https:\/\/api.w.org\/{rel}","templated":true}]}}