{"id":251055,"date":"2026-01-10T18:11:49","date_gmt":"2026-01-10T15:11:49","guid":{"rendered":"https:\/\/baldumarket.lt\/product\/lozko-qubic-qb-11-dab-artisan-silk-flu-raw-steel\/"},"modified":"2026-02-11T18:31:56","modified_gmt":"2026-02-11T15:31:56","slug":"lozko-qubic-qb-11-dab-artisan-silk-flu-raw-steel","status":"publish","type":"product","link":"https:\/\/baldumarket.lt\/lt\/produktas\/lozko-qubic-qb-11-dab-artisan-silk-flu-raw-steel\/","title":{"rendered":"QUBIC QB-11 lova | Amatininkas \u0105\u017euolas, \u0161ilkinis fluoras, neapdorotas plienas"},"content":{"rendered":"<p>Modelis: QB-11<br \/>\nSpalva: dirbtinis \u0105\u017euolas \/ \u0161ilkinis floksas \/ neapdorotas plienas<br \/>\nMatmenys: Plotis: 130 cm<br \/>\nAuk\u0161tis: 100 cm<br \/>\nGylis: 217 cm<br \/>\nPagrindin\u0117 informacija: Modelio pavadinimas: QB-11<br \/>\nKolekcijos pavadinimas: QUBIC<br \/>\nModelio indeksas: QB11DAR<br \/>\nSpalva: dirbtinis \u0105\u017euolas \/ \u0161ilkinis floksas \/ neapdorotas plienas<br \/>\nBald\u0173 tipas: medin\u0117 lova<br \/>\nModelio charakteristikos: 2S<br \/>\nPlotis: 130 cm<br \/>\nAuk\u0161tis: 100 cm<br \/>\nGylis: 217 cm<br \/>\nModelio svoris: 87 kg<br \/>\nSurinkimas: reikalingas surinkimas<br \/>\nKolekcijos stilius: modernus<br \/>\n1 interjero tipas: jaunimo kambarys<br \/>\nStal\u010di\u0173 skai\u010dius: 2<br \/>\nJungtys: rankena: metalin\u0117<br \/>\nStal\u010diaus kreiptuvas: rutulinis guolis<br \/>\nP\u0117da\/koja: slysti vinimi<br \/>\nAp\u0161vietimas \u012ftrauktas: taip<br \/>\nAp\u0161vietimo tipas: LED juostel\u0117<br \/>\nMed\u017eiaga: Korpusas: laminuota med\u017eio dro\u017eli\u0173 plok\u0161t\u0117; 16 mm; 22 mm<br \/>\nKorpuso kra\u0161to apdaila: A 0,45 mm; S 1,70 mm<br \/>\nKorpuso spalva: \u0105\u017euolas \/ neapdorotas plienas<br \/>\nPriekin\u0117 dalis: laminuota med\u017eio dro\u017eli\u0173 plok\u0161t\u0117; 16 mm<br \/>\nPriekinio kra\u0161to apdaila: A 0,45 mm<br \/>\nPriekin\u0117s dalies spalva: neapdorotas plienas<br \/>\nStal\u010diaus vidin\u0117 apdaila: balta juostel\u0117 korpuso spalvos<br \/>\nStal\u010diaus dugnas: HDF plok\u0161t\u0117; 3 mm<br \/>\nLovos r\u0117mas: med\u017eio dro\u017eli\u0173 plok\u0161t\u0117<br \/>\nLovos r\u0117mo kra\u0161to apdaila: A 0,45 mm<br \/>\nLovos galv\u016bgalis: laminuota med\u017eio dro\u017eli\u0173 plok\u0161t\u0117; 22 mm<br \/>\nLovos galv\u016bgalis: plotis 1,7 mm<br \/>\nR\u0117mas: medinis<br \/>\nR\u0117mo matmenys: 120 \u00d7 200<br \/>\nR\u0117mo svoris: 8 kg<br \/>\n\u010ciu\u017einys \u012fskai\u010diuotas: ne<br \/>\nPatalyn\u0117 daiktams laikyti: taip<br \/>\nSvarbu<br \/>\n\u0160i lova gaminama pagal u\u017esakym\u0105. At\u0161aukti u\u017esakym\u0105 negalima pra\u0117jus 48 valandoms nuo jo pateikimo. Pra\u0161ome apsipirkti atid\u017eiai.<\/p>","protected":false},"excerpt":{"rendered":"<p>Modelis: QB-11 Spalva: meni\u0161kas \u0105\u017euolas \/ \u0161ilko danga \/ neapdorotas plienas Matmenys: Plotis: 130 cm Auk\u0161tis: 100 cm Gylis: 217 cm Pagrindin\u0117 informacija: Modelio pavadinimas: QB-11 Kolekcijos pavadinimas: QUBIC Modelio indeksas: QB11DAR Spalva: meni\u0161kas \u0105\u017euolas \/ \u0161ilko danga \/ neapdorotas plienas Baldo tipas: medin\u0117 lova Modelio charakteristikos: 2S Plotis: 130 cm Auk\u0161tis: 100 cm Gylis: [\u2026]<\/p>","protected":false},"featured_media":251056,"comment_status":"open","ping_status":"open","template":"","meta":[],"product_brand":[],"product_cat":[9261,505,2454],"product_tag":[],"class_list":{"0":"post-251055","1":"product","2":"type-product","3":"status-publish","4":"has-post-thumbnail","6":"product_cat-furniture-system-qubic-lenart","7":"product_cat-bedroom-beds","8":"product_cat-lenart","10":"first","11":"instock","12":"purchasable","13":"product-type-simple"},"_links":{"self":[{"href":"https:\/\/baldumarket.lt\/lt\/wp-json\/wp\/v2\/product\/251055","targetHints":{"allow":["GET"]}}],"collection":[{"href":"https:\/\/baldumarket.lt\/lt\/wp-json\/wp\/v2\/product"}],"about":[{"href":"https:\/\/baldumarket.lt\/lt\/wp-json\/wp\/v2\/types\/product"}],"replies":[{"embeddable":true,"href":"https:\/\/baldumarket.lt\/lt\/wp-json\/wp\/v2\/comments?post=251055"}],"wp:featuredmedia":[{"embeddable":true,"href":"https:\/\/baldumarket.lt\/lt\/wp-json\/wp\/v2\/media\/251056"}],"wp:attachment":[{"href":"https:\/\/baldumarket.lt\/lt\/wp-json\/wp\/v2\/media?parent=251055"}],"wp:term":[{"taxonomy":"product_brand","embeddable":true,"href":"https:\/\/baldumarket.lt\/lt\/wp-json\/wp\/v2\/product_brand?post=251055"},{"taxonomy":"product_cat","embeddable":true,"href":"https:\/\/baldumarket.lt\/lt\/wp-json\/wp\/v2\/product_cat?post=251055"},{"taxonomy":"product_tag","embeddable":true,"href":"https:\/\/baldumarket.lt\/lt\/wp-json\/wp\/v2\/product_tag?post=251055"}],"curies":[{"name":"wp","href":"https:\/\/api.w.org\/{rel}","templated":true}]}}