{"id":251039,"date":"2026-01-10T18:11:43","date_gmt":"2026-01-10T15:11:43","guid":{"rendered":"https:\/\/baldumarket.lt\/product\/lozko-drewniane-dento-dt-02-rozmiar-do-wyboru-bialy-dab-stirling\/"},"modified":"2026-02-11T18:31:56","modified_gmt":"2026-02-11T15:31:56","slug":"lozko-drewniane-dento-dt-02-rozmiar-do-wyboru-bialy-dab-stirling","status":"publish","type":"product","link":"https:\/\/baldumarket.lt\/lt\/product\/lozko-drewniane-dento-dt-02-rozmiar-do-wyboru-bialy-dab-stirling\/","title":{"rendered":"DENTRO DT-02 medin\u0117 lova | Dydis pasirinktinai | Balta, Stirlingo \u0105\u017euolas"},"content":{"rendered":"<p>Modelis: DT-02<br \/>\nSpalva: balta \/ Stirlingo \u0105\u017euolas<br \/>\nMatmenys: Plotis: 147\/167\/187 cm<br \/>\nAuk\u0161tis: 92 cm<br \/>\nGylis: 218 cm<br \/>\nPagrindin\u0117 informacija: Modelio pavadinimas: DT-02<br \/>\nKolekcijos pavadinimas: DENTRO<br \/>\nModelio indeksas: DT2BDS<br \/>\nSpalva: balta \/ Stirlingo \u0105\u017euolas<br \/>\nBald\u0173 tipas: lova<br \/>\nPlotis: 147\/167\/187 cm<br \/>\nAuk\u0161tis: 92 cm<br \/>\nGylis: 218 cm<br \/>\nModelio svoris: 74 kg<br \/>\nSurinkimas: reikalingas surinkimas<br \/>\nKolekcijos stilius: modernus<br \/>\n1 interjero tipas: miegamasis<br \/>\nJungiamosios detal\u0117s: p\u0117da \/ koja: slydiklis su vinimi<br \/>\nMed\u017eiaga: korpusas: laminuota med\u017eio dro\u017eli\u0173 plok\u0161t\u0117; 22 mm<br \/>\nR\u0117mo kra\u0161to apdaila: A 0,45 mm<br \/>\nR\u0117mo spalva: balta<br \/>\nLovos r\u0117mas: laminuota med\u017eio dro\u017eli\u0173 plok\u0161t\u0117; 16 mm, 22 mm<br \/>\nLovos r\u0117mo kra\u0161to apdaila: A 0,45 mm<br \/>\nGalv\u016bgalis: laminuota med\u017eio dro\u017eli\u0173 plok\u0161t\u0117; 16 mm<br \/>\nKoj\u0173 atrama: A 0,45 mm, P 1,70 mm<br \/>\nR\u0117mas: metalas<br \/>\nR\u0117mo matmenys: 140\/160\/180 x 200 mm<br \/>\nR\u0117mo svoris: 19 kg<br \/>\n\u010ciu\u017einio tipas: Bonnell spyruoklinis<br \/>\n\u010ciu\u017einio matmenys: 18 x 140\/160\/180 x 200 mm<br \/>\n\u010ciu\u017einio svoris: 20 kg<br \/>\n\u010ciu\u017einys \u012fskai\u010diuotas: ne<br \/>\nPatalyn\u0117 daiktams laikyti: taip<br \/>\nSvarbu<br \/>\n\u0160i lova gaminama pagal u\u017esakym\u0105. At\u0161aukti u\u017esakym\u0105 negalima pra\u0117jus 48 valandoms nuo jo pateikimo. Pra\u0161ome apsipirkti atid\u017eiai.<\/p>","protected":false},"excerpt":{"rendered":"<p>Model: DT-02 Color: white \/ Stirling oak Dimensions: Width: 147\/167\/187cm Height: 92cm Depth: 218cm Basic information: Model name: DT-02 Collection name: DENTRO Model index: DT2BDS Color: white \/ Stirling oak Furniture type: bed Width: 147\/167\/187 cm Height: 92 cm Depth: 218 cm Model weight: 74 kg Assembly: assembly required Collection style: modern Interior type 1: [&hellip;]<\/p>","protected":false},"featured_media":251040,"comment_status":"open","ping_status":"closed","template":"","meta":[],"product_brand":[],"product_cat":[9267,505,2454],"product_tag":[],"class_list":{"0":"post-251039","1":"product","2":"type-product","3":"status-publish","4":"has-post-thumbnail","6":"product_cat-furniture-system-dentro-leanart","7":"product_cat-bedroom-beds","8":"product_cat-lenart","10":"first","11":"instock","12":"purchasable","13":"product-type-simple"},"_links":{"self":[{"href":"https:\/\/baldumarket.lt\/lt\/wp-json\/wp\/v2\/product\/251039","targetHints":{"allow":["GET"]}}],"collection":[{"href":"https:\/\/baldumarket.lt\/lt\/wp-json\/wp\/v2\/product"}],"about":[{"href":"https:\/\/baldumarket.lt\/lt\/wp-json\/wp\/v2\/types\/product"}],"replies":[{"embeddable":true,"href":"https:\/\/baldumarket.lt\/lt\/wp-json\/wp\/v2\/comments?post=251039"}],"wp:featuredmedia":[{"embeddable":true,"href":"https:\/\/baldumarket.lt\/lt\/wp-json\/wp\/v2\/media\/251040"}],"wp:attachment":[{"href":"https:\/\/baldumarket.lt\/lt\/wp-json\/wp\/v2\/media?parent=251039"}],"wp:term":[{"taxonomy":"product_brand","embeddable":true,"href":"https:\/\/baldumarket.lt\/lt\/wp-json\/wp\/v2\/product_brand?post=251039"},{"taxonomy":"product_cat","embeddable":true,"href":"https:\/\/baldumarket.lt\/lt\/wp-json\/wp\/v2\/product_cat?post=251039"},{"taxonomy":"product_tag","embeddable":true,"href":"https:\/\/baldumarket.lt\/lt\/wp-json\/wp\/v2\/product_tag?post=251039"}],"curies":[{"name":"wp","href":"https:\/\/api.w.org\/{rel}","templated":true}]}}