{"id":251007,"date":"2026-01-10T18:11:29","date_gmt":"2026-01-10T15:11:29","guid":{"rendered":"https:\/\/baldumarket.lt\/product\/szafka-rtv-quant-qa-04-dab-artisan-czarny\/"},"modified":"2026-02-11T18:31:56","modified_gmt":"2026-02-11T15:31:56","slug":"szafka-rtv-quant-qa-04-dab-artisan-czarny","status":"publish","type":"product","link":"https:\/\/baldumarket.lt\/lt\/product\/szafka-rtv-quant-qa-04-dab-artisan-czarny\/","title":{"rendered":"QUANT QA-04 TV spintel\u0117, \u0105\u017euolo dirbiniai\/juoda"},"content":{"rendered":"<p>Modelis: QA-04 Spalva: artisan \u0105\u017euolas \/ juoda Matmenys: Plotis: 155 cm Auk\u0161tis: 55 cm Gylis: 41 cm Pagrindin\u0117 informacija: korpuso pavadinimas: QA-04 kolekcijos pavadinimas: QUANT korpuso indeksas: QA4DAC spalvos: artisan \u0105\u017euolas \/ juoda bald\u0173 tipas: TV spintel\u0117 korpuso charakteristikos: 1D1S plotis: 155 cm auk\u0161tis: 55 cm gylis: 41 cm korpuso svoris: 41 kg surinkimas: reikalingas surinkimas kolekcijos stilius: modernus interjeras 1 tipas: svetain\u0117 \u012franga: 1x lentyna stal\u010di\u0173 skai\u010dius: 1 dureli\u0173 skai\u010dius: 1 furnit\u016bra: vyris: standartinis pasl\u0117ptas stal\u010dius b\u0117gelis: tvirtinamas apa\u010dioje b\u0117gelis p\u0117da \/ koja: slysta su vinimis \u012ftrauktas ap\u0161vietimas: yra ap\u0161vietimo tipas: LED juostel\u0117 Med\u017eiaga: korpusas: laminuota med\u017eio dro\u017eli\u0173 plok\u0161t\u0117: 16 mm; 22 mm korpuso kra\u0161to apdaila: A 0,45 mm korpuso spalva: juoda \/ artisan \u0105\u017euolas vir\u0161us: laminuota med\u017eio dro\u017eli\u0173 plok\u0161t\u0117; 22 mm vir\u0161utin\u0117s kra\u0161to apdaila: A 0,45 mm klijuot\u0173 vir\u0161utini\u0173 kra\u0161t\u0173 skai\u010dius: 4 vir\u0161utin\u0117s spalvos: artisan \u0105\u017euolas galin\u0117 sienel\u0117: HDF plok\u0161t\u0117; 3 mm storio matomos galin\u0117s sienel\u0117s dalies apdaila: laminatas; nematomos galin\u0117s sienel\u0117s dalies apdaila: neapdorota; galin\u0117s sienos tvirtinimas: \u201eNuta\u201c; galin\u0117s sienel\u0117s spalva: juoda; lentyna: laminuota med\u017eio dro\u017eli\u0173 plok\u0161t\u0117; 16 mm; lentynos kra\u0161to apdaila: A 0,45 mm; klijuot\u0173 lentyn\u0173 kra\u0161t\u0173 skai\u010dius: 1; leistina lentynos apkrova: 5 kg; lentynos spalva: meni\u0161kas \u0105\u017euolas; lentyn\u0173 skai\u010dius: 1; priekis: MDF plok\u0161t\u0117; 16 mm; priekin\u0117s dalies spalva: meni\u0161kas \u0105\u017euolas; stal\u010diaus vidin\u0117 apdaila: balta juostel\u0117; stal\u010diaus dugnas: HDF plok\u0161t\u0117; 3 mm. Svarbu: Spintel\u0117 gaminama pagal individual\u0173 kliento u\u017esakym\u0105. U\u017esakymo at\u0161aukti negalima pra\u0117jus 48 valandoms nuo pateikimo. Pra\u0161ome apsipirkti atid\u017eiai.<\/p>","protected":false},"excerpt":{"rendered":"<p>Model: QA-04 Color: artisan oak \/ black Dimensions: Width: 155cm Height: 55cm Depth: 41cm Basic information: body name: QA-04 collection name: QUANT body index: QA4DAC colors: artisan oak \/ black furniture type: TV cabinet body characteristics: 1D1S width: 155 cm height: 55 cm depth: 41 cm body weight: 41 kg assembly: assembly required collection style: [&hellip;]<\/p>","protected":false},"featured_media":251008,"comment_status":"open","ping_status":"open","template":"","meta":[],"product_brand":[],"product_cat":[9252,2454,1175],"product_tag":[],"class_list":{"0":"post-251007","1":"product","2":"type-product","3":"status-publish","4":"has-post-thumbnail","6":"product_cat-furniture-system-quant-lenart","7":"product_cat-lenart","8":"product_cat-tv-stands","10":"first","11":"instock","12":"purchasable","13":"product-type-simple"},"_links":{"self":[{"href":"https:\/\/baldumarket.lt\/lt\/wp-json\/wp\/v2\/product\/251007","targetHints":{"allow":["GET"]}}],"collection":[{"href":"https:\/\/baldumarket.lt\/lt\/wp-json\/wp\/v2\/product"}],"about":[{"href":"https:\/\/baldumarket.lt\/lt\/wp-json\/wp\/v2\/types\/product"}],"replies":[{"embeddable":true,"href":"https:\/\/baldumarket.lt\/lt\/wp-json\/wp\/v2\/comments?post=251007"}],"wp:featuredmedia":[{"embeddable":true,"href":"https:\/\/baldumarket.lt\/lt\/wp-json\/wp\/v2\/media\/251008"}],"wp:attachment":[{"href":"https:\/\/baldumarket.lt\/lt\/wp-json\/wp\/v2\/media?parent=251007"}],"wp:term":[{"taxonomy":"product_brand","embeddable":true,"href":"https:\/\/baldumarket.lt\/lt\/wp-json\/wp\/v2\/product_brand?post=251007"},{"taxonomy":"product_cat","embeddable":true,"href":"https:\/\/baldumarket.lt\/lt\/wp-json\/wp\/v2\/product_cat?post=251007"},{"taxonomy":"product_tag","embeddable":true,"href":"https:\/\/baldumarket.lt\/lt\/wp-json\/wp\/v2\/product_tag?post=251007"}],"curies":[{"name":"wp","href":"https:\/\/api.w.org\/{rel}","templated":true}]}}