{"id":250999,"date":"2026-01-10T18:11:26","date_gmt":"2026-01-10T15:11:26","guid":{"rendered":"https:\/\/baldumarket.lt\/product\/polka-quant-qa-05-dab-artisan-czarny\/"},"modified":"2026-02-11T18:31:56","modified_gmt":"2026-02-11T15:31:56","slug":"polka-quant-qa-05-dab-artisan-czarny","status":"publish","type":"product","link":"https:\/\/baldumarket.lt\/lt\/product\/polka-quant-qa-05-dab-artisan-czarny\/","title":{"rendered":"QUANT QA-05 Lentyna Artisan \u0105\u017euolo\/juodos spalvos"},"content":{"rendered":"<p>Modelis: QA-05 Spalva: artisan \u0105\u017euolas \/ juoda Matmenys: Plotis: 155 cm Auk\u0161tis: 25 cm Gylis: 26 cm Pagrindin\u0117 informacija: korpuso pavadinimas: QA-05 kolekcijos pavadinimas: QUANT korpuso indeksas: QA5DAC spalvos: artisan \u0105\u017euolas \/ juoda bald\u0173 tipas: spintel\u0117 Lentynos plotis: 155 cm Auk\u0161tis: 25 cm Gylis: 26 cm Korpuso svoris: 15 kg Surinkimas: reikalingas surinkimas Kolekcijos stilius: modernus interjeras 1 tipas: svetain\u0117 \u012eranga: 1x lentyna Furnit\u016bra: vyris: standartinis pasl\u0117ptas stal\u010dius B\u0117gelys: tvirtinamas apa\u010dioje B\u0117gelys P\u0117da \/ koja: slysta Su vinimis Ap\u0161vietimas komplekte: yra Ap\u0161vietimo tipas: LED juostel\u0117 Med\u017eiaga: galin\u0117 sienel\u0117: laminuota med\u017eio dro\u017eli\u0173 plok\u0161t\u0117; 16 mm matoma galin\u0117s sienos apdaila: laminatas, nematoma galin\u0117s sienos apdaila: neapdorota, galin\u0117s sienos spalva: juoda, lentyna: laminuota med\u017eio dro\u017eli\u0173 plok\u0161t\u0117; 16 mm lentynos kra\u0161to apdaila: A 0,45 mm, klijuot\u0173 lentynos kra\u0161t\u0173 skai\u010dius: 4, lentynos apkrova: 5 kg, lentynos spalva: artisan \u0105\u017euolas, lentyn\u0173 skai\u010dius: 1. Svarbu: \u0160i lentyna gaminama pagal individual\u0173 kliento u\u017esakym\u0105. At\u0161aukti u\u017esakym\u0105 negalima pra\u0117jus 48 valandoms nuo jo pateikimo. Pra\u0161ome apsipirkti atsargiai.<\/p>","protected":false},"excerpt":{"rendered":"<p>Modelis: QA-05 Spalva: \u0105\u017euolo imitacija \/ juoda Matmenys: Plotis: 155 cm Auk\u0161tis: 25 cm Gylis: 26 cm Pagrindin\u0117 informacija: korpuso pavadinimas: QA-05 kolekcijos pavadinimas: QUANT korpuso indeksas: QA5DAC spalvos: \u0105\u017euolo imitacija \/ juoda bald\u0173 tipas: spintel\u0117 Lentynos plotis: 155 cm Auk\u0161tis: 25 cm Gylis: 26 cm Korpuso svoris: 15 kg Surinkimas: reikalingas surinkimas kolekcijos stilius: modernus interjero tipas [\u2026]<\/p>","protected":false},"featured_media":251000,"comment_status":"open","ping_status":"open","template":"","meta":[],"product_brand":[],"product_cat":[9252,1174,2454],"product_tag":[],"class_list":{"0":"post-250999","1":"product","2":"type-product","3":"status-publish","4":"has-post-thumbnail","6":"product_cat-furniture-system-quant-lenart","7":"product_cat-hanging-shelves","8":"product_cat-lenart","10":"first","11":"instock","12":"purchasable","13":"product-type-simple"},"_links":{"self":[{"href":"https:\/\/baldumarket.lt\/lt\/wp-json\/wp\/v2\/product\/250999","targetHints":{"allow":["GET"]}}],"collection":[{"href":"https:\/\/baldumarket.lt\/lt\/wp-json\/wp\/v2\/product"}],"about":[{"href":"https:\/\/baldumarket.lt\/lt\/wp-json\/wp\/v2\/types\/product"}],"replies":[{"embeddable":true,"href":"https:\/\/baldumarket.lt\/lt\/wp-json\/wp\/v2\/comments?post=250999"}],"wp:featuredmedia":[{"embeddable":true,"href":"https:\/\/baldumarket.lt\/lt\/wp-json\/wp\/v2\/media\/251000"}],"wp:attachment":[{"href":"https:\/\/baldumarket.lt\/lt\/wp-json\/wp\/v2\/media?parent=250999"}],"wp:term":[{"taxonomy":"product_brand","embeddable":true,"href":"https:\/\/baldumarket.lt\/lt\/wp-json\/wp\/v2\/product_brand?post=250999"},{"taxonomy":"product_cat","embeddable":true,"href":"https:\/\/baldumarket.lt\/lt\/wp-json\/wp\/v2\/product_cat?post=250999"},{"taxonomy":"product_tag","embeddable":true,"href":"https:\/\/baldumarket.lt\/lt\/wp-json\/wp\/v2\/product_tag?post=250999"}],"curies":[{"name":"wp","href":"https:\/\/api.w.org\/{rel}","templated":true}]}}