{"id":250991,"date":"2026-01-10T18:11:22","date_gmt":"2026-01-10T15:11:22","guid":{"rendered":"https:\/\/baldumarket.lt\/product\/witryna-quant-qa-06-dab-artisan-czarny\/"},"modified":"2026-02-11T18:31:56","modified_gmt":"2026-02-11T15:31:56","slug":"witryna-quant-qa-06-dab-artisan-czarny","status":"publish","type":"product","link":"https:\/\/baldumarket.lt\/lt\/product\/witryna-quant-qa-06-dab-artisan-czarny\/","title":{"rendered":"QUANT QA-06 vitrina, Artisan \u0105\u017euolas\/juoda"},"content":{"rendered":"<p>Modelis: QA-06 Spalva: artisan \u0105\u017euolas \/ juoda Matmenys: Plotis: 110 cm Auk\u0161tis: 140 cm Gylis: 41 cm Pagrindin\u0117 informacija: korpuso pavadinimas: QA-06 kolekcijos pavadinimas: QUANT korpuso indeksas: Q6DAC spalvos: artisan \u0105\u017euolas \/ juoda bald\u0173 tipas: vitrina korpuso charakteristikos: 1D1W plotis: 110 cm auk\u0161tis: 140 cm gylis: 41 cm korpuso svoris: 69 kg surinkimas: reikalingas surinkimas kolekcijos stilius: modernus interjero tipas 1: svetain\u0117 \u012franga: 6x lentynos dureli\u0173 skai\u010dius: 2 furnit\u016bra: vyris: standartinis pasl\u0117ptas koja \/ koja: slystantis su vinimi ap\u0161vietimas \u012ftrauktas: yra ap\u0161vietimo tipas: LED juostel\u0117 Med\u017eiaga: korpusas: laminuota med\u017eio dro\u017eli\u0173 plok\u0161t\u0117: 16 mm; 22 mm korpuso kra\u0161to apdaila: A 0,45 mm korpuso spalva: juoda \/ artisan \u0105\u017euolas vir\u0161us: laminuota med\u017eio dro\u017eli\u0173 plok\u0161t\u0117; 22 mm vir\u0161utin\u0117s kra\u0161to apdaila: A 0,45 mm klijuot\u0173 vir\u0161utini\u0173 kra\u0161t\u0173 skai\u010dius: 4 vir\u0161utin\u0117s spalvos: artisan \u0105\u017euolas galin\u0117 sienel\u0117: HDF plok\u0161t\u0117; 3 mm storio matomos galin\u0117s sienel\u0117s dalies apdaila: laminatas; nematomos galin\u0117s sienel\u0117s dalies apdaila: laminatas; galin\u0117s sienel\u0117s tvirtinimas: \u201eNuta\u201c; galin\u0117s sienel\u0117s spalva: juoda; lentyna: laminuota med\u017eio dro\u017eli\u0173 plok\u0161t\u0117; 16 mm lentynos kra\u0161to apdaila: A 0,45 mm; klijuot\u0173 lentyn\u0173 kra\u0161t\u0173 skai\u010dius: 1; leistina lentynos apkrova: 5 kg; lentynos spalva: meni\u0161kas \u0105\u017euolas; lentyn\u0173 skai\u010dius: 3; stiklin\u0117 lentyna: gr\u016bdintas stiklas; 4 mm storio stiklin\u0117 lentyna; \u201eAntisol\u201c leistina stiklin\u0117s lentynos apkrova: 3 kg; stiklini\u0173 lentyn\u0173 skai\u010dius: 1; priekis: laminuota med\u017eio dro\u017eli\u0173 plok\u0161t\u0117; 16 mm storio, 16 mm MDF plok\u0161t\u0117, priekinio kra\u0161to apdaila: A 0,45 mm, priekin\u0117s dalies spalva: meni\u0161kas \u0105\u017euolas; glaz\u016bruotas priekis: gr\u016bdintas stiklas; 3 mm storio glaz\u016bruoto priekio spalva: balta. Svarbu: \u0161i vitrina gaminama pagal u\u017esakym\u0105. U\u017esakymo at\u0161aukti negalima pra\u0117jus 48 valandoms nuo u\u017esakymo pateikimo. Pra\u0161ome apsipirkti atsargiai.<\/p>","protected":false},"excerpt":{"rendered":"<p>Modelis: QA-06 Spalva: \u0105\u017euolo imitacija \/ juoda Matmenys: Plotis: 110 cm Auk\u0161tis: 140 cm Gylis: 41 cm Pagrindin\u0117 informacija: korpuso pavadinimas: QA-06 kolekcijos pavadinimas: QUANT korpuso indeksas: Q6DAC spalvos: \u0105\u017euolo imitacija \/ juoda bald\u0173 tipas: vitrina korpuso charakteristikos: 1D1W plotis: 110 cm auk\u0161tis: 140 cm gylis: 41 cm korpuso svoris: 69 kg surinkimas: [\u2026]<\/p>","protected":false},"featured_media":250992,"comment_status":"open","ping_status":"open","template":"","meta":[],"product_brand":[],"product_cat":[9252,2454,2006],"product_tag":[],"class_list":{"0":"post-250991","1":"product","2":"type-product","3":"status-publish","4":"has-post-thumbnail","6":"product_cat-furniture-system-quant-lenart","7":"product_cat-lenart","8":"product_cat-vitrines","10":"first","11":"instock","12":"purchasable","13":"product-type-simple"},"_links":{"self":[{"href":"https:\/\/baldumarket.lt\/lt\/wp-json\/wp\/v2\/product\/250991","targetHints":{"allow":["GET"]}}],"collection":[{"href":"https:\/\/baldumarket.lt\/lt\/wp-json\/wp\/v2\/product"}],"about":[{"href":"https:\/\/baldumarket.lt\/lt\/wp-json\/wp\/v2\/types\/product"}],"replies":[{"embeddable":true,"href":"https:\/\/baldumarket.lt\/lt\/wp-json\/wp\/v2\/comments?post=250991"}],"wp:featuredmedia":[{"embeddable":true,"href":"https:\/\/baldumarket.lt\/lt\/wp-json\/wp\/v2\/media\/250992"}],"wp:attachment":[{"href":"https:\/\/baldumarket.lt\/lt\/wp-json\/wp\/v2\/media?parent=250991"}],"wp:term":[{"taxonomy":"product_brand","embeddable":true,"href":"https:\/\/baldumarket.lt\/lt\/wp-json\/wp\/v2\/product_brand?post=250991"},{"taxonomy":"product_cat","embeddable":true,"href":"https:\/\/baldumarket.lt\/lt\/wp-json\/wp\/v2\/product_cat?post=250991"},{"taxonomy":"product_tag","embeddable":true,"href":"https:\/\/baldumarket.lt\/lt\/wp-json\/wp\/v2\/product_tag?post=250991"}],"curies":[{"name":"wp","href":"https:\/\/api.w.org\/{rel}","templated":true}]}}