{"id":250983,"date":"2026-01-10T18:11:19","date_gmt":"2026-01-10T15:11:19","guid":{"rendered":"https:\/\/baldumarket.lt\/product\/szafka-quant-qa-07-dab-artisan-czarny\/"},"modified":"2026-02-11T18:31:56","modified_gmt":"2026-02-11T15:31:56","slug":"szafka-quant-qa-07-dab-artisan-czarny","status":"publish","type":"product","link":"https:\/\/baldumarket.lt\/lt\/product\/szafka-quant-qa-07-dab-artisan-czarny\/","title":{"rendered":"QUANT QA-07 spintel\u0117, \u0105\u017euolo dirbiniai \/ juoda"},"content":{"rendered":"<p>Modelis: QA-07 Spalva: artisan \u0105\u017euolas \/ juoda Matmenys: Plotis: 60 cm Auk\u0161tis: 140 cm Gylis: 41 cm Pagrindin\u0117 informacija: korpuso pavadinimas: QA-07 kolekcijos pavadinimas: QUANT korpuso indeksas: Q7DAC spalvos: artisan \u0105\u017euolas \/ juoda bald\u0173 tipas: spintel\u0117 korpuso charakteristikos: 1D plotis: 60 cm auk\u0161tis: 140 cm gylis: 41 cm korpuso svoris: 38 kg surinkimas: reikalingas surinkimas kolekcijos stilius: modernus interjero tipas 1: svetain\u0117 \u012franga: 3x lentynos dureli\u0173 skai\u010dius: 1 furnit\u016bra: vyris: standartinis pasl\u0117ptas koja \/ koja: slystantis su vinimi ap\u0161vietimas \u012ftrauktas: yra ap\u0161vietimo tipas: LED juostel\u0117 Med\u017eiaga: korpusas: laminuota med\u017eio dro\u017eli\u0173 plok\u0161t\u0117: 16 mm; 22 mm korpuso kra\u0161to apdaila: A 0,45 mm korpuso spalva: juoda \/ artisan \u0105\u017euolas vir\u0161us: laminuota med\u017eio dro\u017eli\u0173 plok\u0161t\u0117; 22 mm vir\u0161utin\u0117s kra\u0161to apdaila: A 0,45 mm klijuot\u0173 vir\u0161utini\u0173 kra\u0161t\u0173 skai\u010dius: 4 vir\u0161utin\u0117s spalvos: artisan \u0105\u017euolas galin\u0117 sienel\u0117: HDF plok\u0161t\u0117; 3 mm storio matomos galin\u0117s sienel\u0117s dalies apdaila: laminatas; nematomos galin\u0117s sienel\u0117s dalies apdaila: neapdorota; galin\u0117s sienos tvirtinimas: \u201eNuta\u201c; galin\u0117s sienel\u0117s spalva: juoda; lentyna: laminuota med\u017eio dro\u017eli\u0173 plok\u0161t\u0117; 16 mm; lentynos kra\u0161to apdaila: A 0,45 mm; klijuot\u0173 lentyn\u0173 kra\u0161t\u0173 skai\u010dius: 1; leistina lentynos apkrova: 5 kg; lentynos spalva: meni\u0161kas \u0105\u017euolas; lentyn\u0173 skai\u010dius: 2; priekis: laminuota med\u017eio dro\u017eli\u0173 plok\u0161t\u0117; 16 mm, 16 mm MDF plok\u0161t\u0117; priekin\u0117 spalva: meni\u0161kas \u0105\u017euolas. Svarbu: Spintel\u0117 gaminama pagal individual\u0173 kliento u\u017esakym\u0105. U\u017esakymo at\u0161aukti negalima pra\u0117jus 48 valandoms nuo u\u017esakymo pateikimo. Pra\u0161ome apsipirkti atid\u017eiai.<\/p>","protected":false},"excerpt":{"rendered":"<p>Modelis: QA-07 Spalva: \u0105\u017euolo imitacija \/ juoda Matmenys: Plotis: 60 cm Auk\u0161tis: 140 cm Gylis: 41 cm Pagrindin\u0117 informacija: korpuso pavadinimas: QA-07 kolekcijos pavadinimas: QUANT korpuso indeksas: Q7DAC spalvos: \u0105\u017euolo imitacija \/ juoda bald\u0173 tipas: spintel\u0117 korpuso charakteristikos: 1D plotis: 60 cm auk\u0161tis: 140 cm gylis: 41 cm korpuso svoris: 38 kg surinkimas: reikia [\u2026]<\/p>","protected":false},"featured_media":250984,"comment_status":"open","ping_status":"open","template":"","meta":[],"product_brand":[],"product_cat":[9252,2454,1177],"product_tag":[],"class_list":{"0":"post-250983","1":"product","2":"type-product","3":"status-publish","4":"has-post-thumbnail","6":"product_cat-furniture-system-quant-lenart","7":"product_cat-lenart","8":"product_cat-wardrobes","10":"first","11":"instock","12":"purchasable","13":"product-type-simple"},"_links":{"self":[{"href":"https:\/\/baldumarket.lt\/lt\/wp-json\/wp\/v2\/product\/250983","targetHints":{"allow":["GET"]}}],"collection":[{"href":"https:\/\/baldumarket.lt\/lt\/wp-json\/wp\/v2\/product"}],"about":[{"href":"https:\/\/baldumarket.lt\/lt\/wp-json\/wp\/v2\/types\/product"}],"replies":[{"embeddable":true,"href":"https:\/\/baldumarket.lt\/lt\/wp-json\/wp\/v2\/comments?post=250983"}],"wp:featuredmedia":[{"embeddable":true,"href":"https:\/\/baldumarket.lt\/lt\/wp-json\/wp\/v2\/media\/250984"}],"wp:attachment":[{"href":"https:\/\/baldumarket.lt\/lt\/wp-json\/wp\/v2\/media?parent=250983"}],"wp:term":[{"taxonomy":"product_brand","embeddable":true,"href":"https:\/\/baldumarket.lt\/lt\/wp-json\/wp\/v2\/product_brand?post=250983"},{"taxonomy":"product_cat","embeddable":true,"href":"https:\/\/baldumarket.lt\/lt\/wp-json\/wp\/v2\/product_cat?post=250983"},{"taxonomy":"product_tag","embeddable":true,"href":"https:\/\/baldumarket.lt\/lt\/wp-json\/wp\/v2\/product_tag?post=250983"}],"curies":[{"name":"wp","href":"https:\/\/api.w.org\/{rel}","templated":true}]}}