{"id":250975,"date":"2026-01-10T18:11:15","date_gmt":"2026-01-10T15:11:15","guid":{"rendered":"https:\/\/baldumarket.lt\/product\/stolik-kawowy-quant-qa-09-dab-artisan-czarny\/"},"modified":"2026-02-11T18:31:57","modified_gmt":"2026-02-11T15:31:57","slug":"stolik-kawowy-quant-qa-09-dab-artisan-czarny","status":"publish","type":"product","link":"https:\/\/baldumarket.lt\/lt\/product\/stolik-kawowy-quant-qa-09-dab-artisan-czarny\/","title":{"rendered":"QUANT QA-09 kavos staliukas, \u0105\u017euolo imitacija \/ juodas"},"content":{"rendered":"<p>Modelis: QA-09 Spalva: meni\u0161kas \u0105\u017euolas \/ juoda Matmenys: Plotis: 100 cm Auk\u0161tis: 55 cm Gylis: 70 cm Pagrindin\u0117 informacija: korpuso pavadinimas: QA-09 kolekcijos pavadinimas: QUANT korpuso indeksas: QA9DAC spalvos: meni\u0161kas \u0105\u017euolas \/ juoda bald\u0173 tipas: kavos staliukas korpuso charakteristikos: 2S plotis: 100 cm auk\u0161tis: 55 cm gylis: 70 cm korpuso svoris: 31 kg surinkimas: reikalingas surinkimas kolekcijos stilius: modernus interjero tipas 1: svetain\u0117 \u012franga: 1x lentyna stal\u010di\u0173 skai\u010dius: 2 furnit\u016bra: stal\u010diaus kreipian\u010dioji: apatin\u0117 tvirtinimo kreipian\u010dioji p\u0117da \/ koja: b\u0117gelis su vinimi Med\u017eiaga: priekis: 16 mm MDF plok\u0161t\u0117 priekin\u0117s dalies spalva: meni\u0161kas \u0105\u017euolas stal\u010diaus vidaus apdaila: balta juostel\u0117 stal\u010diaus dugnas: HDF plok\u0161t\u0117; 3 mm i\u0161traukiamas stalvir\u0161is: ne sta\u010diakampis. Svarbu: \u0161is stalas gaminamas pagal u\u017esakym\u0105. At\u0161aukti u\u017esakym\u0105 negalima pra\u0117jus 48 valandoms nuo u\u017esakymo pateikimo. Pra\u0161ome apsipirkti atid\u017eiai.<\/p>","protected":false},"excerpt":{"rendered":"<p>Modelis: QA-09 Spalva: \u0105\u017euolo imitacija \/ juoda Matmenys: Plotis: 100 cm Auk\u0161tis: 55 cm Gylis: 70 cm Pagrindin\u0117 informacija: korpuso pavadinimas: QA-09 kolekcijos pavadinimas: QUANT korpuso indeksas: QA9DAC spalvos: \u0105\u017euolo imitacija \/ juoda bald\u0173 tipas: kavos staliukas korpuso charakteristikos: 2S plotis: 100 cm auk\u0161tis: 55 cm gylis: 70 cm korpuso svoris: 31 kg surinkimas: reikalingas surinkimas [\u2026]<\/p>","protected":false},"featured_media":250976,"comment_status":"open","ping_status":"open","template":"","meta":[],"product_brand":[],"product_cat":[9252,866,2454],"product_tag":[],"class_list":{"0":"post-250975","1":"product","2":"type-product","3":"status-publish","4":"has-post-thumbnail","6":"product_cat-furniture-system-quant-lenart","7":"product_cat-coffee-tables","8":"product_cat-lenart","10":"first","11":"instock","12":"purchasable","13":"product-type-simple"},"_links":{"self":[{"href":"https:\/\/baldumarket.lt\/lt\/wp-json\/wp\/v2\/product\/250975","targetHints":{"allow":["GET"]}}],"collection":[{"href":"https:\/\/baldumarket.lt\/lt\/wp-json\/wp\/v2\/product"}],"about":[{"href":"https:\/\/baldumarket.lt\/lt\/wp-json\/wp\/v2\/types\/product"}],"replies":[{"embeddable":true,"href":"https:\/\/baldumarket.lt\/lt\/wp-json\/wp\/v2\/comments?post=250975"}],"wp:featuredmedia":[{"embeddable":true,"href":"https:\/\/baldumarket.lt\/lt\/wp-json\/wp\/v2\/media\/250976"}],"wp:attachment":[{"href":"https:\/\/baldumarket.lt\/lt\/wp-json\/wp\/v2\/media?parent=250975"}],"wp:term":[{"taxonomy":"product_brand","embeddable":true,"href":"https:\/\/baldumarket.lt\/lt\/wp-json\/wp\/v2\/product_brand?post=250975"},{"taxonomy":"product_cat","embeddable":true,"href":"https:\/\/baldumarket.lt\/lt\/wp-json\/wp\/v2\/product_cat?post=250975"},{"taxonomy":"product_tag","embeddable":true,"href":"https:\/\/baldumarket.lt\/lt\/wp-json\/wp\/v2\/product_tag?post=250975"}],"curies":[{"name":"wp","href":"https:\/\/api.w.org\/{rel}","templated":true}]}}