{"id":250967,"date":"2026-01-10T18:11:12","date_gmt":"2026-01-10T15:11:12","guid":{"rendered":"https:\/\/baldumarket.lt\/product\/stol-quant-qa-10-dab-artisan-czarny\/"},"modified":"2026-02-11T18:31:57","modified_gmt":"2026-02-11T15:31:57","slug":"stol-quant-qa-10-dab-artisan-czarny","status":"publish","type":"product","link":"https:\/\/baldumarket.lt\/lt\/product\/stol-quant-qa-10-dab-artisan-czarny\/","title":{"rendered":"QUANT QA-10 stalas, \u0105\u017euolo\/juodos spalvos, meni\u0161kas"},"content":{"rendered":"<p>Modelis: QA-10 Spalva: Artisan Oak \/ Black Matmenys: Plotis: 146 cm Auk\u0161tis: 80 cm Gylis: 84 cm Pagrindin\u0117 informacija: Formos pavadinimas: QA-10 Kolekcijos pavadinimas: QUANT Formos indeksas: QA10DAC Spalva: Artisan Oak \/ Black Baldo tipas: Stalas Plotis: 146 cm Auk\u0161tis: 80 cm Gylis: 84 cm Formos svoris: 46 kg Papildomas matmuo 1: 186 Surinkimas: Reikalingas surinkimas Kolekcijos stilius: Modernus 1 interjero tipas: Svetain\u0117 Furnit\u016bra: Kojel\u0117: Slankiojanti su vinimi Dizainas: I\u0161traukiamas stalvir\u0161is: Taip Matmenys po i\u0161pl\u0117timo: 186 cm Stalvir\u0161io forma: Sta\u010diakamp\u0117 \u012ed\u0117kl\u0173 skai\u010dius ir matmenys: 1; 40\/84 cm Stalo takelis: Metalinis Svarbu: \u0160is stalas gaminamas pagal u\u017esakym\u0105. At\u0161aukti u\u017esakym\u0105 negalima pra\u0117jus 48 valandoms nuo u\u017esakymo pateikimo. Pra\u0161ome apsipirkti atid\u017eiai.<\/p>","protected":false},"excerpt":{"rendered":"<p>Model: QA-10 Color: Artisan Oak \/ Black Dimensions: Width: 146cm Height: 80cm Depth: 84cm Basic information: Shape name: QA-10 Collection name: QUANT Shape index: QA10DAC Color: Artisan Oak \/ Black Furniture type: Table Width: 146 cm Height: 80 cm Depth: 84 cm Shape weight: 46 kg Additional dimension 1: 186 Assembly: Requires assembly Collection style: [&hellip;]<\/p>","protected":false},"featured_media":250968,"comment_status":"open","ping_status":"open","template":"","meta":[],"product_brand":[],"product_cat":[9252,2454,1934],"product_tag":[],"class_list":{"0":"post-250967","1":"product","2":"type-product","3":"status-publish","4":"has-post-thumbnail","6":"product_cat-furniture-system-quant-lenart","7":"product_cat-lenart","8":"product_cat-tables","10":"first","11":"instock","12":"purchasable","13":"product-type-simple"},"_links":{"self":[{"href":"https:\/\/baldumarket.lt\/lt\/wp-json\/wp\/v2\/product\/250967","targetHints":{"allow":["GET"]}}],"collection":[{"href":"https:\/\/baldumarket.lt\/lt\/wp-json\/wp\/v2\/product"}],"about":[{"href":"https:\/\/baldumarket.lt\/lt\/wp-json\/wp\/v2\/types\/product"}],"replies":[{"embeddable":true,"href":"https:\/\/baldumarket.lt\/lt\/wp-json\/wp\/v2\/comments?post=250967"}],"wp:featuredmedia":[{"embeddable":true,"href":"https:\/\/baldumarket.lt\/lt\/wp-json\/wp\/v2\/media\/250968"}],"wp:attachment":[{"href":"https:\/\/baldumarket.lt\/lt\/wp-json\/wp\/v2\/media?parent=250967"}],"wp:term":[{"taxonomy":"product_brand","embeddable":true,"href":"https:\/\/baldumarket.lt\/lt\/wp-json\/wp\/v2\/product_brand?post=250967"},{"taxonomy":"product_cat","embeddable":true,"href":"https:\/\/baldumarket.lt\/lt\/wp-json\/wp\/v2\/product_cat?post=250967"},{"taxonomy":"product_tag","embeddable":true,"href":"https:\/\/baldumarket.lt\/lt\/wp-json\/wp\/v2\/product_tag?post=250967"}],"curies":[{"name":"wp","href":"https:\/\/api.w.org\/{rel}","templated":true}]}}