{"id":250943,"date":"2026-01-10T18:11:02","date_gmt":"2026-01-10T15:11:02","guid":{"rendered":"https:\/\/baldumarket.lt\/product\/regal-qubic-qb-06-dab-artisan-silk-flu-raw-steel\/"},"modified":"2026-02-11T18:31:57","modified_gmt":"2026-02-11T15:31:57","slug":"regal-qubic-qb-06-dab-artisan-silk-flu-raw-steel","status":"publish","type":"product","link":"https:\/\/baldumarket.lt\/lt\/produktas\/regal-qubic-qb-06-dab-artisan-silk-flu-raw-steel\/","title":{"rendered":"QUBIC QB-06 knyg\u0173 lentyna, \u0105\u017euolo dirbiniai\/gelsvai ruda\/neapdorotas plienas"},"content":{"rendered":"<p>Modelis: QB-06 Spalva: artisan \u0105\u017euolas \/ \u0161ilko pilka \/ neapdorotas plienas Matmenys: Plotis: 90 cm Auk\u0161tis: 138 cm Gylis: 42 cm Pagrindin\u0117 informacija: korpuso pavadinimas: QB-06 kolekcijos pavadinimas: QUBIC korpuso indeksas: QB6DAR spalvos: artisan \u0105\u017euolas \/ \u0161ilko pilka \/ neapdorotas plienas bald\u0173 tipas: knyg\u0173 lentyna korpuso charakteristikos: 2S plotis: 90 cm auk\u0161tis: 138 cm gylis: 42 cm korpuso svoris: 51 kg surinkimas: reikalingas surinkimas kolekcijos stilius: modernus interjero tipas 1: jaunimo kambarys \u012franga: 6x lentynos dureli\u0173 skai\u010dius: 2 furnit\u016bra: vyris: pasl\u0117ptas \u012fprastas rankena: metalinis stal\u010diaus b\u0117gelis: rutulinis guolis b\u0117gelis p\u0117del\u0117 \/ koja: slystantis su vinimis \u012ftrauktas ap\u0161vietimas: yra ap\u0161vietimo tipas: LED juostel\u0117 Med\u017eiaga: korpusas: laminuota med\u017eio dro\u017eli\u0173 plok\u0161t\u0117; 16 mm; 22 mm korpuso kra\u0161t\u0173 apdaila: A 0,45 mm; S 1,70 mm korpuso spalva: artisan \u0105\u017euolas \/ neapdorotas plienas vir\u0161us: laminuota med\u017eio dro\u017eli\u0173 plok\u0161t\u0117; 16 mm vir\u0161utin\u0117s briaunos apdaila: S 1,70 mm klijuot\u0173 vir\u0161utini\u0173 briaun\u0173 skai\u010dius: 4 vir\u0161utin\u0117 spalva: artisti\u0161kas \u0105\u017euolas galin\u0117 sienel\u0117: HDF plok\u0161t\u0117; 3 mm matomos galin\u0117s sienel\u0117s dalies apdaila: laminatas nematomos galin\u0117s sienel\u0117s dalies apdaila: laminatas galin\u0117s sienos tvirtinimas: \u201eNuta\u201c galin\u0117s sienel\u0117s spalva: artisti\u0161kas \u0105\u017euolas lentyna: laminuota med\u017eio dro\u017eli\u0173 plok\u0161t\u0117; 16 mm lentynos kra\u0161to apdaila: A 0,45 mm klijuot\u0173 lentynos kra\u0161t\u0173 skai\u010dius: 1 leistina lentynos apkrova: 5 kg lentynos spalva: artisti\u0161kas \u0105\u017euolas lentyn\u0173 skai\u010dius: 3 priekin\u0117 dalis: laminuota med\u017eio dro\u017eli\u0173 plok\u0161t\u0117; 16 mm priekinio kra\u0161to apdaila: S 1,70 mm priekin\u0117s dalies spalva: artisti\u0161kas \u0105\u017euolas \/ neapdorotas plienas stal\u010diaus vidin\u0117 apdaila: balta juostel\u0117 stal\u010diaus dugnas: 3 mm HDF plok\u0161t\u0117 Svarbu: \u0161i lentyna gaminama pagal u\u017esakym\u0105. U\u017esakymo at\u0161aukti negalima pra\u0117jus 48 valandoms nuo u\u017esakymo pateikimo. Pra\u0161ome apsipirkti atid\u017eiai.<\/p>","protected":false},"excerpt":{"rendered":"<p>Modelis: QB-06 Spalva: dirbtinio \u0105\u017euolo \/ \u0161ilko pilkumo \/ neapdoroto plieno Matmenys: Plotis: 90 cm Auk\u0161tis: 138 cm Gylis: 42 cm Pagrindin\u0117 informacija: korpuso pavadinimas: QB-06 kolekcijos pavadinimas: QUBIC korpuso indeksas: QB6DAR spalvos: dirbtinio \u0105\u017euolo \/ \u0161ilko pilkumo \/ neapdoroto plieno bald\u0173 tipas: knyg\u0173 lentyna korpuso charakteristikos: 2S plotis: 90 cm auk\u0161tis: 138 cm gylis: 42 cm korpuso svoris: [\u2026]<\/p>","protected":false},"featured_media":250944,"comment_status":"open","ping_status":"open","template":"","meta":[],"product_brand":[],"product_cat":[9261,2454,1987],"product_tag":[],"class_list":{"0":"post-250943","1":"product","2":"type-product","3":"status-publish","4":"has-post-thumbnail","6":"product_cat-furniture-system-qubic-lenart","7":"product_cat-lenart","8":"product_cat-shelving-units","10":"first","11":"instock","12":"purchasable","13":"product-type-simple"},"_links":{"self":[{"href":"https:\/\/baldumarket.lt\/lt\/wp-json\/wp\/v2\/product\/250943","targetHints":{"allow":["GET"]}}],"collection":[{"href":"https:\/\/baldumarket.lt\/lt\/wp-json\/wp\/v2\/product"}],"about":[{"href":"https:\/\/baldumarket.lt\/lt\/wp-json\/wp\/v2\/types\/product"}],"replies":[{"embeddable":true,"href":"https:\/\/baldumarket.lt\/lt\/wp-json\/wp\/v2\/comments?post=250943"}],"wp:featuredmedia":[{"embeddable":true,"href":"https:\/\/baldumarket.lt\/lt\/wp-json\/wp\/v2\/media\/250944"}],"wp:attachment":[{"href":"https:\/\/baldumarket.lt\/lt\/wp-json\/wp\/v2\/media?parent=250943"}],"wp:term":[{"taxonomy":"product_brand","embeddable":true,"href":"https:\/\/baldumarket.lt\/lt\/wp-json\/wp\/v2\/product_brand?post=250943"},{"taxonomy":"product_cat","embeddable":true,"href":"https:\/\/baldumarket.lt\/lt\/wp-json\/wp\/v2\/product_cat?post=250943"},{"taxonomy":"product_tag","embeddable":true,"href":"https:\/\/baldumarket.lt\/lt\/wp-json\/wp\/v2\/product_tag?post=250943"}],"curies":[{"name":"wp","href":"https:\/\/api.w.org\/{rel}","templated":true}]}}