{"id":250935,"date":"2026-01-10T18:11:00","date_gmt":"2026-01-10T15:11:00","guid":{"rendered":"https:\/\/baldumarket.lt\/product\/biurko-qubic-qb-08-dab-artisan-silk-flu-raw-steel\/"},"modified":"2026-02-11T18:31:57","modified_gmt":"2026-02-11T15:31:57","slug":"biurko-qubic-qb-08-dab-artisan-silk-flu-raw-steel","status":"publish","type":"product","link":"https:\/\/baldumarket.lt\/lt\/produktas\/biurko-qubic-qb-08-dab-artisan-silk-flu-raw-steel\/","title":{"rendered":"QUBIC QB-08 ra\u0161omasis stalas, \u0105\u017euolo\/\u0161ilko spalvos, grietin\u0117l\u0117s spalvos\/neapdoroto plieno"},"content":{"rendered":"<p>Modelis: QB-08 Spalva: artisan \u0105\u017euolas \/ \u0161ilko pilka \/ neapdorotas plienas Matmenys: Plotis: 120 cm Auk\u0161tis: 82 cm Gylis: 53 cm Pagrindin\u0117 informacija: korpuso pavadinimas: QB-08 kolekcijos pavadinimas: QUBIC korpuso indeksas: QB8DAR spalvos: artisan \u0105\u017euolas \/ \u0161ilko pilka \/ neapdorotas plienas Baldo tipas: ra\u0161omasis stalas Korpuso charakteristikos: 1D2S Plotis: 120 cm Auk\u0161tis: 82 cm Gylis: 53 cm Korpuso svoris: 42 kg Surinkimas: reikalingas surinkimas Kolekcijos stilius: modernus interjeras 1 tipas: jaunimo kambarys \u012eranga: 1x lentyna Stal\u010di\u0173 skai\u010dius: 3 Dureli\u0173 skai\u010dius: 1 Furnit\u016bra: Vyris: pasl\u0117ptas \u012fprastas Rankena: metalinis Stal\u010diaus b\u0117gelis: rutulinis guolis P\u0117da \/ koja: slystantis su vinimis Ap\u0161vietimas komplekte: yra Ap\u0161vietimo tipas: LED juostel\u0117 Med\u017eiaga: korpusas: laminuota med\u017eio dro\u017eli\u0173 plok\u0161t\u0117; 16 mm; 22 mm Korpuso kra\u0161t\u0173 apdaila: A 0,45 mm; S 1,70 mm Korpuso spalva: artisan \u0105\u017euolas \/ neapdorotas plienas \/ \u0161ilko pilka Vir\u0161us: laminuota med\u017eio dro\u017eli\u0173 plok\u0161t\u0117; 16 mm vir\u0161utin\u0117s briaunos apdaila: S 1,70 mm klijuot\u0173 vir\u0161utini\u0173 briaun\u0173 skai\u010dius: 4 vir\u0161utin\u0117 spalva: artisti\u0161kas \u0105\u017euolas galin\u0117 sienel\u0117: HDF plok\u0161t\u0117; 3 mm matomos galin\u0117s sienel\u0117s dalies apdaila: laminatas nematomos galin\u0117s sienel\u0117s dalies apdaila: neapdorota galin\u0117s sienos tvirtinimas: \u201enuta\u201c galin\u0117s sienel\u0117s spalva: artisti\u0161kas \u0105\u017euolas lentyna: laminuota med\u017eio dro\u017eli\u0173 plok\u0161t\u0117; 16 mm lentynos kra\u0161to apdaila: A 0,45 mm klijuot\u0173 lentynos kra\u0161t\u0173 skai\u010dius: 1 leistina lentynos apkrova: 5 kg lentynos spalva: artisti\u0161kas \u0105\u017euolas lentyn\u0173 skai\u010dius: 1 priekin\u0117 dalis: laminuota med\u017eio dro\u017eli\u0173 plok\u0161t\u0117; 16 mm priekinio kra\u0161to apdaila: S 1,70 mm priekin\u0117s dalies spalva: artisti\u0161kas \u0105\u017euolas \/ \u0161ilko danga stal\u010diaus vidin\u0117 apdaila: balta juostel\u0117 stal\u010diaus dugnas: HDF plok\u0161t\u0117; 3 mm svarbu: \u0161is stalas gaminamas pagal u\u017esakym\u0105. U\u017esakymo at\u0161aukti negalima pra\u0117jus 48 valandoms nuo u\u017esakymo pateikimo. Pra\u0161ome apsipirkti atid\u017eiai.<\/p>","protected":false},"excerpt":{"rendered":"<p>Modelis: QB-08 Spalva: dirbtinis \u0105\u017euolas \/ \u0161ilko pilka \/ neapdorotas plienas Matmenys: Plotis: 120 cm Auk\u0161tis: 82 cm Gylis: 53 cm Pagrindin\u0117 informacija: korpuso pavadinimas: QB-08 kolekcijos pavadinimas: QUBIC korpuso indeksas: QB8DAR spalvos: dirbtinis \u0105\u017euolas \/ \u0161ilko pilka \/ neapdorotas plienas Baldo tipas: ra\u0161omasis stalas Korpuso charakteristikos: 1D2S Plotis: 120 cm Auk\u0161tis: 82 cm Gylis: 53 cm Korpuso svoris: [\u2026]<\/p>","protected":false},"featured_media":250936,"comment_status":"open","ping_status":"open","template":"","meta":[],"product_brand":[],"product_cat":[9261,1312,2454],"product_tag":[],"class_list":{"0":"post-250935","1":"product","2":"type-product","3":"status-publish","4":"has-post-thumbnail","6":"product_cat-furniture-system-qubic-lenart","7":"product_cat-desks","8":"product_cat-lenart","10":"first","11":"instock","12":"purchasable","13":"product-type-simple"},"_links":{"self":[{"href":"https:\/\/baldumarket.lt\/lt\/wp-json\/wp\/v2\/product\/250935","targetHints":{"allow":["GET"]}}],"collection":[{"href":"https:\/\/baldumarket.lt\/lt\/wp-json\/wp\/v2\/product"}],"about":[{"href":"https:\/\/baldumarket.lt\/lt\/wp-json\/wp\/v2\/types\/product"}],"replies":[{"embeddable":true,"href":"https:\/\/baldumarket.lt\/lt\/wp-json\/wp\/v2\/comments?post=250935"}],"wp:featuredmedia":[{"embeddable":true,"href":"https:\/\/baldumarket.lt\/lt\/wp-json\/wp\/v2\/media\/250936"}],"wp:attachment":[{"href":"https:\/\/baldumarket.lt\/lt\/wp-json\/wp\/v2\/media?parent=250935"}],"wp:term":[{"taxonomy":"product_brand","embeddable":true,"href":"https:\/\/baldumarket.lt\/lt\/wp-json\/wp\/v2\/product_brand?post=250935"},{"taxonomy":"product_cat","embeddable":true,"href":"https:\/\/baldumarket.lt\/lt\/wp-json\/wp\/v2\/product_cat?post=250935"},{"taxonomy":"product_tag","embeddable":true,"href":"https:\/\/baldumarket.lt\/lt\/wp-json\/wp\/v2\/product_tag?post=250935"}],"curies":[{"name":"wp","href":"https:\/\/api.w.org\/{rel}","templated":true}]}}