{"id":250927,"date":"2026-01-10T18:10:57","date_gmt":"2026-01-10T15:10:57","guid":{"rendered":"https:\/\/baldumarket.lt\/product\/stolik-nocny-qubic-qb-10-dab-artisan-silk-flu-raw-steel\/"},"modified":"2026-02-11T18:31:57","modified_gmt":"2026-02-11T15:31:57","slug":"stolik-nocny-qubic-qb-10-dab-artisan-silk-flu-raw-steel","status":"publish","type":"product","link":"https:\/\/baldumarket.lt\/lt\/produktas\/stolik-nocny-qubic-qb-10-dab-artisan-silk-flu-raw-steel\/","title":{"rendered":"QUBIC QB-10 naktinis staliukas | Amatininkas \u0105\u017euolas, \u0161ilkinis fluoras, neapdorotas plienas"},"content":{"rendered":"<p>Modelis: QB-10 Spalva: artisan \u0105\u017euolas \/ \u0161ilko pilka \/ neapdorotas plienas Matmenys: Plotis: 45 cm Auk\u0161tis: 47 cm Gylis: 42 cm Pagrindin\u0117 informacija: korpuso pavadinimas: QB-10 kolekcijos pavadinimas: QUBIC korpuso indeksas: QB10DAR spalvos: artisan \u0105\u017euolas \/ \u0161ilko pilka \/ neapdorotas plienas bald\u0173 tipas: naktinis staliukas korpuso charakteristikos: 1S plotis: 45 cm auk\u0161tis: 47 cm gylis: 42 cm korpuso svoris: 16 kg surinkimas: reikalingas surinkimas kolekcijos stilius: modernus interjero tipas 1: jaunimo kambarys stal\u010di\u0173 skai\u010dius: 1 furnit\u016bra: rankena: metalinis stal\u010diaus b\u0117gelis: rutulinis guolis b\u0117gelis p\u0117del\u0117 \/ koja: slystantis su vinimis ap\u0161vietimas: yra ap\u0161vietimo tipas: LED juostel\u0117 Med\u017eiaga: korpusas: laminuota med\u017eio dro\u017eli\u0173 plok\u0161t\u0117; 16 mm; 22 mm korpuso kra\u0161t\u0173 apdaila: A 0,45 mm; S 1,70 mm Korpuso spalva: Artisan \u0105\u017euolas \/ neapdorotas plienas Stalvir\u0161is: laminuota med\u017eio dro\u017eli\u0173 plok\u0161t\u0117; 16 mm Stalvir\u0161io kra\u0161to apdaila: S 1,70 mm Faneruot\u0173 stalvir\u0161io kra\u0161t\u0173 skai\u010dius: 4 Stalvir\u0161io spalva: \u201eArtisan Oak\u201c Galin\u0117 plok\u0161t\u0117: HDF plok\u0161t\u0117; 3 mm Matoma galin\u0117s plok\u0161t\u0117s apdaila: Laminatas Nematoma galin\u0117s plok\u0161t\u0117s apdaila: Neapdorota Galin\u0117s plok\u0161t\u0117s tvirtinimas: \u201eNuta\u201c Galin\u0117s plok\u0161t\u0117s spalva: \u201eArtisan Oak\u201c Priekis: Laminuota med\u017eio dro\u017eli\u0173 plok\u0161t\u0117; 16 mm Priekinio kra\u0161to apdaila: S 1,70 mm Priekin\u0117s dalies spalva: Neapdorotas plienas Stal\u010diaus vidin\u0117 apdaila: Balta juostel\u0117 Stal\u010diaus dugnas: HDF plok\u0161t\u0117; 3 mm Svarbu: \u0161is stalas gaminamas pagal u\u017esakym\u0105. U\u017esakymo at\u0161aukti negalima pra\u0117jus 48 valandoms nuo u\u017esakymo pateikimo. Pra\u0161ome apsipirkti atid\u017eiai.<\/p>","protected":false},"excerpt":{"rendered":"<p>Modelis: QB-10 Spalva: meni\u0161kas \u0105\u017euolas \/ \u0161ilko pilka \/ neapdorotas plienas Matmenys: Plotis: 45 cm Auk\u0161tis: 47 cm Gylis: 42 cm Pagrindin\u0117 informacija: korpuso pavadinimas: QB-10 kolekcijos pavadinimas: QUBIC korpuso indeksas: QB10DAR spalvos: meni\u0161kas \u0105\u017euolas \/ \u0161ilko pilka \/ neapdorotas plienas Baldo tipas: naktinis staliukas Korpuso charakteristikos: 1S Plotis: 45 cm Auk\u0161tis: 47 cm Gylis: 42 cm Korpusas [\u2026]<\/p>","protected":false},"featured_media":250928,"comment_status":"open","ping_status":"open","template":"","meta":[],"product_brand":[],"product_cat":[9261,1176,2454],"product_tag":[],"class_list":{"0":"post-250927","1":"product","2":"type-product","3":"status-publish","4":"has-post-thumbnail","6":"product_cat-furniture-system-qubic-lenart","7":"product_cat-bedside-tables","8":"product_cat-lenart","10":"first","11":"instock","12":"purchasable","13":"product-type-simple"},"_links":{"self":[{"href":"https:\/\/baldumarket.lt\/lt\/wp-json\/wp\/v2\/product\/250927","targetHints":{"allow":["GET"]}}],"collection":[{"href":"https:\/\/baldumarket.lt\/lt\/wp-json\/wp\/v2\/product"}],"about":[{"href":"https:\/\/baldumarket.lt\/lt\/wp-json\/wp\/v2\/types\/product"}],"replies":[{"embeddable":true,"href":"https:\/\/baldumarket.lt\/lt\/wp-json\/wp\/v2\/comments?post=250927"}],"wp:featuredmedia":[{"embeddable":true,"href":"https:\/\/baldumarket.lt\/lt\/wp-json\/wp\/v2\/media\/250928"}],"wp:attachment":[{"href":"https:\/\/baldumarket.lt\/lt\/wp-json\/wp\/v2\/media?parent=250927"}],"wp:term":[{"taxonomy":"product_brand","embeddable":true,"href":"https:\/\/baldumarket.lt\/lt\/wp-json\/wp\/v2\/product_brand?post=250927"},{"taxonomy":"product_cat","embeddable":true,"href":"https:\/\/baldumarket.lt\/lt\/wp-json\/wp\/v2\/product_cat?post=250927"},{"taxonomy":"product_tag","embeddable":true,"href":"https:\/\/baldumarket.lt\/lt\/wp-json\/wp\/v2\/product_tag?post=250927"}],"curies":[{"name":"wp","href":"https:\/\/api.w.org\/{rel}","templated":true}]}}