{"id":250919,"date":"2026-01-10T18:10:54","date_gmt":"2026-01-10T15:10:54","guid":{"rendered":"https:\/\/baldumarket.lt\/product\/biurko-story-so-03-bialy-dab-nash\/"},"modified":"2026-02-11T18:31:57","modified_gmt":"2026-02-11T15:31:57","slug":"biurko-story-so-03-bialy-dab-nash","status":"publish","type":"product","link":"https:\/\/baldumarket.lt\/lt\/product\/biurko-story-so-03-bialy-dab-nash\/","title":{"rendered":"STORY SO-03 ra\u0161omasis stalas baltas \/ \u0105\u017euolas \u201eNash\u201c"},"content":{"rendered":"<p>Modelis: SO-03 Spalva: balta \/ \u0105\u017euolas \u201eNASH\u201c Matmenys: Plotis: 110 cm Auk\u0161tis: 76 cm Gylis: 52 cm Pagrindin\u0117 informacija: korpuso pavadinimas: SO-03 kolekcijos pavadinimas: STORY korpuso indeksas: SO3BDN spalva: balta \/ \u0105\u017euolas \u201eNASH\u201c bald\u0173 tipas: ra\u0161omasis stalas korpuso charakteristikos: 1D1S plotis: 110 cm auk\u0161tis: 76 cm gylis: 52 cm korpuso svoris: 29 kg surinkimas: reikalingas surinkimas kolekcijos stilius: modernus interjero tipas 1: jaunimo kambarys interjero tipas 2: miegamasis stal\u010di\u0173 skai\u010dius: 1 dur\u0173 skai\u010dius: 1 furnit\u016bra: vyris: pasl\u0117ptas \u012fprastas rankena: plastikin\u0117 stal\u010diaus kreipian\u010dioji: ritinin\u0117 kreipian\u010dioji p\u0117del\u0117 \/ kojel\u0117: b\u0117gelis su vinimi Med\u017eiaga: korpusas: laminuota med\u017eio dro\u017eli\u0173 plok\u0161t\u0117; 16 mm; 25 mm korpuso kra\u0161to apdaila: B 1.0 mm korpuso spalva: balta \/ \u0105\u017euolas \u201eNASH\u201c stalvir\u0161is: laminuota med\u017eio dro\u017eli\u0173 plok\u0161t\u0117; 25 mm stalvir\u0161io kra\u0161to apdaila: B 1.0 mm faneruot\u0173 stalvir\u0161io kra\u0161t\u0173 skai\u010dius: 4 stalvir\u0161io spalva: \u0105\u017euolas \u201eNASH\u201c galin\u0117 sienel\u0117: HDF plok\u0161t\u0117; 3 mm matomos galin\u0117s sienel\u0117s apdaila: laminatas nematomos galin\u0117s sienel\u0117s apdaila: neapdorota galin\u0117s sienel\u0117s tvirtinimas: rie\u0161utas galin\u0117s sienel\u0117s spalva: balta lentyna: laminuota med\u017eio dro\u017eli\u0173 plok\u0161t\u0117; 16 mm priekis: laminuota med\u017eio dro\u017eli\u0173 plok\u0161t\u0117; 16 mm priekinio kra\u0161to apdaila: A 0,45 mm priekin\u0117s sienel\u0117s spalva: balta stal\u010diaus vidin\u0117 apdaila: balta juostel\u0117 stal\u010diaus dugnas: HDF plok\u0161t\u0117; 3 mm Svarbu: \u0161is stalas gaminamas pagal u\u017esakym\u0105. U\u017esakymo at\u0161aukti negalima pra\u0117jus 48 valandoms nuo u\u017esakymo pateikimo. Pra\u0161ome apsipirkti atid\u017eiai.<\/p>","protected":false},"excerpt":{"rendered":"<p>Modelis: SO-03 Spalva: balta \/ \u0105\u017euolas \u201eNASH\u201c Matmenys: Plotis: 110 cm Auk\u0161tis: 76 cm Gylis: 52 cm Pagrindin\u0117 informacija: korpuso pavadinimas: SO-03 kolekcijos pavadinimas: STORY korpuso indeksas: SO3BDN spalva: balta \/ \u0105\u017euolas \u201eNASH\u201c bald\u0173 tipas: ra\u0161omasis stalas korpuso charakteristikos: 1D1S plotis: 110 cm auk\u0161tis: 76 cm gylis: 52 cm korpuso svoris: 29 kg surinkimas: reikalingas surinkimas kolekcijos stilius: modernus [\u2026]<\/p>","protected":false},"featured_media":250920,"comment_status":"open","ping_status":"open","template":"","meta":[],"product_brand":[],"product_cat":[9263,1312,2454],"product_tag":[],"class_list":{"0":"post-250919","1":"product","2":"type-product","3":"status-publish","4":"has-post-thumbnail","6":"product_cat-furniture-system-story-lenart","7":"product_cat-desks","8":"product_cat-lenart","10":"first","11":"instock","12":"purchasable","13":"product-type-simple"},"_links":{"self":[{"href":"https:\/\/baldumarket.lt\/lt\/wp-json\/wp\/v2\/product\/250919","targetHints":{"allow":["GET"]}}],"collection":[{"href":"https:\/\/baldumarket.lt\/lt\/wp-json\/wp\/v2\/product"}],"about":[{"href":"https:\/\/baldumarket.lt\/lt\/wp-json\/wp\/v2\/types\/product"}],"replies":[{"embeddable":true,"href":"https:\/\/baldumarket.lt\/lt\/wp-json\/wp\/v2\/comments?post=250919"}],"wp:featuredmedia":[{"embeddable":true,"href":"https:\/\/baldumarket.lt\/lt\/wp-json\/wp\/v2\/media\/250920"}],"wp:attachment":[{"href":"https:\/\/baldumarket.lt\/lt\/wp-json\/wp\/v2\/media?parent=250919"}],"wp:term":[{"taxonomy":"product_brand","embeddable":true,"href":"https:\/\/baldumarket.lt\/lt\/wp-json\/wp\/v2\/product_brand?post=250919"},{"taxonomy":"product_cat","embeddable":true,"href":"https:\/\/baldumarket.lt\/lt\/wp-json\/wp\/v2\/product_cat?post=250919"},{"taxonomy":"product_tag","embeddable":true,"href":"https:\/\/baldumarket.lt\/lt\/wp-json\/wp\/v2\/product_tag?post=250919"}],"curies":[{"name":"wp","href":"https:\/\/api.w.org\/{rel}","templated":true}]}}