{"id":250911,"date":"2026-01-10T18:10:50","date_gmt":"2026-01-10T15:10:50","guid":{"rendered":"https:\/\/baldumarket.lt\/product\/nadstawka-na-biurko-story-so-04-bialy-dab-nash\/"},"modified":"2026-02-11T18:31:57","modified_gmt":"2026-02-11T15:31:57","slug":"nadstawka-na-biurko-story-so-04-bialy-dab-nash","status":"publish","type":"product","link":"https:\/\/baldumarket.lt\/lt\/product\/nadstawka-na-biurko-story-so-04-bialy-dab-nash\/","title":{"rendered":"STORY SO-04 stalo prailginimas, balta \/ \u0105\u017euolas \u201eNash\u201c"},"content":{"rendered":"<p>Modelis: SO-04 Spalva: balta \/ \u0105\u017euolo spalvos Matmenys: Plotis: 107 cm Auk\u0161tis: 85 cm Gylis: 20 cm Pagrindin\u0117 informacija: korpuso pavadinimas: SO-04 kolekcijos pavadinimas: STORY korpuso indeksas: SO4BDN spalvos: balta \/ \u0105\u017euolo spalvos bald\u0173 tipas: stalo prailginimas korpuso charakteristikos: 2S plotis: 107 cm auk\u0161tis: 85 cm gylis: 20 cm korpuso svoris: 23 kg surinkimas: reikalingas surinkimas kolekcijos stilius: modernus interjero tipas 1: jaunimo kambarys interjero tipas 2: miegamasis \u012franga: 2x lentynos stal\u010di\u0173 skai\u010dius: 2 furnit\u016bra: rankena: plastikin\u0117 koja \/ kojel\u0117: veltinio lipdukas Med\u017eiaga: korpusas: laminuota med\u017eio dro\u017eli\u0173 plok\u0161t\u0117; 16 mm; 25 mm korpuso kra\u0161to apdaila: A 0,45 mm korpuso spalva: balta \/ \u0105\u017euolo spalvos vir\u0161us: laminuota med\u017eio dro\u017eli\u0173 plok\u0161t\u0117; 16 mm galin\u0117 sienel\u0117: HDF plok\u0161t\u0117; 3 mm matoma galin\u0117s sienos apdaila: laminatas nematoma galin\u0117s sienos apdaila: laminatas galin\u0117s sienos spalva: balta lentyna: laminuota med\u017eio dro\u017eli\u0173 plok\u0161t\u0117; 16 mm lentynos kra\u0161to apdaila: A 0,45 mm lentynos kra\u0161to juosteli\u0173 skai\u010dius: 1 lentynos apkrova: 5 kg lentynos spalva: balta lentyn\u0173 skai\u010dius: 2 priekis: laminuota med\u017eio dro\u017eli\u0173 plok\u0161t\u0117; 16 mm priekin\u0117s kra\u0161to apdaila: A 0,45 mm priekin\u0117s spalvos: balta stal\u010diaus vidin\u0117 apdaila: laminuota plok\u0161t\u0117 korpuso spalvos stal\u010diaus dugnas: HDF plok\u0161t\u0117; 3 mm Svarbu: \u0161is stal\u010diaus prailginimas gaminamas pagal individual\u0173 kliento u\u017esakym\u0105. U\u017esakymo at\u0161aukti negalima pra\u0117jus 48 valandoms nuo u\u017esakymo pateikimo. Pra\u0161ome apsipirkti atid\u017eiai.<\/p>","protected":false},"excerpt":{"rendered":"<p>Modelis: SO-04 Spalva: balta \/ \u0105\u017euolo \u201ene\u0161varus\u201c Matmenys: Plotis: 107 cm Auk\u0161tis: 85 cm Gylis: 20 cm Pagrindin\u0117 informacija: korpuso pavadinimas: SO-04 kolekcijos pavadinimas: STORY korpuso indeksas: SO4BDN spalvos: balta \/ \u0105\u017euolo \u201ene\u0161varus\u201c bald\u0173 tipas: stalo prailginimas korpuso charakteristikos: 2S plotis: 107 cm auk\u0161tis: 85 cm gylis: 20 cm korpuso svoris: 23 kg surinkimas: [\u2026]<\/p>","protected":false},"featured_media":250912,"comment_status":"open","ping_status":"open","template":"","meta":[],"product_brand":[],"product_cat":[9263,1043,2454],"product_tag":[],"class_list":{"0":"post-250911","1":"product","2":"type-product","3":"status-publish","4":"has-post-thumbnail","6":"product_cat-furniture-system-story-lenart","7":"product_cat-extras","8":"product_cat-lenart","10":"first","11":"instock","12":"purchasable","13":"product-type-simple"},"_links":{"self":[{"href":"https:\/\/baldumarket.lt\/lt\/wp-json\/wp\/v2\/product\/250911","targetHints":{"allow":["GET"]}}],"collection":[{"href":"https:\/\/baldumarket.lt\/lt\/wp-json\/wp\/v2\/product"}],"about":[{"href":"https:\/\/baldumarket.lt\/lt\/wp-json\/wp\/v2\/types\/product"}],"replies":[{"embeddable":true,"href":"https:\/\/baldumarket.lt\/lt\/wp-json\/wp\/v2\/comments?post=250911"}],"wp:featuredmedia":[{"embeddable":true,"href":"https:\/\/baldumarket.lt\/lt\/wp-json\/wp\/v2\/media\/250912"}],"wp:attachment":[{"href":"https:\/\/baldumarket.lt\/lt\/wp-json\/wp\/v2\/media?parent=250911"}],"wp:term":[{"taxonomy":"product_brand","embeddable":true,"href":"https:\/\/baldumarket.lt\/lt\/wp-json\/wp\/v2\/product_brand?post=250911"},{"taxonomy":"product_cat","embeddable":true,"href":"https:\/\/baldumarket.lt\/lt\/wp-json\/wp\/v2\/product_cat?post=250911"},{"taxonomy":"product_tag","embeddable":true,"href":"https:\/\/baldumarket.lt\/lt\/wp-json\/wp\/v2\/product_tag?post=250911"}],"curies":[{"name":"wp","href":"https:\/\/api.w.org\/{rel}","templated":true}]}}