{"id":250903,"date":"2026-01-10T18:10:45","date_gmt":"2026-01-10T15:10:45","guid":{"rendered":"https:\/\/baldumarket.lt\/product\/nadstawka-na-biurko-story-so-06-bialy-dab-nash\/"},"modified":"2026-02-11T18:31:57","modified_gmt":"2026-02-11T15:31:57","slug":"nadstawka-na-biurko-story-so-06-bialy-dab-nash","status":"publish","type":"product","link":"https:\/\/baldumarket.lt\/lt\/product\/nadstawka-na-biurko-story-so-06-bialy-dab-nash\/","title":{"rendered":"STORY SO-06 stalo prailginimas, balta \/ \u0105\u017euolas \u201eNash\u201c"},"content":{"rendered":"<p>Modelis: SO-06 Spalva: balta \/ \u0105\u017euolo spalvos; Matmenys: Plotis: 94 cm; Auk\u0161tis: 81 cm; Gylis: 14 cm; Pagrindin\u0117 informacija: korpuso pavadinimas: SO-06; kolekcijos pavadinimas: STORY; korpuso indeksas: SO6BDN; spalva: balta \/ \u0105\u017euolo spalvos; bald\u0173 tipas: ra\u0161omojo stalo prailginimas; plotis: 94 cm; auk\u0161tis: 81 cm; gylis: 14 cm; korpuso svoris: 11 kg; surinkimas: reikalingas surinkimas; kolekcijos stilius: modernus; interjero tipas: jaunimo kambarys; interjero tipas: miegamasis; \u012franga: 6 lentynos; furnit\u016bra: koja \/ kojel\u0117: veltinio lipdukas; med\u017eiaga: korpusas: laminuota med\u017eio dro\u017eli\u0173 plok\u0161t\u0117; 16 mm; korpuso kra\u0161to apdaila: A 0,45 mm; korpuso spalva: balta; galin\u0117 sienel\u0117: HDF plok\u0161t\u0117; 3 mm; matoma galin\u0117s sienel\u0117s apdaila: laminatas; nematoma galin\u0117s sienel\u0117s apdaila: laminatas; galin\u0117s sienel\u0117s spalva: balta; Lentyn\u0117l\u0117: laminuota med\u017eio dro\u017eli\u0173 plok\u0161t\u0117; 16 mm; Lentyn\u0117l\u0117s kra\u0161to apdaila: A 0,45 mm; Lentyn\u0173 kra\u0161t\u0173 juosteli\u0173 skai\u010dius: 1; Maksimali lentynos apkrova: 5 kg; Lentynos spalva: balta; Lentyn\u0173 skai\u010dius: 6; Veidrodis: veidrodinis; 3 mm veidrod\u017eio spalva: balta Svarbu: \u0161is prailginimas gaminamas pagal individual\u0173 kliento u\u017esakym\u0105. At\u0161aukti u\u017esakym\u0105 negalima pra\u0117jus 48 valandoms nuo jo pateikimo. Pra\u0161ome apsipirkti atid\u017eiai.<\/p>","protected":false},"excerpt":{"rendered":"<p>Model: SO-06 Color: white \/ nash oak Dimensions: Width: 94cm Height: 81cm Depth: 14cm Basic information: body name: SO-06 collection name: STORY body index: SO6BDN color: white \/ nash oak furniture type: desk extension width: 94 cm height: 81 cm depth: 14 cm body weight: 11 kg assembly: requires assembly collection style: modern type of [&hellip;]<\/p>","protected":false},"featured_media":250904,"comment_status":"open","ping_status":"open","template":"","meta":[],"product_brand":[],"product_cat":[9263,1043,2454],"product_tag":[],"class_list":{"0":"post-250903","1":"product","2":"type-product","3":"status-publish","4":"has-post-thumbnail","6":"product_cat-furniture-system-story-lenart","7":"product_cat-extras","8":"product_cat-lenart","10":"first","11":"instock","12":"purchasable","13":"product-type-simple"},"_links":{"self":[{"href":"https:\/\/baldumarket.lt\/lt\/wp-json\/wp\/v2\/product\/250903","targetHints":{"allow":["GET"]}}],"collection":[{"href":"https:\/\/baldumarket.lt\/lt\/wp-json\/wp\/v2\/product"}],"about":[{"href":"https:\/\/baldumarket.lt\/lt\/wp-json\/wp\/v2\/types\/product"}],"replies":[{"embeddable":true,"href":"https:\/\/baldumarket.lt\/lt\/wp-json\/wp\/v2\/comments?post=250903"}],"wp:featuredmedia":[{"embeddable":true,"href":"https:\/\/baldumarket.lt\/lt\/wp-json\/wp\/v2\/media\/250904"}],"wp:attachment":[{"href":"https:\/\/baldumarket.lt\/lt\/wp-json\/wp\/v2\/media?parent=250903"}],"wp:term":[{"taxonomy":"product_brand","embeddable":true,"href":"https:\/\/baldumarket.lt\/lt\/wp-json\/wp\/v2\/product_brand?post=250903"},{"taxonomy":"product_cat","embeddable":true,"href":"https:\/\/baldumarket.lt\/lt\/wp-json\/wp\/v2\/product_cat?post=250903"},{"taxonomy":"product_tag","embeddable":true,"href":"https:\/\/baldumarket.lt\/lt\/wp-json\/wp\/v2\/product_tag?post=250903"}],"curies":[{"name":"wp","href":"https:\/\/api.w.org\/{rel}","templated":true}]}}