{"id":250895,"date":"2026-01-10T18:10:41","date_gmt":"2026-01-10T15:10:41","guid":{"rendered":"https:\/\/baldumarket.lt\/product\/szafka-rtv-story-so-13-bialy-dab-nash\/"},"modified":"2026-02-11T18:31:57","modified_gmt":"2026-02-11T15:31:57","slug":"szafka-rtv-story-so-13-bialy-dab-nash","status":"publish","type":"product","link":"https:\/\/baldumarket.lt\/lt\/product\/szafka-rtv-story-so-13-bialy-dab-nash\/","title":{"rendered":"TV spintel\u0117 STORY SO-13 balta \/ \u0105\u017euolas ne\u0161"},"content":{"rendered":"<p>Modelis: SO-13 Spalva: balta \/ \u0105\u017euolas \u201eNASH\u201c Matmenys: Plotis: 120 cm Auk\u0161tis: 46 cm Gylis: 42 cm Pagrindin\u0117 informacija: korpuso pavadinimas: SO-13 kolekcijos pavadinimas: STORY korpuso indeksas: SO13BDN spalva: balta \/ \u0105\u017euolas \u201eNASH\u201c bald\u0173 tipas: TV spintel\u0117 korpuso charakteristikos: 1S plotis: 120 cm auk\u0161tis: 46 cm gylis: 42 cm korpuso svoris: 34 kg surinkimas: reikalingas surinkimas kolekcijos stilius: modernus interjeras 1 tipas: jaunimo kambario interjeras 2 tipas: miegamojo interjeras 3 tipas: drabu\u017ei\u0173 spintos \u012franga: 2x lentynos stal\u010di\u0173 skai\u010dius: 1 furnit\u016bra: rankena: plastikin\u0117 stal\u010diaus kreipian\u010dioji: ritinin\u0117 kreipian\u010dioji p\u0117del\u0117 \/ koja: b\u0117gelis su vinimi Med\u017eiaga: korpusas: laminuota med\u017eio dro\u017eli\u0173 plok\u0161t\u0117; 16 mm; 25 mm korpuso kra\u0161to apdaila: A 0,45 mm; B 1,0 mm korpuso spalva: balta \/ \u0105\u017euolas \u201eNASH\u201c vir\u0161us: laminuota med\u017eio dro\u017eli\u0173 plok\u0161t\u0117; 25 mm vir\u0161utin\u0117s kra\u0161to apdaila: B 1,0 mm klijuot\u0173 vir\u0161utini\u0173 kra\u0161t\u0173 skai\u010dius: 4 vir\u0161utin\u0117s spalvos: \u0105\u017euolas \u201eNASH\u201c galin\u0117 sienel\u0117: HDF plok\u0161t\u0117; 3 mm storio matomos galin\u0117s sienel\u0117s dalies apdaila: laminatas; nematomos galin\u0117s sienel\u0117s dalies apdaila: neapdorota; galin\u0117s sienos tvirtinimas: \u201enuta\u201c; galin\u0117s sienel\u0117s spalva: balta; lentyna: laminuota med\u017eio dro\u017eli\u0173 plok\u0161t\u0117; 16 mm; lentynos kra\u0161to apdaila: A 0,45 mm; klijuot\u0173 lentyn\u0173 kra\u0161t\u0173 skai\u010dius: 1; leistina lentynos apkrova: 5 kg; lentynos spalva: balta; lentyn\u0173 skai\u010dius: 2; priekis: laminuota med\u017eio dro\u017eli\u0173 plok\u0161t\u0117; 16 mm; priekinio kra\u0161to apdaila: A 0,45 mm; priekin\u0117s dalies spalva: balta; stal\u010diaus vidin\u0117 apdaila: balta juostel\u0117; stal\u010diaus dugnas: HDF plok\u0161t\u0117; 3 mm. Svarbu: Spintel\u0117 gaminama pagal individual\u0173 kliento u\u017esakym\u0105. U\u017esakymo at\u0161aukti negalima pra\u0117jus 48 valandoms nuo pateikimo. Pra\u0161ome apsipirkti atid\u017eiai.<\/p>","protected":false},"excerpt":{"rendered":"<p>Modelis: SO-13 Spalva: balta \/ \u0105\u017euolo \u201ene\u0161varkas\u201c Matmenys: Plotis: 120 cm Auk\u0161tis: 46 cm Gylis: 42 cm Pagrindin\u0117 informacija: korpuso pavadinimas: SO-13 kolekcijos pavadinimas: STORY korpuso indeksas: SO13BDN spalva: balta \/ \u0105\u017euolo \u201ene\u0161varkas\u201c bald\u0173 tipas: televizoriaus spintel\u0117 korpuso charakteristikos: 1S plotis: 120 cm auk\u0161tis: 46 cm gylis: 42 cm korpuso svoris: 34 kg surinkimas: reikalingas surinkimas kolekcijos stilius: [\u2026]<\/p>","protected":false},"featured_media":250896,"comment_status":"open","ping_status":"open","template":"","meta":[],"product_brand":[],"product_cat":[9263,2454,1175],"product_tag":[],"class_list":{"0":"post-250895","1":"product","2":"type-product","3":"status-publish","4":"has-post-thumbnail","6":"product_cat-furniture-system-story-lenart","7":"product_cat-lenart","8":"product_cat-tv-stands","10":"first","11":"instock","12":"purchasable","13":"product-type-simple"},"_links":{"self":[{"href":"https:\/\/baldumarket.lt\/lt\/wp-json\/wp\/v2\/product\/250895","targetHints":{"allow":["GET"]}}],"collection":[{"href":"https:\/\/baldumarket.lt\/lt\/wp-json\/wp\/v2\/product"}],"about":[{"href":"https:\/\/baldumarket.lt\/lt\/wp-json\/wp\/v2\/types\/product"}],"replies":[{"embeddable":true,"href":"https:\/\/baldumarket.lt\/lt\/wp-json\/wp\/v2\/comments?post=250895"}],"wp:featuredmedia":[{"embeddable":true,"href":"https:\/\/baldumarket.lt\/lt\/wp-json\/wp\/v2\/media\/250896"}],"wp:attachment":[{"href":"https:\/\/baldumarket.lt\/lt\/wp-json\/wp\/v2\/media?parent=250895"}],"wp:term":[{"taxonomy":"product_brand","embeddable":true,"href":"https:\/\/baldumarket.lt\/lt\/wp-json\/wp\/v2\/product_brand?post=250895"},{"taxonomy":"product_cat","embeddable":true,"href":"https:\/\/baldumarket.lt\/lt\/wp-json\/wp\/v2\/product_cat?post=250895"},{"taxonomy":"product_tag","embeddable":true,"href":"https:\/\/baldumarket.lt\/lt\/wp-json\/wp\/v2\/product_tag?post=250895"}],"curies":[{"name":"wp","href":"https:\/\/api.w.org\/{rel}","templated":true}]}}