{"id":250887,"date":"2026-01-10T18:10:38","date_gmt":"2026-01-10T15:10:38","guid":{"rendered":"https:\/\/baldumarket.lt\/product\/polka-story-so-14-bialy-dab-nash\/"},"modified":"2026-02-11T18:31:57","modified_gmt":"2026-02-11T15:31:57","slug":"polka-story-so-14-bialy-dab-nash","status":"publish","type":"product","link":"https:\/\/baldumarket.lt\/lt\/produktas\/polka-story-so-14-bialy-dab-nash\/","title":{"rendered":"STORY SO-14 lentyna balta \/ \u0105\u017euolas \u201eNash\u201c"},"content":{"rendered":"<p>Modelis: SO-14 Spalva: balta \/ \u0105\u017euolas \u201eNash\u201c Matmenys: Plotis: 110 cm Auk\u0161tis: 20 cm Gylis: 22 cm Pagrindin\u0117 informacija: Formos pavadinimas: SO-14 Kolekcijos pavadinimas: STORY Formos indeksas: SO14BDN Spalva: balta \/ \u0105\u017euolas \u201eNash\u201c Baldo tipas: Lentynos plotis: 110 cm Auk\u0161tis: 20 cm Gylis: 22 cm Formos svoris: 8 kg Surinkimas: Reikalingas surinkimas Kolekcijos stilius: Modernus interjeras 1 tipas: Jaunimo kambario interjeras 2 tipas: Miegamojo interjeras 3 tipas: Drabu\u017ein\u0117s \u012franga: 1 lentyna Med\u017eiaga: Galin\u0117 siena: HDF plok\u0161t\u0117; 16 mm matomos galin\u0117s sienos dalies apdaila: laminatas Nematomos galin\u0117s sienos dalies apdaila: laminatas Galin\u0117s sienos tvirtinimas: balta Galin\u0117s sienos spalva: balta Lentyna: Laminuota med\u017eio dro\u017eli\u0173 plok\u0161t\u0117; 25 mm Lentynos kra\u0161to apdaila: B 1.0 mm Apvad\u0173 skai\u010dius: 1 Lentynos keliamoji galia: 5 kg Lentynos spalva: \u0105\u017euolas \u201eNash\u201c Lentyn\u0173 skai\u010dius: 1 Svarbu: \u0160i lentyna gaminama pagal individual\u0173 kliento u\u017esakym\u0105. U\u017esakymo at\u0161aukti negalima pra\u0117jus 48 valandoms nuo pateikimo. Pra\u0161ome apsipirkti atsargiai.<\/p>","protected":false},"excerpt":{"rendered":"<p>Modelis: SO-14 Spalva: balta \/ \u0105\u017euolas \u201eNASH\u201c Matmenys: Plotis: 110 cm Auk\u0161tis: 20 cm Gylis: 22 cm Pagrindin\u0117 informacija: Formos pavadinimas: SO-14 Kolekcijos pavadinimas: STORY Formos indeksas: SO14BDN Spalva: balta \/ \u0105\u017euolas \u201eNASH\u201c Baldo tipas: Lentyna Plotis: 110 cm Auk\u0161tis: 20 cm Gylis: 22 cm Formos svoris: 8 kg Surinkimas: Reikalingas surinkimas Kolekcijos stilius: Modernus interjeras 1 tipas: [\u2026]<\/p>","protected":false},"featured_media":250888,"comment_status":"open","ping_status":"open","template":"","meta":[],"product_brand":[],"product_cat":[9263,1174,2454],"product_tag":[],"class_list":{"0":"post-250887","1":"product","2":"type-product","3":"status-publish","4":"has-post-thumbnail","6":"product_cat-furniture-system-story-lenart","7":"product_cat-hanging-shelves","8":"product_cat-lenart","10":"first","11":"instock","12":"purchasable","13":"product-type-simple"},"_links":{"self":[{"href":"https:\/\/baldumarket.lt\/lt\/wp-json\/wp\/v2\/product\/250887","targetHints":{"allow":["GET"]}}],"collection":[{"href":"https:\/\/baldumarket.lt\/lt\/wp-json\/wp\/v2\/product"}],"about":[{"href":"https:\/\/baldumarket.lt\/lt\/wp-json\/wp\/v2\/types\/product"}],"replies":[{"embeddable":true,"href":"https:\/\/baldumarket.lt\/lt\/wp-json\/wp\/v2\/comments?post=250887"}],"wp:featuredmedia":[{"embeddable":true,"href":"https:\/\/baldumarket.lt\/lt\/wp-json\/wp\/v2\/media\/250888"}],"wp:attachment":[{"href":"https:\/\/baldumarket.lt\/lt\/wp-json\/wp\/v2\/media?parent=250887"}],"wp:term":[{"taxonomy":"product_brand","embeddable":true,"href":"https:\/\/baldumarket.lt\/lt\/wp-json\/wp\/v2\/product_brand?post=250887"},{"taxonomy":"product_cat","embeddable":true,"href":"https:\/\/baldumarket.lt\/lt\/wp-json\/wp\/v2\/product_cat?post=250887"},{"taxonomy":"product_tag","embeddable":true,"href":"https:\/\/baldumarket.lt\/lt\/wp-json\/wp\/v2\/product_tag?post=250887"}],"curies":[{"name":"wp","href":"https:\/\/api.w.org\/{rel}","templated":true}]}}