{"id":250879,"date":"2026-01-10T18:10:35","date_gmt":"2026-01-10T15:10:35","guid":{"rendered":"https:\/\/baldumarket.lt\/product\/stolik-kawowy-story-so-15-bialy-dab-nash\/"},"modified":"2026-02-11T18:31:57","modified_gmt":"2026-02-11T15:31:57","slug":"stolik-kawowy-story-so-15-bialy-dab-nash","status":"publish","type":"product","link":"https:\/\/baldumarket.lt\/lt\/product\/stolik-kawowy-story-so-15-bialy-dab-nash\/","title":{"rendered":"STORY SO-15 kavos staliukas baltas \/ \u0105\u017euolas \u201eNash\u201c"},"content":{"rendered":"<p>Modelis: SO-15 Spalva: balta \/ \u0105\u017euolas \u201eNASH\u201c Matmenys: Plotis: 110 cm Auk\u0161tis: 48 cm Gylis: 60 cm Pagrindin\u0117 informacija: korpuso pavadinimas: SO-15 kolekcijos pavadinimas: STORY korpuso indeksas: SO15BDN spalva: balta \/ \u0105\u017euolas \u201eNASH\u201c bald\u0173 tipas: kavos staliukas korpuso charakteristikos: 1S plotis: 110 cm auk\u0161tis: 48 cm gylis: 60 cm korpuso svoris: 32 kg surinkimas: reikalingas surinkimas kolekcijos stilius: modernus interjero tipas 1: jaunimo kambarys interjero tipas 2: svetain\u0117 interjero tipas 3: miegamasis \u012franga: 1x lentyna stal\u010di\u0173 skai\u010dius: 1 furnit\u016bra: rankena: plastikin\u0117 stal\u010diaus kreipian\u010dioji: ritinin\u0117 kreipian\u010dioji p\u0117del\u0117 \/ koja: b\u0117gelis su vinimi Med\u017eiaga: korpusas: laminuota med\u017eio dro\u017eli\u0173 plok\u0161t\u0117; 16 mm; 25 mm korpuso kra\u0161to apdaila: B 1.0 mm korpuso spalva: balta \/ \u0105\u017euolas \u201eNASH\u201c vir\u0161us: laminuota med\u017eio dro\u017eli\u0173 plok\u0161t\u0117; 25 mm vir\u0161utin\u0117s kra\u0161to apdaila: B 1.0 mm faneruot\u0173 vir\u0161utini\u0173 kra\u0161t\u0173 skai\u010dius: 4 vir\u0161utin\u0117s spalvos: \u0105\u017euolas \u201eNASH\u201c priekis: laminuota med\u017eio dro\u017eli\u0173 plok\u0161t\u0117; 16 mm priekinio kra\u0161to apdaila: A 0,45 mm priekin\u0117s dalies spalva: balta stal\u010diaus vidin\u0117 apdaila: balta juostel\u0117 stal\u010diaus dugnas: HDF plok\u0161t\u0117; 3 mm Svarbu: \u0161is stalas gaminamas pagal u\u017esakym\u0105. At\u0161aukti u\u017esakym\u0105 negalima pra\u0117jus 48 valandoms nuo u\u017esakymo pateikimo. Pra\u0161ome apsipirkti atid\u017eiai.<\/p>","protected":false},"excerpt":{"rendered":"<p>Modelis: SO-15 Spalva: balta \/ \u0105\u017euolas \u201eNASH\u201c Matmenys: Plotis: 110 cm Auk\u0161tis: 48 cm Gylis: 60 cm Pagrindin\u0117 informacija: korpuso pavadinimas: SO-15 kolekcijos pavadinimas: STORY korpuso indeksas: SO15BDN spalva: balta \/ \u0105\u017euolas \u201eNASH\u201c bald\u0173 tipas: kavos staliukas korpuso charakteristikos: 1S plotis: 110 cm auk\u0161tis: 48 cm gylis: 60 cm korpuso svoris: 32 kg surinkimas: reikalingas surinkimas kolekcijos stilius: [\u2026]<\/p>","protected":false},"featured_media":250880,"comment_status":"open","ping_status":"open","template":"","meta":[],"product_brand":[],"product_cat":[9263,866,2454],"product_tag":[],"class_list":{"0":"post-250879","1":"product","2":"type-product","3":"status-publish","4":"has-post-thumbnail","6":"product_cat-furniture-system-story-lenart","7":"product_cat-coffee-tables","8":"product_cat-lenart","10":"first","11":"instock","12":"purchasable","13":"product-type-simple"},"_links":{"self":[{"href":"https:\/\/baldumarket.lt\/lt\/wp-json\/wp\/v2\/product\/250879","targetHints":{"allow":["GET"]}}],"collection":[{"href":"https:\/\/baldumarket.lt\/lt\/wp-json\/wp\/v2\/product"}],"about":[{"href":"https:\/\/baldumarket.lt\/lt\/wp-json\/wp\/v2\/types\/product"}],"replies":[{"embeddable":true,"href":"https:\/\/baldumarket.lt\/lt\/wp-json\/wp\/v2\/comments?post=250879"}],"wp:featuredmedia":[{"embeddable":true,"href":"https:\/\/baldumarket.lt\/lt\/wp-json\/wp\/v2\/media\/250880"}],"wp:attachment":[{"href":"https:\/\/baldumarket.lt\/lt\/wp-json\/wp\/v2\/media?parent=250879"}],"wp:term":[{"taxonomy":"product_brand","embeddable":true,"href":"https:\/\/baldumarket.lt\/lt\/wp-json\/wp\/v2\/product_brand?post=250879"},{"taxonomy":"product_cat","embeddable":true,"href":"https:\/\/baldumarket.lt\/lt\/wp-json\/wp\/v2\/product_cat?post=250879"},{"taxonomy":"product_tag","embeddable":true,"href":"https:\/\/baldumarket.lt\/lt\/wp-json\/wp\/v2\/product_tag?post=250879"}],"curies":[{"name":"wp","href":"https:\/\/api.w.org\/{rel}","templated":true}]}}