{"id":250871,"date":"2026-01-10T18:10:31","date_gmt":"2026-01-10T15:10:31","guid":{"rendered":"https:\/\/baldumarket.lt\/product\/stolik-nocny-dento-dt-03-bialy-dab-stirling\/"},"modified":"2026-02-11T18:31:57","modified_gmt":"2026-02-11T15:31:57","slug":"stolik-nocny-dento-dt-03-bialy-dab-stirling","status":"publish","type":"product","link":"https:\/\/baldumarket.lt\/lt\/product\/stolik-nocny-dento-dt-03-bialy-dab-stirling\/","title":{"rendered":"DENTRO DT-03 naktinis staliukas | Balta, Stirlingo \u0105\u017euolas"},"content":{"rendered":"<p>Modelis: DT-03 Spalva: balta \/ stirling \u0105\u017euolas Matmenys: Plotis: 40 cm Auk\u0161tis: 35 cm Gylis: 40 cm Pagrindin\u0117 informacija: korpuso pavadinimas: DT-03 kolekcijos pavadinimas: DENTRO korpuso indeksas: DT3BDS spalva: balta \/ stirling \u0105\u017euolas bald\u0173 tipas: naktinis staliukas korpuso charakteristikos: 1S plotis: 40 cm auk\u0161tis: 35 cm gylis: 40 cm korpuso svoris: 9 kg surinkimas: reikalingas surinkimas kolekcijos stilius: modernus interjero tipas 1: miegamasis stal\u010di\u0173 skai\u010dius: 1 furnit\u016bra: rankena: plastikin\u0117 stal\u010diaus kreipian\u010dioji: ritinin\u0117 kreipian\u010dioji koja p\u0117da \/ koja: b\u0117gelis su vinimi Med\u017eiaga: korpusas: laminuota med\u017eio dro\u017eli\u0173 plok\u0161t\u0117; 16 mm korpuso kra\u0161to apdaila: A 0,45 mm korpuso spalva: balta \/ stirling \u0105\u017euolas vir\u0161us: laminuota med\u017eio dro\u017eli\u0173 plok\u0161t\u0117; 16 mm stalvir\u0161io kra\u0161to apdaila: A 0,45 mm Stalvir\u0161io kra\u0161t\u0173 skai\u010dius: 2 Stalvir\u0161io spalva: Stirling \u0105\u017euolas Galin\u0117 plok\u0161t\u0117: HDF plok\u0161t\u0117; 3 mm Matoma galin\u0117s plok\u0161t\u0117s apdaila: laminatas Nematoma galin\u0117s plok\u0161t\u0117s apdaila: neapdorota Galin\u0117s plok\u0161t\u0117s tvirtinimas: Nuta Galin\u0117s plok\u0161t\u0117s spalva: balta Priekis: laminuota med\u017eio dro\u017eli\u0173 plok\u0161t\u0117; 16 mm Priekinio kra\u0161to apdaila: A 0,45 mm Priekin\u0117s dalies spalva: balta Stal\u010diaus vidin\u0117 apdaila: balta juostel\u0117 Stal\u010diaus dugnas: HDF plok\u0161t\u0117; 3 mm Svarbu: \u0161is stalas gaminamas pagal u\u017esakym\u0105. U\u017esakymo at\u0161aukti negalima pra\u0117jus 48 valandoms nuo u\u017esakymo pateikimo. Pra\u0161ome apsipirkti atid\u017eiai.<\/p>","protected":false},"excerpt":{"rendered":"<p>Modelis: DT-03 Spalva: balta \/ \u0105\u017euolas Matmenys: Plotis: 40 cm Auk\u0161tis: 35 cm Gylis: 40 cm Pagrindin\u0117 informacija: korpuso pavadinimas: DT-03 kolekcijos pavadinimas: DENTRO korpuso indeksas: DT3BDS spalva: balta \/ \u0105\u017euolas Baldo tipas: naktinis staliukas Korpuso charakteristikos: 1S Plotis: 40 cm Auk\u0161tis: 35 cm Gylis: 40 cm Korpuso svoris: 9 kg Surinkimas: reikalingas surinkimas Kolekcijos stilius: [\u2026]<\/p>","protected":false},"featured_media":250872,"comment_status":"open","ping_status":"closed","template":"","meta":[],"product_brand":[],"product_cat":[9267,1176,2454],"product_tag":[],"class_list":{"0":"post-250871","1":"product","2":"type-product","3":"status-publish","4":"has-post-thumbnail","6":"product_cat-furniture-system-dentro-leanart","7":"product_cat-bedside-tables","8":"product_cat-lenart","10":"first","11":"instock","12":"purchasable","13":"product-type-simple"},"_links":{"self":[{"href":"https:\/\/baldumarket.lt\/lt\/wp-json\/wp\/v2\/product\/250871","targetHints":{"allow":["GET"]}}],"collection":[{"href":"https:\/\/baldumarket.lt\/lt\/wp-json\/wp\/v2\/product"}],"about":[{"href":"https:\/\/baldumarket.lt\/lt\/wp-json\/wp\/v2\/types\/product"}],"replies":[{"embeddable":true,"href":"https:\/\/baldumarket.lt\/lt\/wp-json\/wp\/v2\/comments?post=250871"}],"wp:featuredmedia":[{"embeddable":true,"href":"https:\/\/baldumarket.lt\/lt\/wp-json\/wp\/v2\/media\/250872"}],"wp:attachment":[{"href":"https:\/\/baldumarket.lt\/lt\/wp-json\/wp\/v2\/media?parent=250871"}],"wp:term":[{"taxonomy":"product_brand","embeddable":true,"href":"https:\/\/baldumarket.lt\/lt\/wp-json\/wp\/v2\/product_brand?post=250871"},{"taxonomy":"product_cat","embeddable":true,"href":"https:\/\/baldumarket.lt\/lt\/wp-json\/wp\/v2\/product_cat?post=250871"},{"taxonomy":"product_tag","embeddable":true,"href":"https:\/\/baldumarket.lt\/lt\/wp-json\/wp\/v2\/product_tag?post=250871"}],"curies":[{"name":"wp","href":"https:\/\/api.w.org\/{rel}","templated":true}]}}