{"id":250847,"date":"2026-01-10T18:10:21","date_gmt":"2026-01-10T15:10:21","guid":{"rendered":"https:\/\/baldumarket.lt\/product\/polka-qubic-qb-09-dab-artisan-silk-flu-raw-steel\/"},"modified":"2026-02-11T18:31:58","modified_gmt":"2026-02-11T15:31:58","slug":"polka-qubic-qb-09-dab-artisan-silk-flu-raw-steel","status":"publish","type":"product","link":"https:\/\/baldumarket.lt\/lt\/produktas\/polka-qubic-qb-09-dab-artisan-silk-flu-raw-steel\/","title":{"rendered":"QUBIC QB-09 lentyna, \u0105\u017euolo imitacija, \u0161ilko spalvos, grietin\u0117l\u0117s imitacija, neapdorotas plienas"},"content":{"rendered":"<p>Modelis: QB-09 Spalva: artisan \u0105\u017euolas \/ \u0161ilko pilka \/ neapdorotas plienas Matmenys: Plotis: 115 cm Auk\u0161tis: 20 cm Gylis: 22 cm Pagrindin\u0117 informacija: korpuso pavadinimas: QB-09 Kolekcijos pavadinimas: QUBIC Korpuso indeksas: QB9DAR Spalvos: artisan \u0105\u017euolas \/ \u0161ilko pilka \/ neapdorotas plienas Baldo tipas: Lentynos plotis: 115 cm Auk\u0161tis: 20 cm Gylis: 22 cm Korpuso svoris: 5 kg Surinkimas: Reikalingas surinkimas Kolekcijos stilius: Modernus Interjero tipas 1: Jaunimo kambarys \u012eranga: \u012eskai\u010diuotas ap\u0161vietimas: N\u0117ra Med\u017eiaga: Galin\u0117 sienel\u0117: Laminuota med\u017eio dro\u017eli\u0173 plok\u0161t\u0117; 16 mm matomos galin\u0117s sienos dalies apdaila: Laminuota nematomos galin\u0117s sienos dalies apdaila: Neapdorota galin\u0117s sienos spalva: \u0160ilko pilka \/ artisan \u0105\u017euolas Lentyna: Laminuota med\u017eio dro\u017eli\u0173 plok\u0161t\u0117; 16 mm Lentynos kra\u0161to apdaila: A 1,7 mm Kantavimo juost\u0173 skai\u010dius: 1 Lentynos apkrova: 5 kg Lentynos spalva: Neapdorotas plienas Svarbu: \u0160i lentyna gaminama pagal individual\u0173 kliento u\u017esakym\u0105. At\u0161aukti u\u017esakym\u0105 negalima pra\u0117jus 48 valandoms nuo u\u017esakymo pateikimo. Pra\u0161ome apsipirkti atid\u017eiai.<\/p>","protected":false},"excerpt":{"rendered":"<p>Modelis: QB-09 Spalva: dirbtinis \u0105\u017euolas \/ \u0161ilko pilka \/ neapdorotas plienas Matmenys: Plotis: 115 cm Auk\u0161tis: 20 cm Gylis: 22 cm Pagrindin\u0117 informacija: korpuso pavadinimas: QB-09 Kolekcijos pavadinimas: QUBIC Korpuso indeksas: QB9DAR Spalvos: dirbtinis \u0105\u017euolas \/ \u0161ilko pilka \/ neapdorotas plienas Baldo tipas: Lentynos plotis: 115 cm Auk\u0161tis: 20 cm Gylis: 22 cm Korpuso svoris: 5 [\u2026]<\/p>","protected":false},"featured_media":250848,"comment_status":"open","ping_status":"open","template":"","meta":[],"product_brand":[],"product_cat":[9261,1174,2454],"product_tag":[],"class_list":{"0":"post-250847","1":"product","2":"type-product","3":"status-publish","4":"has-post-thumbnail","6":"product_cat-furniture-system-qubic-lenart","7":"product_cat-hanging-shelves","8":"product_cat-lenart","10":"first","11":"instock","12":"purchasable","13":"product-type-simple"},"_links":{"self":[{"href":"https:\/\/baldumarket.lt\/lt\/wp-json\/wp\/v2\/product\/250847","targetHints":{"allow":["GET"]}}],"collection":[{"href":"https:\/\/baldumarket.lt\/lt\/wp-json\/wp\/v2\/product"}],"about":[{"href":"https:\/\/baldumarket.lt\/lt\/wp-json\/wp\/v2\/types\/product"}],"replies":[{"embeddable":true,"href":"https:\/\/baldumarket.lt\/lt\/wp-json\/wp\/v2\/comments?post=250847"}],"wp:featuredmedia":[{"embeddable":true,"href":"https:\/\/baldumarket.lt\/lt\/wp-json\/wp\/v2\/media\/250848"}],"wp:attachment":[{"href":"https:\/\/baldumarket.lt\/lt\/wp-json\/wp\/v2\/media?parent=250847"}],"wp:term":[{"taxonomy":"product_brand","embeddable":true,"href":"https:\/\/baldumarket.lt\/lt\/wp-json\/wp\/v2\/product_brand?post=250847"},{"taxonomy":"product_cat","embeddable":true,"href":"https:\/\/baldumarket.lt\/lt\/wp-json\/wp\/v2\/product_cat?post=250847"},{"taxonomy":"product_tag","embeddable":true,"href":"https:\/\/baldumarket.lt\/lt\/wp-json\/wp\/v2\/product_tag?post=250847"}],"curies":[{"name":"wp","href":"https:\/\/api.w.org\/{rel}","templated":true}]}}