{"id":250839,"date":"2026-01-10T18:10:17","date_gmt":"2026-01-10T15:10:17","guid":{"rendered":"https:\/\/baldumarket.lt\/product\/nadstawka-do-biurka-luna-ln-04-bialy-rozowy\/"},"modified":"2026-02-11T18:31:58","modified_gmt":"2026-02-11T15:31:58","slug":"nadstawka-do-biurka-luna-ln-04-bialy-rozowy","status":"publish","type":"product","link":"https:\/\/baldumarket.lt\/lt\/product\/nadstawka-do-biurka-luna-ln-04-bialy-rozowy\/","title":{"rendered":"LUNA LN-04 stalo prailginimas, balta\/ro\u017ein\u0117"},"content":{"rendered":"<p>Modelis: LN-04 Spalva: balta\/ro\u017ein\u0117 Matmenys: Plotis: 107 cm Auk\u0161tis: 85 cm Gylis: 20 cm Pagrindin\u0117 informacija: korpuso pavadinimas: LN-04 kolekcijos pavadinimas: LUNA korpuso indeksas: LN4BR spalva: balta\/ro\u017ein\u0117 bald\u0173 tipas: praplatinama korpuso charakteristikos: 2S plotis: 107 cm auk\u0161tis: 87 cm gylis: 20 cm korpuso svoris: 24 kg surinkimas: reikalingas surinkimas kolekcijos stilius: modernus interjero tipas 1: jaunimo kambarys \u012franga: 3x lentynos stal\u010di\u0173 skai\u010dius: 2 furnit\u016bra: rankena: plastikas Med\u017eiaga: korpusas: laminuota med\u017eio dro\u017eli\u0173 plok\u0161t\u0117: 16 mm; 18 mm korpuso kra\u0161to apdaila: A 0,45 mm korpuso spalva: balta vir\u0161us: laminuota med\u017eio dro\u017eli\u0173 plok\u0161t\u0117; 18 mm stalvir\u0161io kra\u0161to apdaila: A 0,45 mm Klijuot\u0173 stalvir\u0161io kra\u0161t\u0173 skai\u010dius: 1 Stalvir\u0161io spalva: ro\u017ein\u0117 Galin\u0117 sienel\u0117: laminuota med\u017eio dro\u017eli\u0173 plok\u0161t\u0117; 16 mm Matoma galin\u0117s sienel\u0117s apdaila: laminatas Nematoma galin\u0117s sienel\u0117s apdaila: laminatas Galin\u0117s sienel\u0117s spalva: balta Lentyna: laminuota med\u017eio dro\u017eli\u0173 plok\u0161t\u0117; 16 mm Lentynos kra\u0161to apdaila: A 0,45 mm Klijuot\u0173 lentyn\u0173 kra\u0161t\u0173 skai\u010dius: 1 Leistina lentynos apkrova: 5 kg Lentynos spalva: balta Lentyn\u0173 skai\u010dius: 1 Priekis: laminuota med\u017eio dro\u017eli\u0173 plok\u0161t\u0117; 16 mm Priekinio kra\u0161to apdaila: A 0,45 mm Priekio spalva: balta Stal\u010diaus vidin\u0117 apdaila: laminuota med\u017eio dro\u017eli\u0173 plok\u0161t\u0117 korpuso spalvos Stal\u010diaus dugnas: HDF plok\u0161t\u0117; 3 mm Svarbu: \u0161is prailginimas gaminamas pagal individual\u0173 kliento u\u017esakym\u0105. U\u017esakymo at\u0161aukti negalima pra\u0117jus 48 valandoms nuo u\u017esakymo pateikimo. Pra\u0161ome apsipirkti atid\u017eiai.<\/p>","protected":false},"excerpt":{"rendered":"<p>Modelis: LN-04 Spalva: balta\/ro\u017ein\u0117 Matmenys: Plotis: 107 cm Auk\u0161tis: 85 cm Gylis: 20 cm Pagrindin\u0117 informacija: korpuso pavadinimas: LN-04 kolekcijos pavadinimas: LUNA korpuso indeksas: LN4BR spalva: balta\/ro\u017ein\u0117 bald\u0173 tipas: praplatinama dalis korpuso charakteristikos: 2S plotis: 107 cm auk\u0161tis: 87 cm gylis: 20 cm korpuso svoris: 24 kg surinkimas: reikalingas surinkimas kolekcijos stilius: modernus interjero tipas 1: jaunimo kambarys [\u2026]<\/p>","protected":false},"featured_media":250840,"comment_status":"open","ping_status":"open","template":"","meta":[],"product_brand":[],"product_cat":[9255,9251,2454],"product_tag":[],"class_list":{"0":"post-250839","1":"product","2":"type-product","3":"status-publish","4":"has-post-thumbnail","6":"product_cat-furniture-system-luna-lenart","7":"product_cat-musor","8":"product_cat-lenart","10":"first","11":"instock","12":"purchasable","13":"product-type-simple"},"_links":{"self":[{"href":"https:\/\/baldumarket.lt\/lt\/wp-json\/wp\/v2\/product\/250839","targetHints":{"allow":["GET"]}}],"collection":[{"href":"https:\/\/baldumarket.lt\/lt\/wp-json\/wp\/v2\/product"}],"about":[{"href":"https:\/\/baldumarket.lt\/lt\/wp-json\/wp\/v2\/types\/product"}],"replies":[{"embeddable":true,"href":"https:\/\/baldumarket.lt\/lt\/wp-json\/wp\/v2\/comments?post=250839"}],"wp:featuredmedia":[{"embeddable":true,"href":"https:\/\/baldumarket.lt\/lt\/wp-json\/wp\/v2\/media\/250840"}],"wp:attachment":[{"href":"https:\/\/baldumarket.lt\/lt\/wp-json\/wp\/v2\/media?parent=250839"}],"wp:term":[{"taxonomy":"product_brand","embeddable":true,"href":"https:\/\/baldumarket.lt\/lt\/wp-json\/wp\/v2\/product_brand?post=250839"},{"taxonomy":"product_cat","embeddable":true,"href":"https:\/\/baldumarket.lt\/lt\/wp-json\/wp\/v2\/product_cat?post=250839"},{"taxonomy":"product_tag","embeddable":true,"href":"https:\/\/baldumarket.lt\/lt\/wp-json\/wp\/v2\/product_tag?post=250839"}],"curies":[{"name":"wp","href":"https:\/\/api.w.org\/{rel}","templated":true}]}}