{"id":250807,"date":"2026-01-10T18:10:04","date_gmt":"2026-01-10T15:10:04","guid":{"rendered":"https:\/\/baldumarket.lt\/product\/komoda-dento-dt-04-bialy-dab-stirling\/"},"modified":"2026-02-11T18:31:58","modified_gmt":"2026-02-11T15:31:58","slug":"komoda-dento-dt-04-bialy-dab-stirling","status":"publish","type":"product","link":"https:\/\/baldumarket.lt\/lt\/product\/komoda-dento-dt-04-bialy-dab-stirling\/","title":{"rendered":"DENTRO DT-04 komoda, balta \/ \u0105\u017euolas"},"content":{"rendered":"<p>Modelis: DT-04 Spalva: balta \/ stirling \u0105\u017euolas Matmenys: Plotis: 100 cm Auk\u0161tis: 90 cm Gylis: 40 cm Pagrindin\u0117 informacija: korpuso pavadinimas: DT-04 kolekcijos pavadinimas: DENTRO korpuso indeksas: DT4BDS spalva: balta \/ stirling \u0105\u017euolas bald\u0173 tipas: naktinis staliukas korpuso charakteristikos: 4S plotis: 100 cm auk\u0161tis: 90 cm gylis: 40 cm korpuso svoris: 41 kg surinkimas: reikalingas surinkimas kolekcijos stilius: modernus interjero tipas 1: miegamasis stal\u010di\u0173 skai\u010dius: 4 furnit\u016bra: rankena: plastikin\u0117 stal\u010diaus kreipian\u010dioji: ritinin\u0117 kreipian\u010dioji p\u0117del\u0117 \/ koja: b\u0117gelis su vinimi Med\u017eiaga: korpusas: laminuota med\u017eio dro\u017eli\u0173 plok\u0161t\u0117; 16 mm korpuso kra\u0161to apdaila: A 0,45 mm korpuso spalva: balta \/ stirling \u0105\u017euolas vir\u0161us: laminuota med\u017eio dro\u017eli\u0173 plok\u0161t\u0117; 16 mm vir\u0161utinio kra\u0161to apdaila: A 0,45 mm Faneruot\u0173 vir\u0161utini\u0173 kra\u0161t\u0173 skai\u010dius: 2 Vir\u0161utin\u0117s spalvos: stirling \u0105\u017euolas Galin\u0117 plok\u0161t\u0117: HDF plok\u0161t\u0117; 3 mm Matoma galin\u0117s sienel\u0117s apdaila: laminatas Nematoma galin\u0117s sienel\u0117s apdaila: neapdorota Galin\u0117s sienel\u0117s tvirtinimas: \u201eNuta\u201c Galin\u0117s sienel\u0117s spalva: balta Priekis: laminuota med\u017eio dro\u017eli\u0173 plok\u0161t\u0117; 16 mm Priekinio kra\u0161to apdaila: A 0,45 mm Priekin\u0117s sienel\u0117s spalva: balta Stal\u010diaus vidin\u0117 apdaila: balta juostel\u0117 Stal\u010diaus dugnas: HDF plok\u0161t\u0117; 3 mm Svarbu: \u0161i komoda gaminama pagal u\u017esakym\u0105. U\u017esakymo at\u0161aukti negalima pra\u0117jus 48 valandoms nuo u\u017esakymo pateikimo. Pra\u0161ome apsipirkti atid\u017eiai.<\/p>","protected":false},"excerpt":{"rendered":"<p>Modelis: DT-04 Spalva: balta \/ \u0105\u017euolas Matmenys: Plotis: 100 cm Auk\u0161tis: 90 cm Gylis: 40 cm Pagrindin\u0117 informacija: korpuso pavadinimas: DT-04 kolekcijos pavadinimas: DENTRO korpuso indeksas: DT4BDS spalva: balta \/ \u0105\u017euolas Baldo tipas: naktinis staliukas Korpuso charakteristikos: 4S Plotis: 100 cm Auk\u0161tis: 90 cm Gylis: 40 cm Korpuso svoris: 41 kg Surinkimas: reikalingas surinkimas Kolekcijos stilius: [\u2026]<\/p>","protected":false},"featured_media":250808,"comment_status":"open","ping_status":"closed","template":"","meta":[],"product_brand":[],"product_cat":[9267,1173,2454],"product_tag":[],"class_list":{"0":"post-250807","1":"product","2":"type-product","3":"status-publish","4":"has-post-thumbnail","6":"product_cat-furniture-system-dentro-leanart","7":"product_cat-chests-of-drawers","8":"product_cat-lenart","10":"first","11":"instock","12":"purchasable","13":"product-type-simple"},"_links":{"self":[{"href":"https:\/\/baldumarket.lt\/lt\/wp-json\/wp\/v2\/product\/250807","targetHints":{"allow":["GET"]}}],"collection":[{"href":"https:\/\/baldumarket.lt\/lt\/wp-json\/wp\/v2\/product"}],"about":[{"href":"https:\/\/baldumarket.lt\/lt\/wp-json\/wp\/v2\/types\/product"}],"replies":[{"embeddable":true,"href":"https:\/\/baldumarket.lt\/lt\/wp-json\/wp\/v2\/comments?post=250807"}],"wp:featuredmedia":[{"embeddable":true,"href":"https:\/\/baldumarket.lt\/lt\/wp-json\/wp\/v2\/media\/250808"}],"wp:attachment":[{"href":"https:\/\/baldumarket.lt\/lt\/wp-json\/wp\/v2\/media?parent=250807"}],"wp:term":[{"taxonomy":"product_brand","embeddable":true,"href":"https:\/\/baldumarket.lt\/lt\/wp-json\/wp\/v2\/product_brand?post=250807"},{"taxonomy":"product_cat","embeddable":true,"href":"https:\/\/baldumarket.lt\/lt\/wp-json\/wp\/v2\/product_cat?post=250807"},{"taxonomy":"product_tag","embeddable":true,"href":"https:\/\/baldumarket.lt\/lt\/wp-json\/wp\/v2\/product_tag?post=250807"}],"curies":[{"name":"wp","href":"https:\/\/api.w.org\/{rel}","templated":true}]}}