{"id":250791,"date":"2026-01-10T18:09:57","date_gmt":"2026-01-10T15:09:57","guid":{"rendered":"https:\/\/baldumarket.lt\/product\/szafa-story-so-01-bialy-dab-nash\/"},"modified":"2026-02-11T18:31:58","modified_gmt":"2026-02-11T15:31:58","slug":"szafa-story-so-01-bialy-dab-nash","status":"publish","type":"product","link":"https:\/\/baldumarket.lt\/lt\/product\/szafa-story-so-01-bialy-dab-nash\/","title":{"rendered":"Spinta STORY SO-01 balta \/ \u0105\u017euolas ne\u0161"},"content":{"rendered":"<p>Modelis: SO-01 Spalva: balta \/ \u0105\u017euolas \u201eNASH\u201c Matmenys: Plotis: 85 cm Auk\u0161tis: 186 cm Gylis: 52 cm Pagrindin\u0117 informacija: korpuso pavadinimas: SO-01 kolekcijos pavadinimas: STORY korpuso indeksas: SO1BDN spalva: balta \/ \u0105\u017euolas \u201eNASH\u201c bald\u0173 tipas: spinta korpuso charakteristikos: 2D1S plotis: 85 cm auk\u0161tis: 186 cm gylis: 52 cm korpuso svoris: 60 kg surinkimas: reikalingas surinkimas kolekcijos stilius: modernus interjero tipas 1: jaunimo kambarys interjero tipas 2: miegamasis interjero tipas 3: spintos \u012franga: 1x b\u0117gelis stal\u010di\u0173 skai\u010dius: 1 dureli\u0173 skai\u010dius: 2 Furnit\u016bra: vyris: pasl\u0117ptas \u012fprastas rankena: plastikin\u0117 stal\u010diaus kreipian\u010dioji: ritinin\u0117 kreipian\u010dioji p\u0117del\u0117 \/ koja: b\u0117gelis su vinimi Med\u017eiaga: korpusas: laminuota med\u017eio dro\u017eli\u0173 plok\u0161t\u0117; 16 mm; 25 mm korpuso kra\u0161to apdaila: B 1,0 mm korpuso spalva: balta \/ \u0105\u017euolas \u201eNASH\u201c vir\u0161us: laminuota med\u017eio dro\u017eli\u0173 plok\u0161t\u0117; 25 mm vir\u0161utin\u0117s briaunos apdaila: B 1,0 mm faneruot\u0173 vir\u0161utini\u0173 briaun\u0173 skai\u010dius: 4 vir\u0161utin\u0117s spalvos: \u0105\u017euolas be \u0105\u017euolo galin\u0117 sienel\u0117: HDF plok\u0161t\u0117; 3 mm matoma galin\u0117s sienel\u0117s apdaila: laminatas nematoma galin\u0117s sienel\u0117s apdaila: neapdorota galin\u0117s sienos tvirtinimas: rie\u0161utas galin\u0117s sienel\u0117s spalva: balta priekis: laminuota med\u017eio dro\u017eli\u0173 plok\u0161t\u0117; 16 mm priekin\u0117s briaunos apdaila: A 0,45 mm priekin\u0117s spalvos: balta stal\u010diaus vidin\u0117 apdaila: balta juostel\u0117 stal\u010diaus apa\u010dia: HDF plok\u0161t\u0117; 3 mm Svarbu: \u0161i spinta gaminama pagal individual\u0173 kliento u\u017esakym\u0105. U\u017esakymo at\u0161aukti negalima pra\u0117jus 48 valandoms nuo u\u017esakymo pateikimo. Pra\u0161ome apsipirkti atid\u017eiai.<\/p>","protected":false},"excerpt":{"rendered":"<p>Model: SO-01 Color: white \/ nash oak Dimensions: Width: 85cm Height: 186cm Depth: 52cm Basic information: body name: SO-01 collection name: STORY body index: SO1BDN color: white \/ nash oak furniture type: wardrobe body characteristics: 2D1S width: 85 cm height: 186 cm depth: 52 cm body weight: 60 kg assembly: requires assembly collection style: modern [&hellip;]<\/p>","protected":false},"featured_media":250792,"comment_status":"open","ping_status":"open","template":"","meta":[],"product_brand":[],"product_cat":[9263,2454,1177],"product_tag":[],"class_list":{"0":"post-250791","1":"product","2":"type-product","3":"status-publish","4":"has-post-thumbnail","6":"product_cat-furniture-system-story-lenart","7":"product_cat-lenart","8":"product_cat-wardrobes","10":"first","11":"instock","12":"purchasable","13":"product-type-simple"},"_links":{"self":[{"href":"https:\/\/baldumarket.lt\/lt\/wp-json\/wp\/v2\/product\/250791","targetHints":{"allow":["GET"]}}],"collection":[{"href":"https:\/\/baldumarket.lt\/lt\/wp-json\/wp\/v2\/product"}],"about":[{"href":"https:\/\/baldumarket.lt\/lt\/wp-json\/wp\/v2\/types\/product"}],"replies":[{"embeddable":true,"href":"https:\/\/baldumarket.lt\/lt\/wp-json\/wp\/v2\/comments?post=250791"}],"wp:featuredmedia":[{"embeddable":true,"href":"https:\/\/baldumarket.lt\/lt\/wp-json\/wp\/v2\/media\/250792"}],"wp:attachment":[{"href":"https:\/\/baldumarket.lt\/lt\/wp-json\/wp\/v2\/media?parent=250791"}],"wp:term":[{"taxonomy":"product_brand","embeddable":true,"href":"https:\/\/baldumarket.lt\/lt\/wp-json\/wp\/v2\/product_brand?post=250791"},{"taxonomy":"product_cat","embeddable":true,"href":"https:\/\/baldumarket.lt\/lt\/wp-json\/wp\/v2\/product_cat?post=250791"},{"taxonomy":"product_tag","embeddable":true,"href":"https:\/\/baldumarket.lt\/lt\/wp-json\/wp\/v2\/product_tag?post=250791"}],"curies":[{"name":"wp","href":"https:\/\/api.w.org\/{rel}","templated":true}]}}