{"id":250764,"date":"2026-01-10T18:09:46","date_gmt":"2026-01-10T15:09:46","guid":{"rendered":"https:\/\/baldumarket.lt\/product\/szafa-przesuwna-dento-dt-01-bialy-dab-stirling\/"},"modified":"2026-02-11T18:31:58","modified_gmt":"2026-02-11T15:31:58","slug":"szafa-przesuwna-dento-dt-01-bialy-dab-stirling","status":"publish","type":"product","link":"https:\/\/baldumarket.lt\/lt\/product\/szafa-przesuwna-dento-dt-01-bialy-dab-stirling\/","title":{"rendered":"DENTRO DT-01 stumdoma spinta, balta \/ \u0105\u017euolas"},"content":{"rendered":"<p>Modelis: DT-01 Spalva: balta \/ stirling \u0105\u017euolas Matmenys: Plotis: 85 cm Auk\u0161tis: 186 cm Gylis: 52 cm Pagrindin\u0117 informacija: korpuso pavadinimas: DT-01 kolekcijos pavadinimas: DENTRO korpuso indeksas: DT1BDS spalvos: balta \/ stirling \u0105\u017euolas bald\u0173 tipas: spinta korpuso charakteristikos: 3D plotis: 220 cm auk\u0161tis: 215 cm gylis: 63 cm korpuso svoris: 206 kg surinkimas: reikalingas surinkimas kolekcijos stilius: modernus interjeras 1 tipas: miegamojo interjeras 2 tipas: spintos \u012franga: 2x b\u0117geliai, 6x lentynos dureli\u0173 skai\u010dius: 3 furnit\u016bra: rankena: plastikin\u0117 spintos priekin\u0117 kreipian\u010dioji: aliuminis; apatinis ir vir\u0161utinis surinkimas koja \/ kojel\u0117: b\u0117gelis su vinimi Med\u017eiaga: korpusas: laminuota med\u017eio dro\u017eli\u0173 plok\u0161t\u0117; 16 mm korpusas kra\u0161to apdaila: A 0,45 mm korpuso spalva: balta vir\u0161us: laminuota med\u017eio dro\u017eli\u0173 plok\u0161t\u0117; 16 mm vir\u0161utin\u0117s kra\u0161to apdaila: A 0,45 mm klijuot\u0173 vir\u0161utini\u0173 kra\u0161t\u0173 skai\u010dius: 2 vir\u0161utin\u0117 spalva: balta lentyna: laminuota med\u017eio dro\u017eli\u0173 plok\u0161t\u0117; 16 mm storio matomos galin\u0117s sienel\u0117s dalies apdaila: laminatas; nematomos galin\u0117s sienel\u0117s dalies apdaila: neapdorota; galin\u0117s sienel\u0117s tvirtinimas: pastaba; galin\u0117s sienel\u0117s spalva: balta; lentyna: laminuota med\u017eio dro\u017eli\u0173 plok\u0161t\u0117; 16 mm storio lentynos kra\u0161to apdaila: A 0,45 mm; klijuot\u0173 lentyn\u0173 kra\u0161t\u0173 skai\u010dius: 5 kg; leistina lentynos apkrova: 5 kg; lentynos spalva: balta; lentyn\u0173 skai\u010dius: 6; priekis: laminuota med\u017eio dro\u017eli\u0173 plok\u0161t\u0117; 16 mm storio priekin\u0117s kra\u0161to apdaila: A 0,45 mm; priekin\u0117s spalvos: balta; veidrodis: veidrodis; 3 mm storio veidrod\u017eio spalva: balta. Svarbu: Spinta gaminama pagal individual\u0173 kliento u\u017esakym\u0105. At\u0161aukti u\u017esakym\u0105 negalima pra\u0117jus 48 valandoms nuo u\u017esakymo pateikimo. Pra\u0161ome apsipirkti atid\u017eiai.<\/p>","protected":false},"excerpt":{"rendered":"<p>Modelis: DT-01 Spalva: balta \/ \u0105\u017euolas Matmenys: Plotis: 85 cm Auk\u0161tis: 186 cm Gylis: 52 cm Pagrindin\u0117 informacija: korpuso pavadinimas: DT-01 kolekcijos pavadinimas: DENTRO korpuso indeksas: DT1BDS spalvos: balta \/ \u0105\u017euolas bald\u0173 tipas: spinta korpuso charakteristikos: 3D plotis: 220 cm auk\u0161tis: 215 cm gylis: 63 cm korpuso svoris: 206 kg surinkimas: reikalingas surinkimas kolekcijos stilius: modernus [\u2026]<\/p>","protected":false},"featured_media":250765,"comment_status":"open","ping_status":"closed","template":"","meta":[],"product_brand":[],"product_cat":[9267,2454,1177],"product_tag":[],"class_list":{"0":"post-250764","1":"product","2":"type-product","3":"status-publish","4":"has-post-thumbnail","6":"product_cat-furniture-system-dentro-leanart","7":"product_cat-lenart","8":"product_cat-wardrobes","10":"first","11":"instock","12":"purchasable","13":"product-type-simple"},"_links":{"self":[{"href":"https:\/\/baldumarket.lt\/lt\/wp-json\/wp\/v2\/product\/250764","targetHints":{"allow":["GET"]}}],"collection":[{"href":"https:\/\/baldumarket.lt\/lt\/wp-json\/wp\/v2\/product"}],"about":[{"href":"https:\/\/baldumarket.lt\/lt\/wp-json\/wp\/v2\/types\/product"}],"replies":[{"embeddable":true,"href":"https:\/\/baldumarket.lt\/lt\/wp-json\/wp\/v2\/comments?post=250764"}],"wp:featuredmedia":[{"embeddable":true,"href":"https:\/\/baldumarket.lt\/lt\/wp-json\/wp\/v2\/media\/250765"}],"wp:attachment":[{"href":"https:\/\/baldumarket.lt\/lt\/wp-json\/wp\/v2\/media?parent=250764"}],"wp:term":[{"taxonomy":"product_brand","embeddable":true,"href":"https:\/\/baldumarket.lt\/lt\/wp-json\/wp\/v2\/product_brand?post=250764"},{"taxonomy":"product_cat","embeddable":true,"href":"https:\/\/baldumarket.lt\/lt\/wp-json\/wp\/v2\/product_cat?post=250764"},{"taxonomy":"product_tag","embeddable":true,"href":"https:\/\/baldumarket.lt\/lt\/wp-json\/wp\/v2\/product_tag?post=250764"}],"curies":[{"name":"wp","href":"https:\/\/api.w.org\/{rel}","templated":true}]}}