{"id":250749,"date":"2026-01-10T18:09:40","date_gmt":"2026-01-10T15:09:40","guid":{"rendered":"https:\/\/baldumarket.lt\/product\/szafa-przesuwna-trzydrzwiowa-arti-ar-02-czarna\/"},"modified":"2026-02-11T18:31:59","modified_gmt":"2026-02-11T15:31:59","slug":"szafa-przesuwna-trzydrzwiowa-arti-ar-02-czarna","status":"publish","type":"product","link":"https:\/\/baldumarket.lt\/lt\/product\/szafa-przesuwna-trzydrzwiowa-arti-ar-02-czarna\/","title":{"rendered":"ARTI AR-02 trij\u0173 dur\u0173 stumdoma spinta &#8211; juoda"},"content":{"rendered":"<p>Modelis: AR-02<br \/>\nSpalva: juoda<br \/>\nMatmenys: Plotis: 250 cm<br \/>\n\u016agis: 215 cm<br \/>\nGylis: 60 cm<br \/>\nPagrindin\u0117 informacija: Formos pavadinimas: AR-02<br \/>\nKolekcijos pavadinimas: ARTI<br \/>\nU\u017euolaidin\u0117s sienos indeksas: AR2C<br \/>\nSpalva: juoda<br \/>\nBald\u0173 tipas: Drabu\u017ein\u0117<br \/>\nU\u017euolaidin\u0117s sienos dizainas: 3D<br \/>\nPlotis: 250 cm<br \/>\n\u016agis: 215 cm<br \/>\nGylis: 60 cm<br \/>\nU\u017euolaidin\u0117s sienos svoris: 218,0 kg<br \/>\nSurinkimas: Reikalingas surinkimas<br \/>\nKolekcijos stilius: Modernus<br \/>\n1 interjero tipas: Drabu\u017ein\u0117<br \/>\n2 interjero tipas: Miegamasis<br \/>\nTvirtinimo elementai: 2x b\u0117geliai, 6x lentynos<br \/>\nDur\u0173 skai\u010dius: 3<br \/>\nJungtys: Rankena: plastikas<br \/>\nSpintos priekin\u0117 kreipian\u010dioji: aliuminis; tvirtinama apa\u010dioje ir vir\u0161uje<br \/>\nP\u0117da\/koja: slysti vinimi<br \/>\nAp\u0161vietimas \u012ftrauktas: neprivaloma<br \/>\nAp\u0161vietimo tipas: LED<br \/>\nEnergijos klas\u0117: A++<br \/>\nMed\u017eiaga: Korpusas: laminuota med\u017eio dro\u017eli\u0173 plok\u0161t\u0117: 16 mm<br \/>\nKorpuso kra\u0161to apdaila: A 0,45 mm<br \/>\nKorpuso spalva: juoda<br \/>\nVir\u0161us: laminuota med\u017eio dro\u017eli\u0173 plok\u0161t\u0117; 16 mm<br \/>\nVir\u0161utinio kra\u0161to apdaila: A 0,45 mm<br \/>\nFaneruot\u0173 vir\u0161utini\u0173 briaun\u0173 skai\u010dius: 1<br \/>\nVir\u0161utin\u0117 spalva: juoda<br \/>\nGalin\u0117 siena: HDF plok\u0161t\u0117; 3 mm<br \/>\nMatomos galin\u0117s sienos apdaila: laminatas<br \/>\nNematoma galin\u0117s sienel\u0117s apdaila: neapdorota<br \/>\nTvirtinimas prie galin\u0117s sienos: ver\u017el\u0117<br \/>\nGalin\u0117s sienos spalva: balta<br \/>\nLentyna: laminuota med\u017eio dro\u017eli\u0173 plok\u0161t\u0117; 16 mm<br \/>\nLentynos kra\u0161to apdaila: A 0,45 mm<br \/>\nKlijuot\u0173 lentyn\u0173 kra\u0161t\u0173 skai\u010dius: 1<br \/>\nLeistina lentyn\u0173 apkrova: 5 kg<br \/>\nLentynos spalva: juoda<br \/>\nLentyn\u0173 skai\u010dius: 6<br \/>\nPriekin\u0117 dalis: laminuota med\u017eio dro\u017eli\u0173 plok\u0161t\u0117; 16 mm<br \/>\nPriekinio kra\u0161to apdaila: A 0,45 mm<br \/>\nPriekin\u0117 spalva: juoda<br \/>\nVeidrodis: veidrodis; 3 mm<br \/>\nVeidrod\u017eio spalva: balta<br \/>\nSvarbu<br \/>\n\u0160i spinta gaminama pagal individual\u0173 kliento u\u017esakym\u0105. U\u017esakymo parametr\u0173 negalima keisti pra\u0117jus 48 valandoms nuo u\u017esakymo pateikimo. Pra\u0161ome apsipirkti atid\u017eiai. Pakuot\u0117s matmenys<br \/>\nArti pakuot\u0117 1\/5 224 x 61 x 8 cm \u2013 51 kg<br \/>\nArti paketas 2\/5 254 x 61 x 6 cm \u2013 44 kg<br \/>\nArti pakuot\u0117 3\/5 98 x 50 x 11 cm \u2013 27 kg<br \/>\nArti paketas 4\/5 215 x 87 x 5 cm \u2013 43 kg<br \/>\nArti paketas 5\/5 211 x 86 x 7 cm \u2013 58 kg<\/p>","protected":false},"excerpt":{"rendered":"<p>Model: AR-02 Color: Black Dimensions: Width: 250cm Height: 215cm Depth: 60cm Basic information: Shape name: AR-02 Collection name: ARTI Curtain wall index: AR2C Color: Black Furniture type: Wardrobe Curtain wall design: 3D Width: 250 cm Height: 215 cm Depth: 60 cm Curtain wall weight: 218.0 kg Assembly: Assembly required Collection style: Modern Interior type 1: [&hellip;]<\/p>","protected":false},"featured_media":250750,"comment_status":"open","ping_status":"open","template":"","meta":[],"product_brand":[],"product_cat":[9265,2454,1177],"product_tag":[],"class_list":{"0":"post-250749","1":"product","2":"type-product","3":"status-publish","4":"has-post-thumbnail","6":"product_cat-furniture-system-arti-lenart","7":"product_cat-lenart","8":"product_cat-wardrobes","10":"first","11":"instock","12":"purchasable","13":"product-type-simple"},"_links":{"self":[{"href":"https:\/\/baldumarket.lt\/lt\/wp-json\/wp\/v2\/product\/250749","targetHints":{"allow":["GET"]}}],"collection":[{"href":"https:\/\/baldumarket.lt\/lt\/wp-json\/wp\/v2\/product"}],"about":[{"href":"https:\/\/baldumarket.lt\/lt\/wp-json\/wp\/v2\/types\/product"}],"replies":[{"embeddable":true,"href":"https:\/\/baldumarket.lt\/lt\/wp-json\/wp\/v2\/comments?post=250749"}],"wp:featuredmedia":[{"embeddable":true,"href":"https:\/\/baldumarket.lt\/lt\/wp-json\/wp\/v2\/media\/250750"}],"wp:attachment":[{"href":"https:\/\/baldumarket.lt\/lt\/wp-json\/wp\/v2\/media?parent=250749"}],"wp:term":[{"taxonomy":"product_brand","embeddable":true,"href":"https:\/\/baldumarket.lt\/lt\/wp-json\/wp\/v2\/product_brand?post=250749"},{"taxonomy":"product_cat","embeddable":true,"href":"https:\/\/baldumarket.lt\/lt\/wp-json\/wp\/v2\/product_cat?post=250749"},{"taxonomy":"product_tag","embeddable":true,"href":"https:\/\/baldumarket.lt\/lt\/wp-json\/wp\/v2\/product_tag?post=250749"}],"curies":[{"name":"wp","href":"https:\/\/api.w.org\/{rel}","templated":true}]}}