{"id":250736,"date":"2026-01-10T18:09:34","date_gmt":"2026-01-10T15:09:34","guid":{"rendered":"https:\/\/baldumarket.lt\/product\/szafa-przesuwna-dwudrzwiowa-arti-ar-06-czarna\/"},"modified":"2026-02-11T18:31:59","modified_gmt":"2026-02-11T15:31:59","slug":"szafa-przesuwna-dwudrzwiowa-arti-ar-06-czarna","status":"publish","type":"product","link":"https:\/\/baldumarket.lt\/lt\/product\/szafa-przesuwna-dwudrzwiowa-arti-ar-06-czarna\/","title":{"rendered":"ARTI AR-06 juoda dviej\u0173 dur\u0173 stumdoma spinta"},"content":{"rendered":"<p>Modelis: AR-05 Spalva: Juoda Matmenys: Plotis: 120 cm Auk\u0161tis: 215 cm Gylis: 60 cm Pagrindin\u0117 informacija: korpuso pavadinimas: AR-06 Kolekcijos pavadinimas: ARTI Korpuso indeksas: AR6C Spalva: Juoda Bald\u0173 tipas: Drabu\u017ein\u0117 Korpuso charakteristikos: 2D Plotis: 120 cm Auk\u0161tis: 215 cm Gylis: 60 cm Korpuso svoris: 210 kg Surinkimas: reikalingas surinkimas Kolekcijos stilius: Modernus Interjero tipas 1: Drabu\u017ein\u0117 Interjero tipas 2: Miegamasis \u012eranga: 2x karnizai, 5x lentynos Dur\u0173 skai\u010dius: 2 Furnit\u016bra: Rankena: Plastikin\u0117 Spintel\u0117s priekin\u0117 kreipian\u010dioji: Aliumin\u0117; Apatinis ir vir\u0161utinis surinkimas Kojel\u0117\/koja: Slydimas su vinimi Ap\u0161vietimas: Papildomai Ap\u0161vietimo tipas: LED Energijos klas\u0117: A++<br \/>\nMed\u017eiaga: Korpusas: laminuota med\u017eio dro\u017eli\u0173 plok\u0161t\u0117: 16 mm; Korpuso kra\u0161to apdaila: A 0,45 mm; Korpuso spalva: juoda; Vir\u0161us: laminuota med\u017eio dro\u017eli\u0173 plok\u0161t\u0117; 16 mm; Vir\u0161utinio kra\u0161to apdaila: A 0,45 mm; Klijuot\u0173 vir\u0161utini\u0173 kra\u0161t\u0173 skai\u010dius: 2; Vir\u0161utin\u0117 spalva: juoda; Galin\u0117 sienel\u0117: HDF plok\u0161t\u0117; 3 mm; Matoma galin\u0117s sienel\u0117s dalis: laminatas; Nematoma galin\u0117s sienel\u0117s dalis: neapdorota; Tvirtinimas prie galin\u0117s sienos: Nuta; Galin\u0117s sienel\u0117s spalva: balta; Lentyna: laminuota med\u017eio dro\u017eli\u0173 plok\u0161t\u0117; 16 mm; Lentynos kra\u0161to apdaila: A 0,45 mm; Klijuot\u0173 lentyn\u0173 kra\u0161t\u0173 skai\u010dius: 1; Leistinas lentynos svoris: 5 kg; Lentynos spalva: juoda; Lentyn\u0173 skai\u010dius: 5; Priekis: laminuota med\u017eio dro\u017eli\u0173 plok\u0161t\u0117; 16 mm; priekin\u0117s kra\u0161to apdaila: A 0,45 mm; priekin\u0117 spalva: juoda; veidrodis: veidrodis; 3 mm; veidrod\u017eio spalva: balta<\/p>","protected":false},"excerpt":{"rendered":"<p>Model: AR-05 Color: Black Dimensions: Width: 120cm Height: 215cm Depth: 60cm Basic information: name of the body: AR-06 name of the collection: ARTI body index: AR6C color: black furniture type: wardrobe body characteristics: 2D width: 120 cm height: 215 cm depth: 60 cm body weight: 210 kg assembly: assembly required collection style: modern type of [&hellip;]<\/p>","protected":false},"featured_media":250737,"comment_status":"open","ping_status":"open","template":"","meta":[],"product_brand":[],"product_cat":[9265,2454,1177],"product_tag":[],"class_list":{"0":"post-250736","1":"product","2":"type-product","3":"status-publish","4":"has-post-thumbnail","6":"product_cat-furniture-system-arti-lenart","7":"product_cat-lenart","8":"product_cat-wardrobes","10":"first","11":"instock","12":"purchasable","13":"product-type-simple"},"_links":{"self":[{"href":"https:\/\/baldumarket.lt\/lt\/wp-json\/wp\/v2\/product\/250736","targetHints":{"allow":["GET"]}}],"collection":[{"href":"https:\/\/baldumarket.lt\/lt\/wp-json\/wp\/v2\/product"}],"about":[{"href":"https:\/\/baldumarket.lt\/lt\/wp-json\/wp\/v2\/types\/product"}],"replies":[{"embeddable":true,"href":"https:\/\/baldumarket.lt\/lt\/wp-json\/wp\/v2\/comments?post=250736"}],"wp:featuredmedia":[{"embeddable":true,"href":"https:\/\/baldumarket.lt\/lt\/wp-json\/wp\/v2\/media\/250737"}],"wp:attachment":[{"href":"https:\/\/baldumarket.lt\/lt\/wp-json\/wp\/v2\/media?parent=250736"}],"wp:term":[{"taxonomy":"product_brand","embeddable":true,"href":"https:\/\/baldumarket.lt\/lt\/wp-json\/wp\/v2\/product_brand?post=250736"},{"taxonomy":"product_cat","embeddable":true,"href":"https:\/\/baldumarket.lt\/lt\/wp-json\/wp\/v2\/product_cat?post=250736"},{"taxonomy":"product_tag","embeddable":true,"href":"https:\/\/baldumarket.lt\/lt\/wp-json\/wp\/v2\/product_tag?post=250736"}],"curies":[{"name":"wp","href":"https:\/\/api.w.org\/{rel}","templated":true}]}}