{"id":250720,"date":"2026-01-10T18:09:28","date_gmt":"2026-01-10T15:09:28","guid":{"rendered":"https:\/\/baldumarket.lt\/product\/szafa-qubic-qb-01-dab-artisan-silk-flu-raw-steel\/"},"modified":"2026-02-11T18:31:59","modified_gmt":"2026-02-11T15:31:59","slug":"szafa-qubic-qb-01-dab-artisan-silk-flu-raw-steel","status":"publish","type":"product","link":"https:\/\/baldumarket.lt\/lt\/product\/szafa-qubic-qb-01-dab-artisan-silk-flu-raw-steel\/","title":{"rendered":"QUBIC QB-01 spinta, \u0105\u017euolo dirbiniai\/\u0161ilko fleita\/neapdorotas plienas"},"content":{"rendered":"<p>Modelis: QB-01 Spalva: artisan \u0105\u017euolas \/ \u0161ilko pilka \/ neapdorotas plienas Matmenys: Plotis: 95 cm Auk\u0161tis: 195 cm Gylis: 95 cm Pagrindin\u0117 informacija: korpuso pavadinimas: QB-1 kolekcijos pavadinimas: QUBIC korpuso indeksas: QB1DAR spalvos: artisan \u0105\u017euolas \/ \u0161ilko pilka \/ neapdorotas plienas bald\u0173 tipas: spinta plotis: 95 cm auk\u0161tis: 195 cm gylis: 95 cm korpuso svoris: 97 kg surinkimas: reikalingas surinkimas kolekcijos stilius: modernus interjero tipas 1: jaunimo kambarys \u012franga: 2x karnizas, 8x lentynos dureli\u0173 skai\u010dius: 2 furnit\u016bra: vyris: pasl\u0117ptas \u012fprastas rankena: metalin\u0117 koja \/ koja: slystantis su vinimis ap\u0161vietimu n\u0117ra Med\u017eiaga: korpusas: laminuota med\u017eio dro\u017eli\u0173 plok\u0161t\u0117; 16 mm; 22 mm korpuso kra\u0161to apdaila: A 0,45 mm; S 1,70 mm korpuso spalva: artisan \u0105\u017euolas \/ neapdorotas plienas vir\u0161us: laminuota med\u017eio dro\u017eli\u0173 plok\u0161t\u0117; 22 mm vir\u0161utin\u0117s kra\u0161to apdaila: S 1,70 mm klijuot\u0173 vir\u0161utini\u0173 kra\u0161t\u0173 skai\u010dius: 4 vir\u0161utin\u0117s spalvos: artisan \u0105\u017euolas galin\u0117 sienel\u0117: HDF plok\u0161t\u0117; 3 mm matomos galin\u0117s sienel\u0117s dalies apdaila: laminatas; nematomos galin\u0117s sienel\u0117s dalies apdaila: neapdorota; galin\u0117s sienos tvirtinimas: \u201enuta\u201c; galin\u0117s sienel\u0117s spalva: \u0105\u017euolo dirbiniai; lentyna: laminuota med\u017eio dro\u017eli\u0173 plok\u0161t\u0117; 16 mm lentynos kra\u0161to apdaila: A; 0,45 mm; klijuot\u0173 lentyn\u0173 kra\u0161t\u0173 skai\u010dius: 1; leistina lentynos apkrova: 5 kg; lentynos spalva: \u0105\u017euolo dirbiniai; lentyn\u0173 skai\u010dius: 8; priekis: laminuota med\u017eio dro\u017eli\u0173 plok\u0161t\u0117; 16 mm; priekin\u0117s briaunos apdaila: S; 1,70 mm; priekin\u0117s spalvos: \u0105\u017euolo dirbiniai\/\u0161ilkin\u0117 danga. Svarbu: Spinta gaminama pagal individual\u0173 kliento u\u017esakym\u0105. U\u017esakymo at\u0161aukti negalima pra\u0117jus 48 valandoms nuo u\u017esakymo pateikimo. Pra\u0161ome apsipirkti atid\u017eiai.<\/p>","protected":false},"excerpt":{"rendered":"<p>Model: QB-01 Color: artisan oak \/ silk flou \/ raw steel Dimensions: Width: 95cm Height: 195cm Depth: 95cm Basic information: body name: QB-1 collection name: QUBIC body index: QB1DAR colors: artisan oak \/ silk flu \/ raw steel furniture type: wardrobe width: 95 cm height: 195 cm depth: 95 cm body weight: 97 kg assembly: [&hellip;]<\/p>","protected":false},"featured_media":250721,"comment_status":"open","ping_status":"open","template":"","meta":[],"product_brand":[],"product_cat":[9261,2454,1177],"product_tag":[],"class_list":{"0":"post-250720","1":"product","2":"type-product","3":"status-publish","4":"has-post-thumbnail","6":"product_cat-furniture-system-qubic-lenart","7":"product_cat-lenart","8":"product_cat-wardrobes","10":"first","11":"instock","12":"purchasable","13":"product-type-simple"},"_links":{"self":[{"href":"https:\/\/baldumarket.lt\/lt\/wp-json\/wp\/v2\/product\/250720","targetHints":{"allow":["GET"]}}],"collection":[{"href":"https:\/\/baldumarket.lt\/lt\/wp-json\/wp\/v2\/product"}],"about":[{"href":"https:\/\/baldumarket.lt\/lt\/wp-json\/wp\/v2\/types\/product"}],"replies":[{"embeddable":true,"href":"https:\/\/baldumarket.lt\/lt\/wp-json\/wp\/v2\/comments?post=250720"}],"wp:featuredmedia":[{"embeddable":true,"href":"https:\/\/baldumarket.lt\/lt\/wp-json\/wp\/v2\/media\/250721"}],"wp:attachment":[{"href":"https:\/\/baldumarket.lt\/lt\/wp-json\/wp\/v2\/media?parent=250720"}],"wp:term":[{"taxonomy":"product_brand","embeddable":true,"href":"https:\/\/baldumarket.lt\/lt\/wp-json\/wp\/v2\/product_brand?post=250720"},{"taxonomy":"product_cat","embeddable":true,"href":"https:\/\/baldumarket.lt\/lt\/wp-json\/wp\/v2\/product_cat?post=250720"},{"taxonomy":"product_tag","embeddable":true,"href":"https:\/\/baldumarket.lt\/lt\/wp-json\/wp\/v2\/product_tag?post=250720"}],"curies":[{"name":"wp","href":"https:\/\/api.w.org\/{rel}","templated":true}]}}