{"id":250712,"date":"2026-01-10T18:09:25","date_gmt":"2026-01-10T15:09:25","guid":{"rendered":"https:\/\/baldumarket.lt\/product\/szafa-qubic-qb-02-dab-artisan-silk-flu-raw-steel\/"},"modified":"2026-02-11T18:31:59","modified_gmt":"2026-02-11T15:31:59","slug":"szafa-qubic-qb-02-dab-artisan-silk-flu-raw-steel","status":"publish","type":"product","link":"https:\/\/baldumarket.lt\/lt\/produktas\/szafa-qubic-qb-02-dab-artisan-silk-flu-raw-steel\/","title":{"rendered":"QUBIC QB-02 spinta, \u0105\u017euolo dirbiniai\/\u0161ilko fleita\/neapdorotas plienas"},"content":{"rendered":"<p>Modelis: QB-02 Spalva: artisan \u0105\u017euolas \/ \u0161ilko pilka \/ neapdorotas plienas Matmenys: Plotis: 130 cm Auk\u0161tis: 195 cm Gylis: 55 cm Pagrindin\u0117 informacija: korpuso pavadinimas: QB-2 kolekcijos pavadinimas: QUBIC korpuso indeksas: QB2DAR spalvos: artisan \u0105\u017euolas \/ \u0161ilko pilka \/ neapdorotas plienas Baldo tipas: spinta Korpuso charakteristikos: 3D1S Plotis: 130 cm Auk\u0161tis: 195 cm Gylis: 52 cm Korpuso svoris: 104 kg Surinkimas: reikalingas surinkimas Kolekcijos stilius: modernus Interjero tipas 1: Jaunimo kambarys \u012eranga: 1x karnizas, 3x lentyna Stal\u010di\u0173 skai\u010dius: 1 Dur\u0173 skai\u010dius: 3 Furnit\u016bra: Vyris: pasl\u0117ptas \u012fprastas Rankena: metalinis Stal\u010diaus b\u0117gelis: rutulinis guolis P\u0117da \/ koja: b\u0117gelis su vinimis Ap\u0161vietimas \u012ftrauktas: yra Ap\u0161vietimo tipas: LED juostel\u0117 Med\u017eiaga: korpusas: laminuota med\u017eio dro\u017eli\u0173 plok\u0161t\u0117; 16 mm; 22 mm Korpuso kra\u0161t\u0173 apdaila: A 0,45 mm; S 1,70 mm Korpuso spalva: artisan \u0105\u017euolas \/ neapdorotas plienas \/ \u0161ilko pilka Vir\u0161us: laminuota med\u017eio dro\u017eli\u0173 plok\u0161t\u0117; 16 mm vir\u0161utin\u0117s briaunos apdaila: S 1,70 mm klijuot\u0173 vir\u0161utini\u0173 briaun\u0173 skai\u010dius: 4 vir\u0161utin\u0117 spalva: artisti\u0161kas \u0105\u017euolas galin\u0117 sienel\u0117: HDF plok\u0161t\u0117; 3 mm matomos galin\u0117s sienel\u0117s dalies apdaila: laminatas nematomos galin\u0117s sienel\u0117s dalies apdaila: neapdorota galin\u0117s sienos tvirtinimas: \u201enuta\u201c galin\u0117s sienel\u0117s spalva: artisti\u0161kas \u0105\u017euolas lentyna: laminuota med\u017eio dro\u017eli\u0173 plok\u0161t\u0117; 16 mm lentynos kra\u0161to apdaila: A 0,45 mm klijuot\u0173 lentynos kra\u0161t\u0173 skai\u010dius: 1 leistina lentynos apkrova: 5 kg lentynos spalva: artisti\u0161kas \u0105\u017euolas lentyn\u0173 skai\u010dius: 3 priekin\u0117 dalis: laminuota med\u017eio dro\u017eli\u0173 plok\u0161t\u0117; 16 mm priekinio kra\u0161to apdaila: S 1,70 mm priekin\u0117s dalies spalva: artisti\u0161kas \u0105\u017euolas\/\u0161ilkin\u0117 danga\/neapdorotas plienas stal\u010diaus vidin\u0117 apdaila: balta juostel\u0117 stal\u010diaus dugnas: HDF plok\u0161t\u0117; 3 mm svarbu: \u0161i spinta gaminama pagal u\u017esakym\u0105. U\u017esakymo at\u0161aukti negalima pra\u0117jus 48 valandoms nuo pateikimo. Pra\u0161ome apsipirkti atid\u017eiai.<\/p>","protected":false},"excerpt":{"rendered":"<p>Modelis: QB-02 Spalva: meni\u0161kas \u0105\u017euolas \/ \u0161ilko pilka \/ neapdorotas plienas Matmenys: Plotis: 130 cm Auk\u0161tis: 195 cm Gylis: 55 cm Pagrindin\u0117 informacija: korpuso pavadinimas: QB-2 kolekcijos pavadinimas: QUBIC korpuso indeksas: QB2DAR spalvos: meni\u0161kas \u0105\u017euolas \/ \u0161ilko pilka \/ neapdorotas plienas Baldo tipas: spinta Korpuso charakteristikos: 3D1S Plotis: 130 cm Auk\u0161tis: 195 cm Gylis: [\u2026]<\/p>","protected":false},"featured_media":250713,"comment_status":"open","ping_status":"open","template":"","meta":[],"product_brand":[],"product_cat":[9261,2454,1177],"product_tag":[],"class_list":{"0":"post-250712","1":"product","2":"type-product","3":"status-publish","4":"has-post-thumbnail","6":"product_cat-furniture-system-qubic-lenart","7":"product_cat-lenart","8":"product_cat-wardrobes","10":"first","11":"instock","12":"purchasable","13":"product-type-simple"},"_links":{"self":[{"href":"https:\/\/baldumarket.lt\/lt\/wp-json\/wp\/v2\/product\/250712","targetHints":{"allow":["GET"]}}],"collection":[{"href":"https:\/\/baldumarket.lt\/lt\/wp-json\/wp\/v2\/product"}],"about":[{"href":"https:\/\/baldumarket.lt\/lt\/wp-json\/wp\/v2\/types\/product"}],"replies":[{"embeddable":true,"href":"https:\/\/baldumarket.lt\/lt\/wp-json\/wp\/v2\/comments?post=250712"}],"wp:featuredmedia":[{"embeddable":true,"href":"https:\/\/baldumarket.lt\/lt\/wp-json\/wp\/v2\/media\/250713"}],"wp:attachment":[{"href":"https:\/\/baldumarket.lt\/lt\/wp-json\/wp\/v2\/media?parent=250712"}],"wp:term":[{"taxonomy":"product_brand","embeddable":true,"href":"https:\/\/baldumarket.lt\/lt\/wp-json\/wp\/v2\/product_brand?post=250712"},{"taxonomy":"product_cat","embeddable":true,"href":"https:\/\/baldumarket.lt\/lt\/wp-json\/wp\/v2\/product_cat?post=250712"},{"taxonomy":"product_tag","embeddable":true,"href":"https:\/\/baldumarket.lt\/lt\/wp-json\/wp\/v2\/product_tag?post=250712"}],"curies":[{"name":"wp","href":"https:\/\/api.w.org\/{rel}","templated":true}]}}