{"id":250704,"date":"2026-01-10T18:09:21","date_gmt":"2026-01-10T15:09:21","guid":{"rendered":"https:\/\/baldumarket.lt\/product\/lozko-quant-qs-02-180x200-dab-artisan-czarny\/"},"modified":"2026-02-11T18:31:59","modified_gmt":"2026-02-11T15:31:59","slug":"lozko-quant-qs-02-180x200-dab-artisan-czarny","status":"publish","type":"product","link":"https:\/\/baldumarket.lt\/lt\/product\/lozko-quant-qs-02-180x200-dab-artisan-czarny\/","title":{"rendered":"QUANT QS-02 Lova | 180&#215;200 | Artisan \u0105\u017euolas, juoda"},"content":{"rendered":"<p>Modelis: QS-02 (180)<br \/>\nSpalva: juoda \/ meni\u0161ko \u0105\u017euolo<br \/>\nMatmenys: Plotis: 190 cm<br \/>\nAuk\u0161tis: 95 cm<br \/>\nGylis: 214 cm<br \/>\nPagrindin\u0117 informacija: Korpuso pavadinimas: QS-02 (180)<br \/>\nKolekcijos pavadinimas: QUANT<br \/>\nKorpuso indeksas: QS2180DAC<br \/>\nSpalva: Artisan \u0105\u017euolas \/ juoda<br \/>\nBald\u0173 tipas: Naktinis staliukas<br \/>\nPlotis: 190 cm<br \/>\nAuk\u0161tis: 95 cm<br \/>\nGylis: 214 cm<br \/>\nK\u016bno svoris: 114 kg<br \/>\nSurinkimas: Reikalingas surinkimas<br \/>\nKolekcijos stilius: Modernus<br \/>\n1 interjero tipas: miegamasis<br \/>\nJungiamosios detal\u0117s: P\u0117da\/Koja: Slydiklis su vinimi<br \/>\nAp\u0161vietimas \u012ftrauktas: Taip<br \/>\nAp\u0161vietimo tipas: LED juostel\u0117<br \/>\nEnergijos klas\u0117: A++<br \/>\nMed\u017eiaga: Korpusas: Med\u017eio dro\u017eli\u0173 plok\u0161t\u0117 Laminuota: 16 mm, 22 mm<br \/>\nR\u0117mo kra\u0161to apdaila: A 0,45 mm, W 1,7 mm<br \/>\nR\u0117mo spalva: juoda \/ \u0105\u017euolo spalvos<br \/>\nLovos r\u0117mas: laminuota med\u017eio dro\u017eli\u0173 plok\u0161t\u0117; 16 mm, 22 mm<br \/>\nLovos r\u0117mo kra\u0161to apdaila: A 0,45 mm, W 1,7 mm<br \/>\nGalv\u016bgalis: laminuota med\u017eio dro\u017eli\u0173 plok\u0161t\u0117; 16 mm<br \/>\nGalv\u016bgalis; Plotis 1,7 mm<br \/>\nR\u0117mas: metalas<br \/>\nR\u0117mo matmenys: 180x200 cm<br \/>\nR\u0117mo svoris: 32 g<br \/>\n\u010ciu\u017einio tipas: Bonnell spyruoklinis<br \/>\n\u010ciu\u017einio matmenys: 18x180x200cm<br \/>\n\u010ciu\u017einio svoris: 25 kg<br \/>\n\u010ciu\u017einys \u012fskai\u010diuotas: Ne<br \/>\nPatalyn\u0117 saugykla: Ne<br \/>\nSvarbu<br \/>\n\u0160i lova gaminama pagal u\u017esakym\u0105. At\u0161aukti u\u017esakym\u0105 negalima pra\u0117jus 48 valandoms nuo jo pateikimo. Pra\u0161ome apsipirkti atid\u017eiai.<\/p>","protected":false},"excerpt":{"rendered":"<p>Model: QS-02 (180) Color: Black \/ Artisan Oak Dimensions: Width: 190cm Height: 95cm Depth: 214cm Basic Information: Body Name: QS-02 (180) Collection Name: QUANT Body Index: QS2180DAC Color: Artisan Oak \/ Black Furniture Type: Bedside Table Width: 190cm Height: 95cm Depth: 214cm Body Weight: 114kg Assembly: Assembly Required Collection Style: Modern Interior Type 1: Bedroom [&hellip;]<\/p>","protected":false},"featured_media":250705,"comment_status":"open","ping_status":"open","template":"","meta":[],"product_brand":[],"product_cat":[9252,505,2454],"product_tag":[],"class_list":{"0":"post-250704","1":"product","2":"type-product","3":"status-publish","4":"has-post-thumbnail","6":"product_cat-furniture-system-quant-lenart","7":"product_cat-bedroom-beds","8":"product_cat-lenart","10":"first","11":"instock","12":"purchasable","13":"product-type-simple"},"_links":{"self":[{"href":"https:\/\/baldumarket.lt\/lt\/wp-json\/wp\/v2\/product\/250704","targetHints":{"allow":["GET"]}}],"collection":[{"href":"https:\/\/baldumarket.lt\/lt\/wp-json\/wp\/v2\/product"}],"about":[{"href":"https:\/\/baldumarket.lt\/lt\/wp-json\/wp\/v2\/types\/product"}],"replies":[{"embeddable":true,"href":"https:\/\/baldumarket.lt\/lt\/wp-json\/wp\/v2\/comments?post=250704"}],"wp:featuredmedia":[{"embeddable":true,"href":"https:\/\/baldumarket.lt\/lt\/wp-json\/wp\/v2\/media\/250705"}],"wp:attachment":[{"href":"https:\/\/baldumarket.lt\/lt\/wp-json\/wp\/v2\/media?parent=250704"}],"wp:term":[{"taxonomy":"product_brand","embeddable":true,"href":"https:\/\/baldumarket.lt\/lt\/wp-json\/wp\/v2\/product_brand?post=250704"},{"taxonomy":"product_cat","embeddable":true,"href":"https:\/\/baldumarket.lt\/lt\/wp-json\/wp\/v2\/product_cat?post=250704"},{"taxonomy":"product_tag","embeddable":true,"href":"https:\/\/baldumarket.lt\/lt\/wp-json\/wp\/v2\/product_tag?post=250704"}],"curies":[{"name":"wp","href":"https:\/\/api.w.org\/{rel}","templated":true}]}}