{"id":250696,"date":"2026-01-10T18:09:18","date_gmt":"2026-01-10T15:09:18","guid":{"rendered":"https:\/\/baldumarket.lt\/product\/skrzynia-luna-ln-10-bialy-rozowy\/"},"modified":"2026-02-11T18:31:59","modified_gmt":"2026-02-11T15:31:59","slug":"skrzynia-luna-ln-10-bialy-rozowy","status":"publish","type":"product","link":"https:\/\/baldumarket.lt\/lt\/product\/skrzynia-luna-ln-10-bialy-rozowy\/","title":{"rendered":"LUNA LN-10 komoda | Balta, ro\u017ein\u0117"},"content":{"rendered":"<p>Modelis: LN-10<br \/>\nSpalva: balta\/ro\u017ein\u0117<br \/>\nMatmenys: Plotis: 99 cm<br \/>\nAuk\u0161tis: 39 cm<br \/>\nGylis: 42 cm<br \/>\nPagrindin\u0117 informacija: Formos pavadinimas: LN-10<br \/>\nKolekcijos pavadinimas: LUNA<br \/>\nU\u017euolaidin\u0117s sienos indeksas: LN10BR<br \/>\nSpalva: balta\/ro\u017ein\u0117<br \/>\nBald\u0173 tipas: lovos stal\u010dius<br \/>\nPlotis: 99 cm<br \/>\nAuk\u0161tis: 39 cm<br \/>\nGylis: 42 cm<br \/>\nU\u017euolaidin\u0117s sienos svoris: 19 kg<br \/>\nSurinkimas: reikalingas surinkimas<br \/>\nKolekcijos stilius: modernus<br \/>\n1 interjero tipas: jaunimo kambarys<br \/>\n2 interjero tipas: miegamasis<br \/>\nJungtys: vyris: standartinis pasl\u0117ptas<br \/>\nP\u0117da\/koja: slysti vinimi<br \/>\nMed\u017eiaga: korpusas: laminuota med\u017eio dro\u017eli\u0173 plok\u0161t\u0117; 16 mm; 18 mm; 30 mm<br \/>\nKorpuso kra\u0161to apdaila: B 1.0mm<br \/>\nKorpuso spalva: balta\/ro\u017ein\u0117<br \/>\nVir\u0161us: laminuota med\u017eio dro\u017eli\u0173 plok\u0161t\u0117; 18 mm<br \/>\nVir\u0161utinio kra\u0161to apdaila: B 1,0 mm<br \/>\nLaminuot\u0173 vir\u0161utini\u0173 kra\u0161t\u0173 skai\u010dius: 4<br \/>\nVir\u0161utin\u0117 spalva: ro\u017ein\u0117<br \/>\nGalin\u0117 sienel\u0117: laminuota med\u017eio dro\u017eli\u0173 plok\u0161t\u0117; 16 mm<br \/>\nMatomos galin\u0117s plok\u0161t\u0117s apdaila: laminatas<br \/>\nNematoma galin\u0117s plok\u0161t\u0117s apdaila: laminatas<br \/>\nGalinio skydelio tvirtinimas: muzikin\u0117 nata<br \/>\nGalin\u0117s panel\u0117s spalva: balta<br \/>\nSvarbu<br \/>\n\u0160i skrynia gaminama pagal individual\u0173 kliento u\u017esakym\u0105. U\u017esakymo at\u0161aukti negalima pra\u0117jus 48 valandoms nuo jo pateikimo. Pra\u0161ome apsipirkti atsargiai.<\/p>","protected":false},"excerpt":{"rendered":"<p>Modelis: LN-10 Spalva: balta\/ro\u017ein\u0117 Matmenys: Plotis: 99 cm Auk\u0161tis: 39 cm Gylis: 42 cm Pagrindin\u0117 informacija: Formos pavadinimas: LN-10 Kolekcijos pavadinimas: LUNA U\u017euolaidin\u0117 sienel\u0117 Indeksas: LN10BR Spalva: balta\/ro\u017ein\u0117 Bald\u0173 tipas: lova su stal\u010diumi Plotis: 99 cm Auk\u0161tis: 39 cm Gylis: 42 cm U\u017euolaidin\u0117s sienel\u0117s svoris: 19 kg Surinkimas: reikalingas surinkimas Kolekcijos stilius: modernus Interjero tipas 1: jaunimo kambarys Interjero tipas 2: miegamasis \u012eranga: [\u2026]<\/p>","protected":false},"featured_media":250697,"comment_status":"open","ping_status":"open","template":"","meta":[],"product_brand":[],"product_cat":[9255,9120,2454],"product_tag":[],"class_list":{"0":"post-250696","1":"product","2":"type-product","3":"status-publish","4":"has-post-thumbnail","6":"product_cat-furniture-system-luna-lenart","7":"product_cat-cabinets","8":"product_cat-lenart","10":"first","11":"instock","12":"purchasable","13":"product-type-simple"},"_links":{"self":[{"href":"https:\/\/baldumarket.lt\/lt\/wp-json\/wp\/v2\/product\/250696","targetHints":{"allow":["GET"]}}],"collection":[{"href":"https:\/\/baldumarket.lt\/lt\/wp-json\/wp\/v2\/product"}],"about":[{"href":"https:\/\/baldumarket.lt\/lt\/wp-json\/wp\/v2\/types\/product"}],"replies":[{"embeddable":true,"href":"https:\/\/baldumarket.lt\/lt\/wp-json\/wp\/v2\/comments?post=250696"}],"wp:featuredmedia":[{"embeddable":true,"href":"https:\/\/baldumarket.lt\/lt\/wp-json\/wp\/v2\/media\/250697"}],"wp:attachment":[{"href":"https:\/\/baldumarket.lt\/lt\/wp-json\/wp\/v2\/media?parent=250696"}],"wp:term":[{"taxonomy":"product_brand","embeddable":true,"href":"https:\/\/baldumarket.lt\/lt\/wp-json\/wp\/v2\/product_brand?post=250696"},{"taxonomy":"product_cat","embeddable":true,"href":"https:\/\/baldumarket.lt\/lt\/wp-json\/wp\/v2\/product_cat?post=250696"},{"taxonomy":"product_tag","embeddable":true,"href":"https:\/\/baldumarket.lt\/lt\/wp-json\/wp\/v2\/product_tag?post=250696"}],"curies":[{"name":"wp","href":"https:\/\/api.w.org\/{rel}","templated":true}]}}