{"id":250688,"date":"2026-01-10T18:09:14","date_gmt":"2026-01-10T15:09:14","guid":{"rendered":"https:\/\/baldumarket.lt\/product\/lozko-z-materacem-luna-ln-08-bialy-rozowy\/"},"modified":"2026-02-11T18:31:59","modified_gmt":"2026-02-11T15:31:59","slug":"lozko-z-materacem-luna-ln-08-bialy-rozowy","status":"publish","type":"product","link":"https:\/\/baldumarket.lt\/lt\/product\/lozko-z-materacem-luna-ln-08-bialy-rozowy\/","title":{"rendered":"Lova su \u010diu\u017einiu LUNA LN-08 | Balta, ro\u017ein\u0117"},"content":{"rendered":"<p>Modelis: LN-08<br \/>\nSpalva: balta\/ro\u017ein\u0117<br \/>\nMatmenys: Plotis: 104 cm<br \/>\nAuk\u0161tis: 100 cm<br \/>\nGylis: 209 cm<br \/>\nPagrindin\u0117 informacija: Modelio pavadinimas: LN-08<br \/>\nKolekcijos pavadinimas: LUNA<br \/>\nModelio indeksas: LN8BR<br \/>\nSpalva: balta\/ro\u017ein\u0117<br \/>\nBald\u0173 tipas: naktinis staliukas<br \/>\nPlotis: 104 cm<br \/>\nAuk\u0161tis: 100 cm<br \/>\nGylis: 209 cm<br \/>\nModelio svoris: 56 kg<br \/>\nSurinkimas: Reikalingas surinkimas<br \/>\nKolekcijos stilius: modernus<br \/>\nJungiamosios detal\u0117s: p\u0117da\/koja: slydiklis su vinimi<br \/>\nMed\u017eiaga: korpusas: laminuota med\u017eio dro\u017eli\u0173 plok\u0161t\u0117: 16 mm; 18 mm<br \/>\nKorpuso kra\u0161to apdaila: A 0,45 mm<br \/>\nKorpuso spalva: balta<br \/>\nLovos r\u0117mas: med\u017eio dro\u017eli\u0173 plok\u0161t\u0117<br \/>\nLovos r\u0117mo kra\u0161to apdaila: A 0,45 mm; B 1,0 mm<br \/>\nLovos galv\u016bgalis: laminuota med\u017eio dro\u017eli\u0173 plok\u0161t\u0117; 16 mm<br \/>\nLovos sl\u0117nio galv\u016bgalis: A 0,45 mm<br \/>\nR\u0117mas: medinis<br \/>\nR\u0117mo matmenys: 90x200 mm<br \/>\nR\u0117mo svoris: 9 kg<br \/>\n\u010ciu\u017einio tipas: Bonnell spyruoklinis<br \/>\n\u010ciu\u017einio matmenys: 18x90x200 mm<br \/>\n\u010ciu\u017einio svoris: 13 kg<br \/>\n\u010ciu\u017einys \u012fskai\u010diuotas: taip<br \/>\nPatalyn\u0117 daiktams laikyti: n\u0117ra<br \/>\nSvarbu<br \/>\n\u0160i lova gaminama pagal u\u017esakym\u0105. U\u017esakymo at\u0161aukti negalima pra\u0117jus 48 valandoms nuo jo pateikimo. Pra\u0161ome apsipirkti atsargiai.<\/p>","protected":false},"excerpt":{"rendered":"<p>Modelis: LN-08 Spalva: balta\/ro\u017ein\u0117 Matmenys: Plotis: 104 cm Auk\u0161tis: 100 cm Gylis: 209 cm Pagrindin\u0117 informacija: Modelio pavadinimas: LN-08 Kolekcijos pavadinimas: LUNA Modelio indeksas: LN8BR Spalva: balta\/ro\u017ein\u0117 Baldo tipas: naktinis staliukas Plotis: 104 cm Auk\u0161tis: 100 cm Gylis: 209 cm Modelio svoris: 56 kg Surinkimas: Reikalingas surinkimas Kolekcijos stilius: modernus Furnit\u016bra: koja\/kojel\u0117: slystantis elementas su vinimi Med\u017eiaga: korpusas: laminuotas [\u2026]<\/p>","protected":false},"featured_media":250689,"comment_status":"open","ping_status":"open","template":"","meta":[],"product_brand":[],"product_cat":[9255,505,2454],"product_tag":[],"class_list":{"0":"post-250688","1":"product","2":"type-product","3":"status-publish","4":"has-post-thumbnail","6":"product_cat-furniture-system-luna-lenart","7":"product_cat-bedroom-beds","8":"product_cat-lenart","10":"first","11":"instock","12":"purchasable","13":"product-type-simple"},"_links":{"self":[{"href":"https:\/\/baldumarket.lt\/lt\/wp-json\/wp\/v2\/product\/250688","targetHints":{"allow":["GET"]}}],"collection":[{"href":"https:\/\/baldumarket.lt\/lt\/wp-json\/wp\/v2\/product"}],"about":[{"href":"https:\/\/baldumarket.lt\/lt\/wp-json\/wp\/v2\/types\/product"}],"replies":[{"embeddable":true,"href":"https:\/\/baldumarket.lt\/lt\/wp-json\/wp\/v2\/comments?post=250688"}],"wp:featuredmedia":[{"embeddable":true,"href":"https:\/\/baldumarket.lt\/lt\/wp-json\/wp\/v2\/media\/250689"}],"wp:attachment":[{"href":"https:\/\/baldumarket.lt\/lt\/wp-json\/wp\/v2\/media?parent=250688"}],"wp:term":[{"taxonomy":"product_brand","embeddable":true,"href":"https:\/\/baldumarket.lt\/lt\/wp-json\/wp\/v2\/product_brand?post=250688"},{"taxonomy":"product_cat","embeddable":true,"href":"https:\/\/baldumarket.lt\/lt\/wp-json\/wp\/v2\/product_cat?post=250688"},{"taxonomy":"product_tag","embeddable":true,"href":"https:\/\/baldumarket.lt\/lt\/wp-json\/wp\/v2\/product_tag?post=250688"}],"curies":[{"name":"wp","href":"https:\/\/api.w.org\/{rel}","templated":true}]}}