{"id":250672,"date":"2026-01-10T18:09:06","date_gmt":"2026-01-10T15:09:06","guid":{"rendered":"https:\/\/baldumarket.lt\/product\/szafa-czterodrzwiowa-quant-qs-05-dab-artisan-czarny\/"},"modified":"2026-02-11T18:31:59","modified_gmt":"2026-02-11T15:31:59","slug":"szafa-czterodrzwiowa-quant-qs-05-dab-artisan-czarny","status":"publish","type":"product","link":"https:\/\/baldumarket.lt\/lt\/product\/szafa-czterodrzwiowa-quant-qs-05-dab-artisan-czarny\/","title":{"rendered":"QUANT QS-05 keturi\u0173 dur\u0173 spinta, \u0105\u017euolo imitacija \/ juoda"},"content":{"rendered":"<p>Modelis: QS-05 Spalva: Juoda \/ meni\u0161ko \u0105\u017euolo Matmenys: Plotis: 250 cm Auk\u0161tis: 221 cm Gylis: 63 cm Pagrindin\u0117 informacija: korpuso pavadinimas: QS-05 kolekcijos pavadinimas: QUANT korpuso indeksas: QS5DAC spalva: Meni\u0161ko \u0105\u017euolo \/ juodos spalvos bald\u0173 tipas: spinta korpuso charakteristikos: 4D plotis: 250 cm auk\u0161tis: 221 cm gylis: 63 cm korpuso svoris: 214 kg surinkimas: reikalingas surinkimas kolekcijos stilius: modernus interjeras 1 tipas: miegamasis \u012franga: 2x b\u0117geliai, 5x lentynos dureli\u0173 skai\u010dius: 2 furnit\u016bra: rankena: metalin\u0117 spintos priekin\u0117 kreipian\u010dioji: aliuminis; apatinis ir vir\u0161utinis surinkimas koja \/ kojel\u0117: slydimas su vinimis \u012ftrauktas ap\u0161vietimas: yra ap\u0161vietimo tipas: LED juostel\u0117 energijos klas\u0117: A++ Med\u017eiaga: korpusas: laminuota med\u017eio dro\u017eli\u0173 plok\u0161t\u0117: 16 mm; 22 mm korpuso kra\u0161t\u0173 apdaila: A 0,45 mm; korpuso spalva: juoda \/ meni\u0161ko \u0105\u017euolo vir\u0161us: laminuota med\u017eio dro\u017eli\u0173 plok\u0161t\u0117; 22 mm vir\u0161utinio kra\u0161to apdaila: A 0,45 mm klijuot\u0173 vir\u0161utini\u0173 kra\u0161t\u0173 skai\u010dius: 4 vir\u0161utin\u0117 spalva: \u0105\u017euolas su meni\u0161ku ra\u0161tu galin\u0117 sienel\u0117: HDF plok\u0161t\u0117; 3 mm matomos galin\u0117s sienel\u0117s dalies apdaila: laminatas nematomos galin\u0117s sienel\u0117s dalies apdaila: neapdorota galin\u0117s sienos tvirtinimas: \u201eNuta\u201c galin\u0117s sienel\u0117s spalva: juoda lentyna: laminuota med\u017eio dro\u017eli\u0173 plok\u0161t\u0117; 16 mm lentynos kra\u0161to apdaila: A 0,45 mm klijuot\u0173 lentynos kra\u0161t\u0173 skai\u010dius: 1 leistina lentynos apkrova: 5 kg lentynos spalva: \u0105\u017euolas su meni\u0161ku ra\u0161tu lentyn\u0173 skai\u010dius: 8 priekin\u0117 dalis: laminuota med\u017eio dro\u017eli\u0173 plok\u0161t\u0117; 16 mm priekin\u0117s kra\u0161to apdaila: A 0,45 mm priekin\u0117 spalva: \u0105\u017euolas su meni\u0161ku ra\u0161tu veidrodis: veidrodis; 3 mm Svarbu: Spinta gaminama pagal individual\u0173 kliento u\u017esakym\u0105. At\u0161aukti u\u017esakym\u0105 negalima pra\u0117jus 48 valandoms nuo u\u017esakymo pateikimo. Pra\u0161ome apsipirkti atid\u017eiai.<\/p>","protected":false},"excerpt":{"rendered":"<p>Modelis: QS-05 Spalva: Juoda \/ \u0105\u017euolo dirbiniai Matmenys: Plotis: 250 cm Auk\u0161tis: 221 cm Gylis: 63 cm Pagrindin\u0117 informacija: korpuso pavadinimas: QS-05 kolekcijos pavadinimas: QUANT korpuso indeksas: QS5DAC spalva: \u0105\u017euolo dirbiniai \/ juoda bald\u0173 tipas: spinta korpuso charakteristikos: 4D plotis: 250 cm auk\u0161tis: 221 cm gylis: 63 cm korpuso svoris: 214 kg surinkimas: reikalingas surinkimas kolekcijos stilius: modernus interjero tipas [\u2026]<\/p>","protected":false},"featured_media":250673,"comment_status":"open","ping_status":"open","template":"","meta":[],"product_brand":[],"product_cat":[9252,2454,1177],"product_tag":[],"class_list":{"0":"post-250672","1":"product","2":"type-product","3":"status-publish","4":"has-post-thumbnail","6":"product_cat-furniture-system-quant-lenart","7":"product_cat-lenart","8":"product_cat-wardrobes","10":"first","11":"instock","12":"purchasable","13":"product-type-simple"},"_links":{"self":[{"href":"https:\/\/baldumarket.lt\/lt\/wp-json\/wp\/v2\/product\/250672","targetHints":{"allow":["GET"]}}],"collection":[{"href":"https:\/\/baldumarket.lt\/lt\/wp-json\/wp\/v2\/product"}],"about":[{"href":"https:\/\/baldumarket.lt\/lt\/wp-json\/wp\/v2\/types\/product"}],"replies":[{"embeddable":true,"href":"https:\/\/baldumarket.lt\/lt\/wp-json\/wp\/v2\/comments?post=250672"}],"wp:featuredmedia":[{"embeddable":true,"href":"https:\/\/baldumarket.lt\/lt\/wp-json\/wp\/v2\/media\/250673"}],"wp:attachment":[{"href":"https:\/\/baldumarket.lt\/lt\/wp-json\/wp\/v2\/media?parent=250672"}],"wp:term":[{"taxonomy":"product_brand","embeddable":true,"href":"https:\/\/baldumarket.lt\/lt\/wp-json\/wp\/v2\/product_brand?post=250672"},{"taxonomy":"product_cat","embeddable":true,"href":"https:\/\/baldumarket.lt\/lt\/wp-json\/wp\/v2\/product_cat?post=250672"},{"taxonomy":"product_tag","embeddable":true,"href":"https:\/\/baldumarket.lt\/lt\/wp-json\/wp\/v2\/product_tag?post=250672"}],"curies":[{"name":"wp","href":"https:\/\/api.w.org\/{rel}","templated":true}]}}