{"id":250664,"date":"2026-01-10T18:09:03","date_gmt":"2026-01-10T15:09:03","guid":{"rendered":"https:\/\/baldumarket.lt\/product\/komoda-quant-qs-04-dab-artisan-czarny\/"},"modified":"2026-02-11T18:32:00","modified_gmt":"2026-02-11T15:32:00","slug":"komoda-quant-qs-04-dab-artisan-czarny","status":"publish","type":"product","link":"https:\/\/baldumarket.lt\/lt\/product\/komoda-quant-qs-04-dab-artisan-czarny\/","title":{"rendered":"QUANT QS-04 komoda, Artisan \u0105\u017euolas\/juoda"},"content":{"rendered":"<p>Modelis: QS-04 Spalva: Juoda \/ artisan \u0105\u017euolas Matmenys: Plotis: 130 cm Auk\u0161tis: 91 cm Gylis: 41 cm Pagrindin\u0117 informacija: korpuso pavadinimas: QS-04 kolekcijos pavadinimas: QUANT korpuso indeksas: Q45DAC spalva: Artisan \u0105\u017euolas \/ juoda bald\u0173 tipas: komoda korpuso charakteristikos: 6S plotis: 130 cm auk\u0161tis: 91 cm gylis: 41 cm korpuso svoris: 57 kg surinkimas: reikia surinkti kolekcijos stilius: modernus interjeras 1 tipas: miegamasis \u012eranga: stal\u010diaus b\u0117gel\u0117s: \u0161velniai u\u017esidaranti apatin\u0117 tvirtinimo b\u0117gel\u0117, atidaroma stumiant koja: slystanti su vinimis komplekte esantis ap\u0161vietimas: yra ap\u0161vietimo tipas: LED juostel\u0117 energijos klas\u0117: A++ Med\u017eiaga: korpusas: laminuota med\u017eio dro\u017eli\u0173 plok\u0161t\u0117: 16 mm; 22 mm korpuso kra\u0161to apdaila: A 0,45 mm; Korpuso spalva: juoda \/ Artisan \u0105\u017euolas Vir\u0161us: laminuota med\u017eio dro\u017eli\u0173 plok\u0161t\u0117; 22 mm Vir\u0161utinio kra\u0161to apdaila: A 0,45 mm Faneruot\u0173 vir\u0161utini\u0173 kra\u0161t\u0173 skai\u010dius: 4 Vir\u0161utin\u0117s spalvos: Artisan \u0105\u017euolas Galin\u0117 panel\u0117: HDF plok\u0161t\u0117; 3 mm Matoma galin\u0117s sienel\u0117s apdaila: Laminatas Nematoma galin\u0117s sienel\u0117s apdaila: Neapdorota Galin\u0117s sienel\u0117s tvirtinimas: Nuta Galin\u0117s sienel\u0117s spalva: Juoda Priekis: Laminuota med\u017eio dro\u017eli\u0173 plok\u0161t\u0117; 16 mm Priekinio kra\u0161to apdaila: S 1,7 mm Priekin\u0117s sienel\u0117s spalva: Artisan Oak Svarbu: \u0160i indauja gaminama pagal u\u017esakym\u0105. U\u017esakymo at\u0161aukti negalima pra\u0117jus 48 valandoms nuo u\u017esakymo pateikimo. Pra\u0161ome apsipirkti atid\u017eiai.<\/p>","protected":false},"excerpt":{"rendered":"<p>Modelis: QS-04 Spalva: Juoda \/ \u0105\u017euolo dirbiniai Matmenys: Plotis: 130 cm Auk\u0161tis: 91 cm Gylis: 41 cm Pagrindin\u0117 informacija: korpuso pavadinimas: QS-04 kolekcijos pavadinimas: QUANT korpuso indeksas: Q45DAC spalva: \u0105\u017euolo dirbiniai \/ juoda bald\u0173 tipas: komoda korpuso charakteristikos: 6S plotis: 130 cm auk\u0161tis: 91 cm gylis: 41 cm korpuso svoris: 57 kg surinkimas: reikalingas surinkimas kolekcijos stilius: modernus [\u2026]<\/p>","protected":false},"featured_media":250665,"comment_status":"open","ping_status":"open","template":"","meta":[],"product_brand":[],"product_cat":[9252,1173,2454],"product_tag":[],"class_list":{"0":"post-250664","1":"product","2":"type-product","3":"status-publish","4":"has-post-thumbnail","6":"product_cat-furniture-system-quant-lenart","7":"product_cat-chests-of-drawers","8":"product_cat-lenart","10":"first","11":"instock","12":"purchasable","13":"product-type-simple"},"_links":{"self":[{"href":"https:\/\/baldumarket.lt\/lt\/wp-json\/wp\/v2\/product\/250664","targetHints":{"allow":["GET"]}}],"collection":[{"href":"https:\/\/baldumarket.lt\/lt\/wp-json\/wp\/v2\/product"}],"about":[{"href":"https:\/\/baldumarket.lt\/lt\/wp-json\/wp\/v2\/types\/product"}],"replies":[{"embeddable":true,"href":"https:\/\/baldumarket.lt\/lt\/wp-json\/wp\/v2\/comments?post=250664"}],"wp:featuredmedia":[{"embeddable":true,"href":"https:\/\/baldumarket.lt\/lt\/wp-json\/wp\/v2\/media\/250665"}],"wp:attachment":[{"href":"https:\/\/baldumarket.lt\/lt\/wp-json\/wp\/v2\/media?parent=250664"}],"wp:term":[{"taxonomy":"product_brand","embeddable":true,"href":"https:\/\/baldumarket.lt\/lt\/wp-json\/wp\/v2\/product_brand?post=250664"},{"taxonomy":"product_cat","embeddable":true,"href":"https:\/\/baldumarket.lt\/lt\/wp-json\/wp\/v2\/product_cat?post=250664"},{"taxonomy":"product_tag","embeddable":true,"href":"https:\/\/baldumarket.lt\/lt\/wp-json\/wp\/v2\/product_tag?post=250664"}],"curies":[{"name":"wp","href":"https:\/\/api.w.org\/{rel}","templated":true}]}}