{"id":250648,"date":"2026-01-10T18:08:56","date_gmt":"2026-01-10T15:08:56","guid":{"rendered":"https:\/\/baldumarket.lt\/product\/regal-luna-ln-02-bialy-rozowy\/"},"modified":"2026-02-11T18:32:00","modified_gmt":"2026-02-11T15:32:00","slug":"regal-luna-ln-02-bialy-rozowy","status":"publish","type":"product","link":"https:\/\/baldumarket.lt\/lt\/product\/regal-luna-ln-02-bialy-rozowy\/","title":{"rendered":"LUNA LN-02 lentyna balta\/ro\u017ein\u0117"},"content":{"rendered":"<p>Modelis: LN-02 Spalva: balta\/ro\u017ein\u0117 Matmenys: Plotis: 85 cm Auk\u0161tis: 171 cm Gylis: 42 cm Pagrindin\u0117 informacija: korpuso pavadinimas: LN-02 kolekcijos pavadinimas: LUNA korpuso indeksas: LN2BR spalva: balta\/ro\u017ein\u0117 bald\u0173 tipas: knyg\u0173 lentyna korpuso charakteristikos: 1S plotis: 85 cm auk\u0161tis: 171 cm gylis: 42 cm korpuso svoris: 45 kg surinkimas: reikalingas surinkimas kolekcijos stilius: modernus interjero tipas 1: jaunimo kambarys \u012franga: 3x lentynos stal\u010di\u0173 skai\u010dius: 1 furnit\u016bra: rankena: plastikin\u0117 stal\u010diaus kreipian\u010dioji: ritinin\u0117 kreipian\u010dioji p\u0117del\u0117 \/ koja: b\u0117gelis su vinimi Med\u017eiaga: korpusas: laminuota med\u017eio dro\u017eli\u0173 plok\u0161t\u0117: 16 mm; 18 mm korpuso kra\u0161to apdaila: A 0,45 mm; 1,0 mm korpuso spalva: balta \/ ro\u017ein\u0117 vir\u0161us: laminuota med\u017eio dro\u017eli\u0173 plok\u0161t\u0117; 18 mm vir\u0161utin\u0117s kra\u0161to apdaila: B 1 mm Vir\u0161utini\u0173 kra\u0161to juost\u0173 skai\u010dius: 4 Vir\u0161utin\u0117s spalvos: ro\u017ein\u0117 Galin\u0117 sienel\u0117: HDF plok\u0161t\u0117; 3 mm Matoma galin\u0117s sienel\u0117s apdaila: laminatas Nematoma galin\u0117s sienel\u0117s apdaila: neapdorota Galin\u0117s sienel\u0117s tvirtinimas: ver\u017el\u0117 Galin\u0117s sienel\u0117s spalva: balta Lentyna: laminuota med\u017eio dro\u017eli\u0173 plok\u0161t\u0117; 16 mm Lentynos kra\u0161to apdaila: A 0,45 mm Lentynos kra\u0161to juosteli\u0173 skai\u010dius: 1 Leistinas lentynos svoris: 5 kg Lentynos spalva: balta Lentyn\u0173 skai\u010dius: 3 Priekis: laminuota med\u017eio dro\u017eli\u0173 plok\u0161t\u0117; 16 mm Priekinio kra\u0161to apdaila: A 0,45 mm Priekin\u0117s dalies spalva: balta Stal\u010diaus vidin\u0117 apdaila: balta juostel\u0117 Stal\u010diaus dugnas: HDF plok\u0161t\u0117; 3 mm Svarbu: \u0161i lentyna gaminama pagal u\u017esakym\u0105. U\u017esakymo at\u0161aukti negalima pra\u0117jus 48 valandoms nuo u\u017esakymo pateikimo. Pra\u0161ome apsipirkti atid\u017eiai.<\/p>","protected":false},"excerpt":{"rendered":"<p>Modelis: LN-02 Spalva: balta\/ro\u017ein\u0117 Matmenys: Plotis: 85 cm Auk\u0161tis: 171 cm Gylis: 42 cm Pagrindin\u0117 informacija: korpuso pavadinimas: LN-02 kolekcijos pavadinimas: LUNA korpuso indeksas: LN2BR spalva: balta\/ro\u017ein\u0117 bald\u0173 tipas: knyg\u0173 lentyna korpuso charakteristikos: 1S plotis: 85 cm auk\u0161tis: 171 cm gylis: 42 cm korpuso svoris: 45 kg surinkimas: reikalingas surinkimas kolekcijos stilius: modernus interjero tipas 1: jaunimo kambarys [\u2026]<\/p>","protected":false},"featured_media":250649,"comment_status":"open","ping_status":"open","template":"","meta":[],"product_brand":[],"product_cat":[9255,2454,1987],"product_tag":[],"class_list":{"0":"post-250648","1":"product","2":"type-product","3":"status-publish","4":"has-post-thumbnail","6":"product_cat-furniture-system-luna-lenart","7":"product_cat-lenart","8":"product_cat-shelving-units","10":"first","11":"instock","12":"purchasable","13":"product-type-simple"},"_links":{"self":[{"href":"https:\/\/baldumarket.lt\/lt\/wp-json\/wp\/v2\/product\/250648","targetHints":{"allow":["GET"]}}],"collection":[{"href":"https:\/\/baldumarket.lt\/lt\/wp-json\/wp\/v2\/product"}],"about":[{"href":"https:\/\/baldumarket.lt\/lt\/wp-json\/wp\/v2\/types\/product"}],"replies":[{"embeddable":true,"href":"https:\/\/baldumarket.lt\/lt\/wp-json\/wp\/v2\/comments?post=250648"}],"wp:featuredmedia":[{"embeddable":true,"href":"https:\/\/baldumarket.lt\/lt\/wp-json\/wp\/v2\/media\/250649"}],"wp:attachment":[{"href":"https:\/\/baldumarket.lt\/lt\/wp-json\/wp\/v2\/media?parent=250648"}],"wp:term":[{"taxonomy":"product_brand","embeddable":true,"href":"https:\/\/baldumarket.lt\/lt\/wp-json\/wp\/v2\/product_brand?post=250648"},{"taxonomy":"product_cat","embeddable":true,"href":"https:\/\/baldumarket.lt\/lt\/wp-json\/wp\/v2\/product_cat?post=250648"},{"taxonomy":"product_tag","embeddable":true,"href":"https:\/\/baldumarket.lt\/lt\/wp-json\/wp\/v2\/product_tag?post=250648"}],"curies":[{"name":"wp","href":"https:\/\/api.w.org\/{rel}","templated":true}]}}