{"id":250640,"date":"2026-01-10T18:08:53","date_gmt":"2026-01-10T15:08:53","guid":{"rendered":"https:\/\/baldumarket.lt\/product\/biurko-luna-ln-03-bialy-rozowy\/"},"modified":"2026-02-11T18:32:00","modified_gmt":"2026-02-11T15:32:00","slug":"biurko-luna-ln-03-bialy-rozowy","status":"publish","type":"product","link":"https:\/\/baldumarket.lt\/lt\/product\/biurko-luna-ln-03-bialy-rozowy\/","title":{"rendered":"LUNA LN-03 ra\u0161omasis stalas baltas\/ro\u017einis"},"content":{"rendered":"<p>Modelis: LN-03 Spalva: balta\/ro\u017ein\u0117 Matmenys: Plotis: 110 cm Auk\u0161tis: 76 cm Gylis: 52 cm Pagrindin\u0117 informacija: korpuso pavadinimas: LN-03 kolekcijos pavadinimas: LUNA korpuso indeksas: LN2R spalvos: balta\/ro\u017ein\u0117 bald\u0173 tipas: ra\u0161omasis stalas korpuso charakteristikos: 1D1S plotis: 110 cm auk\u0161tis: 76 cm gylis: 52 cm korpuso svoris: 32 kg surinkimas: reikalingas surinkimas kolekcijos stilius: modernus interjero tipas 1: jaunimo kambarys \u012franga: 1x lentyna stal\u010di\u0173 skai\u010dius: 1 dureli\u0173 skai\u010dius: 1 furnit\u016bra: vyris: pasl\u0117ptas \u012fprastas rankena: plastikin\u0117 stal\u010diaus kreipian\u010dioji: ritinin\u0117 kreipian\u010dioji p\u0117del\u0117 \/ kojel\u0117: b\u0117gelis su vinimi Med\u017eiaga: korpusas: laminuota med\u017eio dro\u017eli\u0173 plok\u0161t\u0117: 16 mm; 18 mm korpuso kra\u0161to apdaila: A 0,45 mm korpuso spalva: balta \/ ro\u017ein\u0117 vir\u0161us: laminuota med\u017eio dro\u017eli\u0173 plok\u0161t\u0117; 18 mm vir\u0161utin\u0117s kra\u0161to apdaila: A 0,45 mm klijuot\u0173 vir\u0161utini\u0173 kra\u0161t\u0173 skai\u010dius: 4 vir\u0161utin\u0117s spalvos: ro\u017ein\u0117 galin\u0117 sienel\u0117: HDF plok\u0161t\u0117; 3 mm storio matomos galin\u0117s sienel\u0117s dalies apdaila: laminatas; nematomos galin\u0117s sienel\u0117s dalies apdaila: neapdorota; galin\u0117s sienos tvirtinimas: \u201enuta\u201c; galin\u0117s sienel\u0117s spalva: balta; lentyna: laminuota med\u017eio dro\u017eli\u0173 plok\u0161t\u0117; 16 mm; lentynos kra\u0161to apdaila: A 0,45 mm; klijuot\u0173 lentyn\u0173 kra\u0161t\u0173 skai\u010dius: 1; leistina lentynos apkrova: 5 kg; lentynos spalva: balta; lentyn\u0173 skai\u010dius: 1; priekis: laminuota med\u017eio dro\u017eli\u0173 plok\u0161t\u0117; 16 mm; priekinio kra\u0161to apdaila: A 0,45 mm; priekin\u0117s dalies spalva: balta; stal\u010diaus vidin\u0117 apdaila: balta juostel\u0117; stal\u010diaus dugnas: HDF plok\u0161t\u0117; 3 mm. Svarbu: Stalas gaminamas pagal individual\u0173 kliento u\u017esakym\u0105. U\u017esakymo at\u0161aukti negalima pra\u0117jus 48 valandoms nuo pateikimo. Pra\u0161ome apsipirkti atid\u017eiai.<\/p>","protected":false},"excerpt":{"rendered":"<p>Model: LN-03 Color: white\/pink Dimensions: Width: 110cm Height: 76cm Depth: 52cm Basic information: name of the body: LN-03 name of the collection: LUNA body index: LN2R colors: white\/pink furniture type: desk body characteristics: 1D1S width: 110 cm height: 76 cm depth: 52 cm body weight: 32 kg assembly: requires assembly collection style: modern type of [&hellip;]<\/p>","protected":false},"featured_media":250641,"comment_status":"open","ping_status":"open","template":"","meta":[],"product_brand":[],"product_cat":[9255,1312,2454],"product_tag":[],"class_list":{"0":"post-250640","1":"product","2":"type-product","3":"status-publish","4":"has-post-thumbnail","6":"product_cat-furniture-system-luna-lenart","7":"product_cat-desks","8":"product_cat-lenart","10":"first","11":"instock","12":"purchasable","13":"product-type-simple"},"_links":{"self":[{"href":"https:\/\/baldumarket.lt\/lt\/wp-json\/wp\/v2\/product\/250640","targetHints":{"allow":["GET"]}}],"collection":[{"href":"https:\/\/baldumarket.lt\/lt\/wp-json\/wp\/v2\/product"}],"about":[{"href":"https:\/\/baldumarket.lt\/lt\/wp-json\/wp\/v2\/types\/product"}],"replies":[{"embeddable":true,"href":"https:\/\/baldumarket.lt\/lt\/wp-json\/wp\/v2\/comments?post=250640"}],"wp:featuredmedia":[{"embeddable":true,"href":"https:\/\/baldumarket.lt\/lt\/wp-json\/wp\/v2\/media\/250641"}],"wp:attachment":[{"href":"https:\/\/baldumarket.lt\/lt\/wp-json\/wp\/v2\/media?parent=250640"}],"wp:term":[{"taxonomy":"product_brand","embeddable":true,"href":"https:\/\/baldumarket.lt\/lt\/wp-json\/wp\/v2\/product_brand?post=250640"},{"taxonomy":"product_cat","embeddable":true,"href":"https:\/\/baldumarket.lt\/lt\/wp-json\/wp\/v2\/product_cat?post=250640"},{"taxonomy":"product_tag","embeddable":true,"href":"https:\/\/baldumarket.lt\/lt\/wp-json\/wp\/v2\/product_tag?post=250640"}],"curies":[{"name":"wp","href":"https:\/\/api.w.org\/{rel}","templated":true}]}}