{"id":250632,"date":"2026-01-10T18:08:50","date_gmt":"2026-01-10T15:08:50","guid":{"rendered":"https:\/\/baldumarket.lt\/product\/nadstawka-do-biurka-luna-ln-06-bialy-rozowy\/"},"modified":"2026-02-11T18:32:00","modified_gmt":"2026-02-11T15:32:00","slug":"nadstawka-do-biurka-luna-ln-06-bialy-rozowy","status":"publish","type":"product","link":"https:\/\/baldumarket.lt\/lt\/product\/nadstawka-do-biurka-luna-ln-06-bialy-rozowy\/","title":{"rendered":"LUNA LN-06 stalo prailginimas balta\/ro\u017ein\u0117"},"content":{"rendered":"<p>Modelis: LN-06 Spalva: balta\/ro\u017ein\u0117 Matmenys: Plotis: 94 cm Auk\u0161tis: 81 cm Gylis: 14 cm Pagrindin\u0117 informacija: korpuso pavadinimas: LN-06 kolekcijos pavadinimas: LUNA korpuso indeksas: LN6BR spalva: balta\/ro\u017ein\u0117 bald\u0173 tipas: tualetinis staliukas plotis: 94 cm auk\u0161tis: 81 cm gylis: 14 cm korpuso svoris: 13 kg surinkimas: reikalingas surinkimas kolekcijos stilius: modernus interjeras 1 tipas: jaunimo kambarys \u012franga: 6 lentynos Med\u017eiaga: korpusas: laminuota med\u017eio dro\u017eli\u0173 plok\u0161t\u0117: 16 mm korpuso kra\u0161to apdaila: A 0,45 mm korpuso spalva: balta galin\u0117 sienel\u0117: laminuota med\u017eio dro\u017eli\u0173 plok\u0161t\u0117; 16 mm matomos galin\u0117s sienel\u0117s dalies apdaila: laminatas nematomos galin\u0117s sienel\u0117s dalies apdaila: laminatas galin\u0117s sienel\u0117s spalva: balta lentyna: laminuota med\u017eio dro\u017eli\u0173 plok\u0161t\u0117; 16 mm lentynos kra\u0161to apdaila: A 0,45 mm, kra\u0161t\u0173 juosteli\u0173 skai\u010dius: 1, maksimali lentynos apkrova: 5 kg, lentynos spalva: balta, lentyn\u0173 skai\u010dius: 6, veidrodis: veidrodinis; 3 mm veidrod\u017eio spalva: balta. Svarbu: \u0161is prailginimas gaminamas pagal u\u017esakym\u0105. At\u0161aukti u\u017esakym\u0105 negalima pra\u0117jus 48 valandoms nuo jo pateikimo. Pra\u0161ome apsipirkti atsargiai.<\/p>","protected":false},"excerpt":{"rendered":"<p>Modelis: LN-06 Spalva: balta\/ro\u017ein\u0117 Matmenys: Plotis: 94 cm Auk\u0161tis: 81 cm Gylis: 14 cm Pagrindin\u0117 informacija: korpuso pavadinimas: LN-06 kolekcijos pavadinimas: LUNA korpuso indeksas: LN6BR spalva: balta\/ro\u017ein\u0117 bald\u0173 tipas: tualetinis staliukas plotis: 94 cm auk\u0161tis: 81 cm gylis: 14 cm korpuso svoris: 13 kg surinkimas: reikalingas surinkimas kolekcijos stilius: modernus interjeras 1 tipas: jaunimo kambarys \u012franga: 6x lentynos [\u2026]<\/p>","protected":false},"featured_media":250633,"comment_status":"open","ping_status":"open","template":"","meta":[],"product_brand":[],"product_cat":[9255,9251,2454],"product_tag":[],"class_list":{"0":"post-250632","1":"product","2":"type-product","3":"status-publish","4":"has-post-thumbnail","6":"product_cat-furniture-system-luna-lenart","7":"product_cat-musor","8":"product_cat-lenart","10":"first","11":"instock","12":"purchasable","13":"product-type-simple"},"_links":{"self":[{"href":"https:\/\/baldumarket.lt\/lt\/wp-json\/wp\/v2\/product\/250632","targetHints":{"allow":["GET"]}}],"collection":[{"href":"https:\/\/baldumarket.lt\/lt\/wp-json\/wp\/v2\/product"}],"about":[{"href":"https:\/\/baldumarket.lt\/lt\/wp-json\/wp\/v2\/types\/product"}],"replies":[{"embeddable":true,"href":"https:\/\/baldumarket.lt\/lt\/wp-json\/wp\/v2\/comments?post=250632"}],"wp:featuredmedia":[{"embeddable":true,"href":"https:\/\/baldumarket.lt\/lt\/wp-json\/wp\/v2\/media\/250633"}],"wp:attachment":[{"href":"https:\/\/baldumarket.lt\/lt\/wp-json\/wp\/v2\/media?parent=250632"}],"wp:term":[{"taxonomy":"product_brand","embeddable":true,"href":"https:\/\/baldumarket.lt\/lt\/wp-json\/wp\/v2\/product_brand?post=250632"},{"taxonomy":"product_cat","embeddable":true,"href":"https:\/\/baldumarket.lt\/lt\/wp-json\/wp\/v2\/product_cat?post=250632"},{"taxonomy":"product_tag","embeddable":true,"href":"https:\/\/baldumarket.lt\/lt\/wp-json\/wp\/v2\/product_tag?post=250632"}],"curies":[{"name":"wp","href":"https:\/\/api.w.org\/{rel}","templated":true}]}}