{"id":250616,"date":"2026-01-10T18:08:43","date_gmt":"2026-01-10T15:08:43","guid":{"rendered":"https:\/\/baldumarket.lt\/product\/polka-luna-ln-14-bialy-rozowy\/"},"modified":"2026-02-11T18:32:00","modified_gmt":"2026-02-11T15:32:00","slug":"polka-luna-ln-14-bialy-rozowy","status":"publish","type":"product","link":"https:\/\/baldumarket.lt\/lt\/product\/polka-luna-ln-14-bialy-rozowy\/","title":{"rendered":"LUNA LN-14 lentyna balta\/ro\u017ein\u0117"},"content":{"rendered":"<p>Modelis: LN-14 Spalva: balta\/ro\u017ein\u0117 Matmenys: Plotis: 110 cm Auk\u0161tis: 20 cm Gylis: 22 cm Pagrindin\u0117 informacija: Formos pavadinimas: LN-14 Kolekcijos pavadinimas: LUNA Formos indeksas: LN14R Spalva: balta\/ro\u017ein\u0117 Baldo tipas: Lentynos plotis: 110 cm Auk\u0161tis: 20 cm Gylis: 22 cm Formos svoris: 5 kg Surinkimas: Reikalingas surinkimas Kolekcijos stilius: Modernus interjeras 1 tipas: Jaunimo kambarys \u012eranga: 1x Lentyna Med\u017eiaga: Galin\u0117 sienel\u0117: HDF plok\u0161t\u0117; 3 mm nematomos galin\u0117s sienel\u0117s dalies apdaila: Neapdorota Galin\u0117s sienel\u0117s spalva: Balta Lentyna: Laminuota med\u017eio dro\u017eli\u0173 plok\u0161t\u0117; 16 mm Lentynos kra\u0161to apdaila: A 0,45 mm Klijuot\u0173 lentynos kra\u0161t\u0173 skai\u010dius: 3 Leistina lentynos apkrova: 5 kg Lentynos spalva: Ro\u017ein\u0117 Lentyn\u0173 skai\u010dius: 1 Svarbu: Lentyna gaminama pagal individual\u0173 kliento u\u017esakym\u0105. At\u0161aukti u\u017esakym\u0105 negalima pra\u0117jus 48 valandoms nuo u\u017esakymo pateikimo. Pra\u0161ome apsipirkti atid\u017eiai.<\/p>","protected":false},"excerpt":{"rendered":"<p>Modelis: LN-14 Spalva: balta\/ro\u017ein\u0117 Matmenys: Plotis: 110 cm Auk\u0161tis: 20 cm Gylis: 22 cm Pagrindin\u0117 informacija: formos pavadinimas: LN-14 kolekcijos pavadinimas: LUNA formos indeksas: LN14R spalva: balta\/ro\u017ein\u0117 bald\u0173 tipas: lentyna plotis: 110 cm auk\u0161tis: 20 cm gylis: 22 cm formos svoris: 5 kg surinkimas: reikalingas surinkimas kolekcijos stilius: modernus interjeras 1 tipas: jaunimo kambarys \u012franga: 1 x lentyna Med\u017eiaga: [\u2026]<\/p>","protected":false},"featured_media":250617,"comment_status":"open","ping_status":"open","template":"","meta":[],"product_brand":[],"product_cat":[9255,1174,2454],"product_tag":[],"class_list":{"0":"post-250616","1":"product","2":"type-product","3":"status-publish","4":"has-post-thumbnail","6":"product_cat-furniture-system-luna-lenart","7":"product_cat-hanging-shelves","8":"product_cat-lenart","10":"first","11":"instock","12":"purchasable","13":"product-type-simple"},"_links":{"self":[{"href":"https:\/\/baldumarket.lt\/lt\/wp-json\/wp\/v2\/product\/250616","targetHints":{"allow":["GET"]}}],"collection":[{"href":"https:\/\/baldumarket.lt\/lt\/wp-json\/wp\/v2\/product"}],"about":[{"href":"https:\/\/baldumarket.lt\/lt\/wp-json\/wp\/v2\/types\/product"}],"replies":[{"embeddable":true,"href":"https:\/\/baldumarket.lt\/lt\/wp-json\/wp\/v2\/comments?post=250616"}],"wp:featuredmedia":[{"embeddable":true,"href":"https:\/\/baldumarket.lt\/lt\/wp-json\/wp\/v2\/media\/250617"}],"wp:attachment":[{"href":"https:\/\/baldumarket.lt\/lt\/wp-json\/wp\/v2\/media?parent=250616"}],"wp:term":[{"taxonomy":"product_brand","embeddable":true,"href":"https:\/\/baldumarket.lt\/lt\/wp-json\/wp\/v2\/product_brand?post=250616"},{"taxonomy":"product_cat","embeddable":true,"href":"https:\/\/baldumarket.lt\/lt\/wp-json\/wp\/v2\/product_cat?post=250616"},{"taxonomy":"product_tag","embeddable":true,"href":"https:\/\/baldumarket.lt\/lt\/wp-json\/wp\/v2\/product_tag?post=250616"}],"curies":[{"name":"wp","href":"https:\/\/api.w.org\/{rel}","templated":true}]}}