{"id":250605,"date":"2026-01-10T18:08:39","date_gmt":"2026-01-10T15:08:39","guid":{"rendered":"https:\/\/baldumarket.lt\/product\/komoda-arti-ar-09-bialy\/"},"modified":"2026-02-11T18:32:00","modified_gmt":"2026-02-11T15:32:00","slug":"komoda-arti-ar-09-bialy","status":"publish","type":"product","link":"https:\/\/baldumarket.lt\/lt\/product\/komoda-arti-ar-09-bialy\/","title":{"rendered":"ARTI AR-09 komoda, balta"},"content":{"rendered":"<p>Modelis: AR-09 Spalva: Balta Matmenys: Plotis: 160 cm Auk\u0161tis: 90 cm Gylis: 42 cm Pagrindin\u0117 informacija: korpuso pavadinimas: AR-09 kolekcijos pavadinimas: ARTI korpuso indeksas: AR9BI spalva: balta bald\u0173 tipas: komoda korpuso charakteristikos: 3D3S plotis: 160 cm auk\u0161tis: 90 cm gylis: 42 cm korpuso svoris: 66 kg surinkimas: reikalingas surinkimas kolekcijos stilius: modernus interjero tipas 1: svetain\u0117 \u012franga: 3x lentynos stal\u010di\u0173 skai\u010dius: 3 dureli\u0173 skai\u010dius: 3 furnit\u016bra: vyris: pasl\u0117pta rankena: plastikin\u0117 stal\u010diaus kreipian\u010dioji: ritinin\u0117 kreipian\u010dioji p\u0117del\u0117 \/ koja: b\u0117gelis su vinimi Med\u017eiaga: Korpusas: laminuota med\u017eio dro\u017eli\u0173 plok\u0161t\u0117: 16 mm; 22 mm korpuso kra\u0161to apdaila: A 0,45 mm korpuso spalva: balta vir\u0161us: laminuota med\u017eio dro\u017eli\u0173 plok\u0161t\u0117; 16 mm stalvir\u0161io kra\u0161to apdaila: A 0,45 mm Faneruot\u0173 stalvir\u0161io kra\u0161t\u0173 skai\u010dius: 4 Stalvir\u0161io spalva: balta Galin\u0117 panel\u0117: HDF plok\u0161t\u0117; 3 mm Matoma galin\u0117s sienel\u0117s apdaila: laminatas Nematoma galin\u0117s sienel\u0117s apdaila: neapdorota Galin\u0117s sienel\u0117s tvirtinimas: ver\u017el\u0117 Galin\u0117s sienel\u0117s spalva: balta Priekis: laminuota med\u017eio dro\u017eli\u0173 plok\u0161t\u0117; 16 mm Priekinio kra\u0161to apdaila: A 0,45 mm Faneruot\u0173 lentyn\u0173 kra\u0161t\u0173 skai\u010dius: 1 Maksimali lentynos apkrova: 5 kg Lentynos spalva: balta Lentyn\u0173 skai\u010dius: 3 Priekis: laminuota med\u017eio dro\u017eli\u0173 plok\u0161t\u0117; 16 mm Priekin\u0117s dalies spalva: balta Stal\u010diaus vidin\u0117 apdaila: laminuota med\u017eio dro\u017eli\u0173 plok\u0161t\u0117, tokios pa\u010dios spalvos kaip ir korpusas Stal\u010diaus dugnas: HDF plok\u0161t\u0117; 3 mm<\/p>","protected":false},"excerpt":{"rendered":"<p>Modelis: AR-09 Spalva: Balta Matmenys: Plotis: 160 cm Auk\u0161tis: 90 cm Gylis: 42 cm Pagrindin\u0117 informacija: Korpuso pavadinimas: AR-09 Kolekcijos pavadinimas: ARTI Korpuso indeksas: AR9BI spalva: balta Baldo tipas: Komoda Korpuso charakteristikos: 3D3S Plotis: 160 cm Auk\u0161tis: 90 cm Gylis: 42 cm Korpuso svoris: 66 kg Surinkimas: reikalingas surinkimas Kolekcijos stilius: Modernus Interjero tipas 1: [\u2026]<\/p>","protected":false},"featured_media":250606,"comment_status":"open","ping_status":"open","template":"","meta":[],"product_brand":[],"product_cat":[9265,1173,2454],"product_tag":[],"class_list":{"0":"post-250605","1":"product","2":"type-product","3":"status-publish","4":"has-post-thumbnail","6":"product_cat-furniture-system-arti-lenart","7":"product_cat-chests-of-drawers","8":"product_cat-lenart","10":"first","11":"instock","12":"purchasable","13":"product-type-simple"},"_links":{"self":[{"href":"https:\/\/baldumarket.lt\/lt\/wp-json\/wp\/v2\/product\/250605","targetHints":{"allow":["GET"]}}],"collection":[{"href":"https:\/\/baldumarket.lt\/lt\/wp-json\/wp\/v2\/product"}],"about":[{"href":"https:\/\/baldumarket.lt\/lt\/wp-json\/wp\/v2\/types\/product"}],"replies":[{"embeddable":true,"href":"https:\/\/baldumarket.lt\/lt\/wp-json\/wp\/v2\/comments?post=250605"}],"wp:featuredmedia":[{"embeddable":true,"href":"https:\/\/baldumarket.lt\/lt\/wp-json\/wp\/v2\/media\/250606"}],"wp:attachment":[{"href":"https:\/\/baldumarket.lt\/lt\/wp-json\/wp\/v2\/media?parent=250605"}],"wp:term":[{"taxonomy":"product_brand","embeddable":true,"href":"https:\/\/baldumarket.lt\/lt\/wp-json\/wp\/v2\/product_brand?post=250605"},{"taxonomy":"product_cat","embeddable":true,"href":"https:\/\/baldumarket.lt\/lt\/wp-json\/wp\/v2\/product_cat?post=250605"},{"taxonomy":"product_tag","embeddable":true,"href":"https:\/\/baldumarket.lt\/lt\/wp-json\/wp\/v2\/product_tag?post=250605"}],"curies":[{"name":"wp","href":"https:\/\/api.w.org\/{rel}","templated":true}]}}