{"id":250560,"date":"2026-01-10T18:08:21","date_gmt":"2026-01-10T15:08:21","guid":{"rendered":"https:\/\/baldumarket.lt\/product\/szafa-przesuwna-dwudrzwiowa-arti-ar-19-bialy\/"},"modified":"2026-02-11T18:32:01","modified_gmt":"2026-02-11T15:32:01","slug":"szafa-przesuwna-dwudrzwiowa-arti-ar-19-bialy","status":"publish","type":"product","link":"https:\/\/baldumarket.lt\/lt\/product\/szafa-przesuwna-dwudrzwiowa-arti-ar-19-bialy\/","title":{"rendered":"ARTI AR-19 balta dviej\u0173 dur\u0173 stumdoma spinta"},"content":{"rendered":"<p>Modelis: AR-19 Spalva: Balta Matmenys: Plotis: 120 cm Auk\u0161tis: 215 cm Gylis: 60 cm Pagrindin\u0117 informacija: korpuso pavadinimas: AR-19 Kolekcijos pavadinimas: ARTI Korpuso indeksas: AR19BI spalva: balta Baldo tipas: Drabu\u017ein\u0117 Korpuso charakteristikos: 2D Plotis: 120 cm Auk\u0161tis: 215 cm Gylis: 60 cm Korpuso svoris: 127 kg Surinkimas: reikalingas surinkimas Kolekcijos stilius: Modernus Interjero tipas 1: Drabu\u017ein\u0117 Interjero tipas 2: Miegamasis \u012eranga: 2x karnizai, 5x lentynos Dur\u0173 skai\u010dius: 2 Furnit\u016bra: Rankena: Plastikin\u0117 Priekin\u0117 spintos kreipian\u010dioji: Aliumin\u0117; Apatinis ir vir\u0161utinis surinkimas Kojel\u0117\/koja: Slydimas su vinimi Ap\u0161vietimas: Papildomai Ap\u0161vietimo tipas: LED Energijos klas\u0117: A++<br \/>\nMed\u017eiaga: Korpusas: laminuota med\u017eio dro\u017eli\u0173 plok\u0161t\u0117: 16 mm Korpuso kra\u0161to apdaila: A 0,45 mm Korpuso spalva: balta Vir\u0161us: laminuota med\u017eio dro\u017eli\u0173 plok\u0161t\u0117; 16 mm Vir\u0161utini\u0173 kra\u0161t\u0173 juosteli\u0173 skai\u010dius: 2 Vir\u0161utin\u0117s spalvos: balta Galin\u0117 sienel\u0117: HDF plok\u0161t\u0117; 3 mm Matoma galin\u0117s sienos dalies apdaila: laminatas Nematoma galin\u0117s sienos dalies apdaila: neapdorota Tvirtinimas prie galin\u0117s sienos: Nuta Galin\u0117s sienos spalva: balta Lentyna: laminuota med\u017eio dro\u017eli\u0173 plok\u0161t\u0117; 16 mm Lentynos kra\u0161to apdaila: A 0,45 mm Lentynos kra\u0161t\u0173 juosteli\u0173 skai\u010dius: 1 Leistinas lentynos svoris: 5 kg Lentynos spalva: balta Lentyn\u0173 skai\u010dius: 4 Priekis: laminuota med\u017eio dro\u017eli\u0173 plok\u0161t\u0117; 16 mm priekin\u0117s kra\u0161to apdaila: A 0,45 mm priekin\u0117 spalva: balta veidrodis: veidrodis; 3 mm veidrod\u017eio spalva: balta Svarbu: \u0161i spinta gaminama pagal u\u017esakym\u0105. At\u0161aukti u\u017esakym\u0105 negalima pra\u0117jus 48 valandoms nuo u\u017esakymo pateikimo. Pra\u0161ome apsipirkti atid\u017eiai.<\/p>","protected":false},"excerpt":{"rendered":"<p>Modelis: AR-19 Spalva: Balta Matmenys: Plotis: 120 cm Auk\u0161tis: 215 cm Gylis: 60 cm Pagrindin\u0117 informacija: korpuso pavadinimas: AR-19 kolekcijos pavadinimas: ARTI korpuso indeksas: AR19BI spalva: balta bald\u0173 tipas: spinta korpuso charakteristikos: 2D plotis: 120 cm auk\u0161tis: 215 cm gylis: 60 cm korpuso svoris: 127 kg surinkimas: reikalingas surinkimas kolekcijos stilius: modernus [\u2026]<\/p>","protected":false},"featured_media":250561,"comment_status":"open","ping_status":"open","template":"","meta":[],"product_brand":[],"product_cat":[9265,2454,1177],"product_tag":[],"class_list":{"0":"post-250560","1":"product","2":"type-product","3":"status-publish","4":"has-post-thumbnail","6":"product_cat-furniture-system-arti-lenart","7":"product_cat-lenart","8":"product_cat-wardrobes","10":"first","11":"instock","12":"purchasable","13":"product-type-simple"},"_links":{"self":[{"href":"https:\/\/baldumarket.lt\/lt\/wp-json\/wp\/v2\/product\/250560","targetHints":{"allow":["GET"]}}],"collection":[{"href":"https:\/\/baldumarket.lt\/lt\/wp-json\/wp\/v2\/product"}],"about":[{"href":"https:\/\/baldumarket.lt\/lt\/wp-json\/wp\/v2\/types\/product"}],"replies":[{"embeddable":true,"href":"https:\/\/baldumarket.lt\/lt\/wp-json\/wp\/v2\/comments?post=250560"}],"wp:featuredmedia":[{"embeddable":true,"href":"https:\/\/baldumarket.lt\/lt\/wp-json\/wp\/v2\/media\/250561"}],"wp:attachment":[{"href":"https:\/\/baldumarket.lt\/lt\/wp-json\/wp\/v2\/media?parent=250560"}],"wp:term":[{"taxonomy":"product_brand","embeddable":true,"href":"https:\/\/baldumarket.lt\/lt\/wp-json\/wp\/v2\/product_brand?post=250560"},{"taxonomy":"product_cat","embeddable":true,"href":"https:\/\/baldumarket.lt\/lt\/wp-json\/wp\/v2\/product_cat?post=250560"},{"taxonomy":"product_tag","embeddable":true,"href":"https:\/\/baldumarket.lt\/lt\/wp-json\/wp\/v2\/product_tag?post=250560"}],"curies":[{"name":"wp","href":"https:\/\/api.w.org\/{rel}","templated":true}]}}