{"id":250545,"date":"2026-01-10T18:08:13","date_gmt":"2026-01-10T15:08:13","guid":{"rendered":"https:\/\/baldumarket.lt\/product\/szafa-przesuwna-dwudrzwiowa-arti-ar-17-bialy\/"},"modified":"2026-02-11T18:32:01","modified_gmt":"2026-02-11T15:32:01","slug":"szafa-przesuwna-dwudrzwiowa-arti-ar-17-bialy","status":"publish","type":"product","link":"https:\/\/baldumarket.lt\/lt\/product\/szafa-przesuwna-dwudrzwiowa-arti-ar-17-bialy\/","title":{"rendered":"ARTI AR-17 balta dviej\u0173 dur\u0173 stumdoma spinta"},"content":{"rendered":"<p>Modelis: AR-17 Spalva: Balta Matmenys: Plotis: 180 cm Auk\u0161tis: 218 cm Gylis: 57 cm Pagrindin\u0117 informacija: Korpuso pavadinimas: AR-17 Kolekcijos pavadinimas: ARTI Korpuso indeksas: AR17BI Spalva: Balta Bald\u0173 tipas: Drabu\u017ein\u0117 Korpuso charakteristikos: 2D Plotis: 180 cm Auk\u0161tis: 218 cm Gylis: 57 cm Korpuso svoris: 202 kg Surinkimas: Reikalingas surinkimas Kolekcijos stilius: Modernus interjeras 1 tipas: Svetain\u0117s interjeras 2 tipas: Miegamasis \u012eranga: 3x b\u0117geliai, 5x lentynos Dur\u0173 skai\u010dius: 2 Furnit\u016bra: Rankena: Plastikin\u0117 Spintel\u0117s priekin\u0117 kreipian\u010dioji: Aliuminio; Apatinis ir vir\u0161utinis surinkimas P\u0117da\/kojel\u0117: Slydimas su vinimis Ap\u0161vietimas komplekte: Taip Ap\u0161vietimo tipas: LED Energijos klas\u0117: A++<br \/>\nMed\u017eiaga: korpusas: laminuota med\u017eio dro\u017eli\u0173 plok\u0161t\u0117: 16 mm; 32 mm korpuso kra\u0161to apdaila: A 0,45 mm korpuso spalva: balta vir\u0161us: laminuota med\u017eio dro\u017eli\u0173 plok\u0161t\u0117; 16 mm vir\u0161utin\u0117s kra\u0161to apdaila: A 0,45 mm klijuot\u0173 vir\u0161utini\u0173 kra\u0161t\u0173 skai\u010dius: 2 vir\u0161utin\u0117 spalva: balta galin\u0117 sienel\u0117: HDF plok\u0161t\u0117; 3 mm matomos galin\u0117s sienel\u0117s dalies apdaila: laminatas nematomos galin\u0117s sienel\u0117s dalies apdaila: laminatas galin\u0117s sienel\u0117s tvirtinimas: pjaustytuvas galin\u0117s sienel\u0117s spalva: balta lentyna: laminuota med\u017eio dro\u017eli\u0173 plok\u0161t\u0117; 16 mm lentynos kra\u0161to apdaila: A 0,45 mm klijuot\u0173 lentynos kra\u0161t\u0173 skai\u010dius: 1 leistina lentynos apkrova: 5 kg lentynos spalva: balta lentyn\u0173 skai\u010dius: 4 priekin\u0117: laminuota med\u017eio dro\u017eli\u0173 plok\u0161t\u0117; 16 mm priekin\u0117s kra\u0161to apdaila: A 0,45 mm priekin\u0117 spalva: balta veidrodis: veidrodis; 3 mm veidrod\u017eio spalva: balta Svarbu: Spinta gaminama pagal individual\u0173 kliento u\u017esakym\u0105. U\u017esakymo at\u0161aukti negalima pra\u0117jus 48 valandoms nuo u\u017esakymo pateikimo. Pra\u0161ome apsipirkti atid\u017eiai.<\/p>","protected":false},"excerpt":{"rendered":"<p>Modelis: AR-17 Spalva: Balta Matmenys: Plotis: 180 cm Auk\u0161tis: 218 cm Gylis: 57 cm Pagrindin\u0117 informacija: Korpuso pavadinimas: AR-17 Kolekcijos pavadinimas: ARTI Korpuso indeksas: AR17BI spalva: balta Baldo tipas: Drabu\u017ein\u0117 Korpuso charakteristikos: 2D Plotis: 180 cm Auk\u0161tis: 218 cm Gylis: 57 cm Korpuso svoris: 202 kg Surinkimas: reikalingas surinkimas Kolekcijos stilius: Modernus interjeras 1 tipas: Svetain\u0117s interjeras [\u2026]<\/p>","protected":false},"featured_media":250546,"comment_status":"open","ping_status":"open","template":"","meta":[],"product_brand":[],"product_cat":[9265,2454,1177],"product_tag":[],"class_list":{"0":"post-250545","1":"product","2":"type-product","3":"status-publish","4":"has-post-thumbnail","6":"product_cat-furniture-system-arti-lenart","7":"product_cat-lenart","8":"product_cat-wardrobes","10":"first","11":"instock","12":"purchasable","13":"product-type-simple"},"_links":{"self":[{"href":"https:\/\/baldumarket.lt\/lt\/wp-json\/wp\/v2\/product\/250545","targetHints":{"allow":["GET"]}}],"collection":[{"href":"https:\/\/baldumarket.lt\/lt\/wp-json\/wp\/v2\/product"}],"about":[{"href":"https:\/\/baldumarket.lt\/lt\/wp-json\/wp\/v2\/types\/product"}],"replies":[{"embeddable":true,"href":"https:\/\/baldumarket.lt\/lt\/wp-json\/wp\/v2\/comments?post=250545"}],"wp:featuredmedia":[{"embeddable":true,"href":"https:\/\/baldumarket.lt\/lt\/wp-json\/wp\/v2\/media\/250546"}],"wp:attachment":[{"href":"https:\/\/baldumarket.lt\/lt\/wp-json\/wp\/v2\/media?parent=250545"}],"wp:term":[{"taxonomy":"product_brand","embeddable":true,"href":"https:\/\/baldumarket.lt\/lt\/wp-json\/wp\/v2\/product_brand?post=250545"},{"taxonomy":"product_cat","embeddable":true,"href":"https:\/\/baldumarket.lt\/lt\/wp-json\/wp\/v2\/product_cat?post=250545"},{"taxonomy":"product_tag","embeddable":true,"href":"https:\/\/baldumarket.lt\/lt\/wp-json\/wp\/v2\/product_tag?post=250545"}],"curies":[{"name":"wp","href":"https:\/\/api.w.org\/{rel}","templated":true}]}}