{"id":250537,"date":"2026-01-10T18:08:10","date_gmt":"2026-01-10T15:08:10","guid":{"rendered":"https:\/\/baldumarket.lt\/product\/szafa-przesuwna-dwudrzwiowa-arti-ar-21-bialy\/"},"modified":"2026-02-11T18:32:01","modified_gmt":"2026-02-11T15:32:01","slug":"szafa-przesuwna-dwudrzwiowa-arti-ar-21-bialy","status":"publish","type":"product","link":"https:\/\/baldumarket.lt\/lt\/product\/szafa-przesuwna-dwudrzwiowa-arti-ar-21-bialy\/","title":{"rendered":"ARTI AR-21 balta dviej\u0173 dur\u0173 stumdoma spinta"},"content":{"rendered":"<p>Modelis: AR-21 Spalva: Balta Matmenys: Plotis: 160 cm Auk\u0161tis: 218 cm Gylis: 57 cm Pagrindin\u0117 informacija: korpuso pavadinimas: AR-21 kolekcijos pavadinimas: ARTI korpuso indeksas: AR21BI spalva: balta bald\u0173 tipas: spinta korpuso charakteristikos: 2D plotis: 160 cm auk\u0161tis: 218 cm gylis: 57 cm korpuso svoris: 167 kg surinkimas: reikalingas surinkimas kolekcijos stilius: modernus interjeras 1 tipas: spintos interjero tipas 2: miegamojo interjero tipas 3: miegamojo \u012franga: 2x b\u0117geliai, 5x lentynos dureli\u0173 skai\u010dius: 2 furnit\u016bra: rankena: metalin\u0117 spintos priekin\u0117 kreipian\u010dioji: aliuminis; apatinis ir vir\u0161utinis surinkimas koja \/ kojel\u0117: b\u0117gelis su vinimi Med\u017eiaga: korpusas: laminuota med\u017eio dro\u017eli\u0173 plok\u0161t\u0117: 16 mm; 32 mm korpuso kra\u0161to apdaila: A 0,45 mm; S 1,70 mm Korpuso spalva: balta Vir\u0161us: laminuota med\u017eio dro\u017eli\u0173 plok\u0161t\u0117; 16 mm Vir\u0161utinio kra\u0161to apdaila: A 0,45 mm Vir\u0161utini\u0173 kra\u0161t\u0173 juost\u0173 skai\u010dius: 2 Vir\u0161utin\u0117s spalvos: balta Galin\u0117 sienel\u0117: HDF plok\u0161t\u0117; 3 mm Matoma galin\u0117s sienel\u0117s apdaila: laminatas Nematoma galin\u0117s sienel\u0117s apdaila: laminatas Tvirtinimas prie sienos: frezavimas Galin\u0117s sienel\u0117s spalva: balta Lentyna: laminuota med\u017eio dro\u017eli\u0173 plok\u0161t\u0117; 16 mm Lentynos kra\u0161to apdaila: A 0,45 mm Lentynos kra\u0161to juosteli\u0173 skai\u010dius: 1 Leistinas lentynos svoris: 5 kg Lentynos spalva: balta Lentyn\u0173 skai\u010dius: 4 Priekis: laminuota med\u017eio dro\u017eli\u0173 plok\u0161t\u0117; 16 mm Priekinio kra\u0161to apdaila: A 0,45 mm Priekin\u0117s spalvos: balta Veidrodis: veidrodinis; 3 mm Veidrod\u017eio spalva: balta Svarbu: \u0161i spinta gaminama pagal u\u017esakym\u0105. U\u017esakymo at\u0161aukti negalima pra\u0117jus 48 valandoms nuo u\u017esakymo pateikimo. Pra\u0161ome apsipirkti atid\u017eiai.<\/p>","protected":false},"excerpt":{"rendered":"<p>Modelis: AR-21 Spalva: Balta Matmenys: Plotis: 160 cm Auk\u0161tis: 218 cm Gylis: 57 cm Pagrindin\u0117 informacija: Korpuso pavadinimas: AR-21 Kolekcijos pavadinimas: ARTI Korpuso indeksas: AR21BI spalva: balta Baldo tipas: Drabu\u017ein\u0117 Korpuso charakteristikos: 2D Plotis: 160 cm Auk\u0161tis: 218 cm Gylis: 57 cm Korpuso svoris: 167 kg Surinkimas: Reikalingas surinkimas Kolekcijos stilius: Modernus interjeras 1 tipas: Drabu\u017ein\u0117s interjero tipas [\u2026]<\/p>","protected":false},"featured_media":250538,"comment_status":"open","ping_status":"open","template":"","meta":[],"product_brand":[],"product_cat":[9265,2454,1177],"product_tag":[],"class_list":{"0":"post-250537","1":"product","2":"type-product","3":"status-publish","4":"has-post-thumbnail","6":"product_cat-furniture-system-arti-lenart","7":"product_cat-lenart","8":"product_cat-wardrobes","10":"first","11":"instock","12":"purchasable","13":"product-type-simple"},"_links":{"self":[{"href":"https:\/\/baldumarket.lt\/lt\/wp-json\/wp\/v2\/product\/250537","targetHints":{"allow":["GET"]}}],"collection":[{"href":"https:\/\/baldumarket.lt\/lt\/wp-json\/wp\/v2\/product"}],"about":[{"href":"https:\/\/baldumarket.lt\/lt\/wp-json\/wp\/v2\/types\/product"}],"replies":[{"embeddable":true,"href":"https:\/\/baldumarket.lt\/lt\/wp-json\/wp\/v2\/comments?post=250537"}],"wp:featuredmedia":[{"embeddable":true,"href":"https:\/\/baldumarket.lt\/lt\/wp-json\/wp\/v2\/media\/250538"}],"wp:attachment":[{"href":"https:\/\/baldumarket.lt\/lt\/wp-json\/wp\/v2\/media?parent=250537"}],"wp:term":[{"taxonomy":"product_brand","embeddable":true,"href":"https:\/\/baldumarket.lt\/lt\/wp-json\/wp\/v2\/product_brand?post=250537"},{"taxonomy":"product_cat","embeddable":true,"href":"https:\/\/baldumarket.lt\/lt\/wp-json\/wp\/v2\/product_cat?post=250537"},{"taxonomy":"product_tag","embeddable":true,"href":"https:\/\/baldumarket.lt\/lt\/wp-json\/wp\/v2\/product_tag?post=250537"}],"curies":[{"name":"wp","href":"https:\/\/api.w.org\/{rel}","templated":true}]}}