{"id":250529,"date":"2026-01-10T18:08:06","date_gmt":"2026-01-10T15:08:06","guid":{"rendered":"https:\/\/baldumarket.lt\/product\/szafa-dwudrzwiowa-luna-ln-01-bialy-rozowy\/"},"modified":"2026-02-11T18:32:01","modified_gmt":"2026-02-11T15:32:01","slug":"szafa-dwudrzwiowa-luna-ln-01-bialy-rozowy","status":"publish","type":"product","link":"https:\/\/baldumarket.lt\/lt\/product\/szafa-dwudrzwiowa-luna-ln-01-bialy-rozowy\/","title":{"rendered":"Dviej\u0173 dur\u0173 spinta LUNA LN-01 balta\/ro\u017ein\u0117"},"content":{"rendered":"<p>Modelis: LN-01 Spalva: balta\/ro\u017ein\u0117 Matmenys: Plotis: 85 cm Auk\u0161tis: 196 cm Gylis: 52 cm Pagrindin\u0117 informacija: korpuso pavadinimas: LN-01 kolekcijos pavadinimas: LUNA korpuso indeksas: LN1BR spalvos: balta\/ro\u017ein\u0117 bald\u0173 tipas: spinta korpuso charakteristikos: 2D plotis: 85 cm auk\u0161tis: 196 cm gylis: 52 cm korpuso svoris: 60 kg surinkimas: reikalingas surinkimas kolekcijos stilius: modernus interjeras 1 tipas: jaunimo kambario interjeras 2 tipas: spintos \u012franga: 1x b\u0117gelis dureli\u0173 skai\u010dius: 3 stal\u010di\u0173 skai\u010dius: 2 furnit\u016bra: vyris: pasl\u0117pta \u012fprasta rankena: plastikin\u0117 stal\u010diaus kreipian\u010dioji: ritinin\u0117 kreipian\u010dioji p\u0117del\u0117 \/ kojel\u0117: b\u0117gelis su vinimi Med\u017eiaga: korpusas: laminuota med\u017eio dro\u017eli\u0173 plok\u0161t\u0117: 16 mm; 18 mm korpuso kra\u0161to apdaila: A 0,45 mm; 1,0 mm korpuso spalva: balta \/ ro\u017ein\u0117 vir\u0161us: laminuota med\u017eio dro\u017eli\u0173 plok\u0161t\u0117; 18 mm vir\u0161utin\u0117s kra\u0161to apdaila: B 1 mm laminuot\u0173 vir\u0161utini\u0173 kra\u0161t\u0173 skai\u010dius: 4 vir\u0161utin\u0117s spalvos: ro\u017ein\u0117 galin\u0117 sienel\u0117: HDF plok\u0161t\u0117; 3 mm matomos galin\u0117s sienel\u0117s apdaila: laminatas nematomos galin\u0117s sienel\u0117s apdaila: neapdorota galin\u0117s sienel\u0117s tvirtinimas: rie\u0161utas galin\u0117s sienel\u0117s spalva: balta lentyna: laminuota med\u017eio dro\u017eli\u0173 plok\u0161t\u0117; 16 mm lentynos kra\u0161to apdaila: A 0,45 mm laminuot\u0173 lentyn\u0173 kra\u0161t\u0173 skai\u010dius: 1 lentynos apkrova: 5 kg lentynos spalva: balta lentyn\u0173 skai\u010dius: 1 priekis: laminuota med\u017eio dro\u017eli\u0173 plok\u0161t\u0117; 16 mm priekin\u0117s dalies spalva: blizgi balta stal\u010diaus vidin\u0117 apdaila: balta juostel\u0117 stal\u010diaus dugnas: HDF plok\u0161t\u0117; 3 mm Svarbu: \u0161i spinta gaminama pagal individual\u0173 kliento u\u017esakym\u0105. U\u017esakymo at\u0161aukti negalima pra\u0117jus 48 valandoms nuo u\u017esakymo pateikimo. Pra\u0161ome apsipirkti atid\u017eiai.<\/p>","protected":false},"excerpt":{"rendered":"<p>Modelis: LN-01 Spalva: balta\/ro\u017ein\u0117 Matmenys: Plotis: 85 cm Auk\u0161tis: 196 cm Gylis: 52 cm Pagrindin\u0117 informacija: korpuso pavadinimas: LN-01 kolekcijos pavadinimas: LUNA korpuso indeksas: LN1BR spalvos: balta\/ro\u017ein\u0117 bald\u0173 tipas: spinta korpuso charakteristikos: 2D plotis: 85 cm auk\u0161tis: 196 cm gylis: 52 cm korpuso svoris: 60 kg surinkimas: reikalingas surinkimas kolekcijos stilius: modernus interjeras 1 tipas: jaunimo kambario interjeras [\u2026]<\/p>","protected":false},"featured_media":250530,"comment_status":"open","ping_status":"open","template":"","meta":[],"product_brand":[],"product_cat":[9255,2454,1177],"product_tag":[],"class_list":{"0":"post-250529","1":"product","2":"type-product","3":"status-publish","4":"has-post-thumbnail","6":"product_cat-furniture-system-luna-lenart","7":"product_cat-lenart","8":"product_cat-wardrobes","10":"first","11":"instock","12":"purchasable","13":"product-type-simple"},"_links":{"self":[{"href":"https:\/\/baldumarket.lt\/lt\/wp-json\/wp\/v2\/product\/250529","targetHints":{"allow":["GET"]}}],"collection":[{"href":"https:\/\/baldumarket.lt\/lt\/wp-json\/wp\/v2\/product"}],"about":[{"href":"https:\/\/baldumarket.lt\/lt\/wp-json\/wp\/v2\/types\/product"}],"replies":[{"embeddable":true,"href":"https:\/\/baldumarket.lt\/lt\/wp-json\/wp\/v2\/comments?post=250529"}],"wp:featuredmedia":[{"embeddable":true,"href":"https:\/\/baldumarket.lt\/lt\/wp-json\/wp\/v2\/media\/250530"}],"wp:attachment":[{"href":"https:\/\/baldumarket.lt\/lt\/wp-json\/wp\/v2\/media?parent=250529"}],"wp:term":[{"taxonomy":"product_brand","embeddable":true,"href":"https:\/\/baldumarket.lt\/lt\/wp-json\/wp\/v2\/product_brand?post=250529"},{"taxonomy":"product_cat","embeddable":true,"href":"https:\/\/baldumarket.lt\/lt\/wp-json\/wp\/v2\/product_cat?post=250529"},{"taxonomy":"product_tag","embeddable":true,"href":"https:\/\/baldumarket.lt\/lt\/wp-json\/wp\/v2\/product_tag?post=250529"}],"curies":[{"name":"wp","href":"https:\/\/api.w.org\/{rel}","templated":true}]}}