{"id":250522,"date":"2026-01-10T18:07:59","date_gmt":"2026-01-10T15:07:59","guid":{"rendered":"https:\/\/baldumarket.lt\/product\/szafa-przesuwna-trzydrzwiowa-arti-ar-02-biala\/"},"modified":"2026-02-11T18:32:01","modified_gmt":"2026-02-11T15:32:01","slug":"szafa-przesuwna-trzydrzwiowa-arti-ar-02-biala","status":"publish","type":"product","link":"https:\/\/baldumarket.lt\/lt\/product\/szafa-przesuwna-trzydrzwiowa-arti-ar-02-biala\/","title":{"rendered":"ARTI AR-02 trij\u0173 dur\u0173 stumdoma spinta \u2013 balta"},"content":{"rendered":"<p>Modelis: AR-02 Spalva: Balta Matmenys: Plotis: 250 cm Auk\u0161tis: 215 cm Gylis: 60 cm Pagrindin\u0117 informacija: korpuso pavadinimas: AR-02 kolekcijos pavadinimas: ARTI korpuso indeksas: AR2BI spalva: balta bald\u0173 tipas: spinta korpuso charakteristikos: 3D plotis: 250 cm auk\u0161tis: 215 cm gylis: 60 cm korpuso svoris: 218,0 kg surinkimas: reikalingas surinkimas kolekcijos stilius: modernus interjero tipas 1: spinta interjero tipas 2: miegamasis \u012franga: 2x b\u0117geliai, 6x lentynos dureli\u0173 skai\u010dius: 3 furnit\u016bra: rankena: plastikin\u0117 spintos priekin\u0117 kreipian\u010dioji: aliuminio; apatinis ir vir\u0161utinis surinkimas koja\/kojel\u0117: slystantis su vinimi ap\u0161vietimas \u012ftrauktas: pasirenkamas ap\u0161vietimo tipas: LED energijos klas\u0117: A++<br \/>\nMed\u017eiaga: Korpusas: laminuota med\u017eio dro\u017eli\u0173 plok\u0161t\u0117: 16 mm; Korpuso kra\u0161to apdaila: A 0,45 mm; Korpuso spalva: balta; Vir\u0161us: laminuota med\u017eio dro\u017eli\u0173 plok\u0161t\u0117; 16 mm; Vir\u0161utinio kra\u0161to apdaila: A 0,45 mm; Klijuot\u0173 vir\u0161utini\u0173 kra\u0161t\u0173 skai\u010dius: 1; Vir\u0161utin\u0117s spalvos: balta; Galin\u0117 sienel\u0117: HDF plok\u0161t\u0117; 3 mm; Matoma galin\u0117s sienel\u0117s dalis: laminatas; Nematoma galin\u0117s sienel\u0117s dalis: neapdorota; Tvirtinimas prie galin\u0117s sienos: Nuta; Galin\u0117s sienel\u0117s spalva: balta; Lentyna: laminuota med\u017eio dro\u017eli\u0173 plok\u0161t\u0117; 16 mm; Lentynos kra\u0161to apdaila: A 0,45 mm; Klijuot\u0173 lentynos kra\u0161t\u0173 skai\u010dius: 1; Leistinas lentynos svoris: 5 kg; Lentynos spalva: balta; Lentyn\u0173 skai\u010dius: 6; Priekis: laminuota med\u017eio dro\u017eli\u0173 plok\u0161t\u0117; 16 mm; priekin\u0117s kra\u0161to apdaila: A 0,45 mm; priekin\u0117 spalva: balta; veidrodis: veidrodis; 3 mm; veidrod\u017eio spalva: balta; Pakuot\u0117s matmenys: Arti pakuot\u0117 1\/5 224 x 61 x 8 cm \u2013 51 kg<br \/>\nArti paketas 2\/5 254 x 61 x 6 cm \u2013 44 kg<br \/>\nArti pakuot\u0117 3\/5 98 x 50 x 11 cm \u2013 27 kg<br \/>\nArti paketas 4\/5 215 x 87 x 5 cm \u2013 43 kg<br \/>\nArti pakuot\u0117 5\/5 211 x 86 x 7 cm \u2013 58 kg Svarbu: \u0161i spinta gaminama pagal u\u017esakym\u0105. U\u017esakymo duomen\u0173 keisti negalima pra\u0117jus 48 valandoms nuo u\u017esakymo pateikimo. Pra\u0161ome apsipirkti atid\u017eiai.<\/p>","protected":false},"excerpt":{"rendered":"<p>Modelis: AR-02 Spalva: Balta Matmenys: Plotis: 250 cm Auk\u0161tis: 215 cm Gylis: 60 cm Pagrindin\u0117 informacija: korpuso pavadinimas: AR-02 kolekcijos pavadinimas: ARTI korpuso indeksas: AR2BI spalva: balta bald\u0173 tipas: spinta korpuso charakteristikos: 3D plotis: 250 cm auk\u0161tis: 215 cm gylis: 60 cm korpuso svoris: 218,0 kg surinkimas: reikalingas surinkimas kolekcijos stilius: modernus [\u2026]<\/p>","protected":false},"featured_media":250523,"comment_status":"open","ping_status":"open","template":"","meta":[],"product_brand":[],"product_cat":[9265,2454,1177],"product_tag":[],"class_list":{"0":"post-250522","1":"product","2":"type-product","3":"status-publish","4":"has-post-thumbnail","6":"product_cat-furniture-system-arti-lenart","7":"product_cat-lenart","8":"product_cat-wardrobes","10":"first","11":"instock","12":"purchasable","13":"product-type-simple"},"_links":{"self":[{"href":"https:\/\/baldumarket.lt\/lt\/wp-json\/wp\/v2\/product\/250522","targetHints":{"allow":["GET"]}}],"collection":[{"href":"https:\/\/baldumarket.lt\/lt\/wp-json\/wp\/v2\/product"}],"about":[{"href":"https:\/\/baldumarket.lt\/lt\/wp-json\/wp\/v2\/types\/product"}],"replies":[{"embeddable":true,"href":"https:\/\/baldumarket.lt\/lt\/wp-json\/wp\/v2\/comments?post=250522"}],"wp:featuredmedia":[{"embeddable":true,"href":"https:\/\/baldumarket.lt\/lt\/wp-json\/wp\/v2\/media\/250523"}],"wp:attachment":[{"href":"https:\/\/baldumarket.lt\/lt\/wp-json\/wp\/v2\/media?parent=250522"}],"wp:term":[{"taxonomy":"product_brand","embeddable":true,"href":"https:\/\/baldumarket.lt\/lt\/wp-json\/wp\/v2\/product_brand?post=250522"},{"taxonomy":"product_cat","embeddable":true,"href":"https:\/\/baldumarket.lt\/lt\/wp-json\/wp\/v2\/product_cat?post=250522"},{"taxonomy":"product_tag","embeddable":true,"href":"https:\/\/baldumarket.lt\/lt\/wp-json\/wp\/v2\/product_tag?post=250522"}],"curies":[{"name":"wp","href":"https:\/\/api.w.org\/{rel}","templated":true}]}}