{"id":250519,"date":"2026-01-10T18:07:58","date_gmt":"2026-01-10T15:07:58","guid":{"rendered":"https:\/\/baldumarket.lt\/product\/komoda-arti-ar-10-bialy\/"},"modified":"2026-02-11T18:32:01","modified_gmt":"2026-02-11T15:32:01","slug":"komoda-arti-ar-10-bialy","status":"publish","type":"product","link":"https:\/\/baldumarket.lt\/lt\/product\/komoda-arti-ar-10-bialy\/","title":{"rendered":"ARTI AR-10 komoda, balta"},"content":{"rendered":"<p>Modelis: AR-10 Spalva: Balta Matmenys: Plotis: 100 cm Auk\u0161tis: 90 cm Gylis: 42 cm Pagrindin\u0117 informacija: korpuso pavadinimas: AR-10 kolekcijos pavadinimas: ARTI korpuso indeksas: AR10BI spalva: balta bald\u0173 tipas: komoda korpuso charakteristikos: 3D3S plotis: 100 cm auk\u0161tis: 90 cm gylis: 42 cm korpuso svoris: 50 kg surinkimas: reikalingas surinkimas kolekcijos stilius: modernus interjero tipas 1: svetain\u0117 stal\u010di\u0173 skai\u010dius: 4 furnit\u016bra: rankena: plastikin\u0117 stal\u010diaus kreipian\u010dioji: ritinin\u0117 kreipian\u010dioji p\u0117del\u0117 \/ koja: b\u0117gelis su vinimi Med\u017eiaga: korpusas: laminuota med\u017eio dro\u017eli\u0173 plok\u0161t\u0117: 16 mm; 22 mm korpuso kra\u0161to apdaila: A 0,45 mm korpuso spalva: balta vir\u0161us: laminuota med\u017eio dro\u017eli\u0173 plok\u0161t\u0117; 16 mm stalvir\u0161io kra\u0161to apdaila: A 0,45 mm Faneruot\u0173 stalvir\u0161io kra\u0161t\u0173 skai\u010dius: 4 Stalvir\u0161io spalva: balta Galin\u0117 plok\u0161t\u0117: HDF plok\u0161t\u0117; 3 mm Matoma galin\u0117s plok\u0161t\u0117s apdaila: laminatas Nematoma galin\u0117s plok\u0161t\u0117s apdaila: neapdorota Galin\u0117s plok\u0161t\u0117s tvirtinimas: ver\u017el\u0117 Galin\u0117s plok\u0161t\u0117s spalva: balta Priekin\u0117 plok\u0161t\u0117: laminuota med\u017eio dro\u017eli\u0173 plok\u0161t\u0117; 16 mm Priekinio kra\u0161to apdaila: A 0,45 mm Priekin\u0117s dalies spalva: balta Stal\u010diaus vidin\u0117 apdaila: laminuota plok\u0161t\u0117 korpuso spalvos Stal\u010diaus dugnas: HDF plok\u0161t\u0117; 3 mm<\/p>","protected":false},"excerpt":{"rendered":"<p>Modelis: AR-10 Spalva: Balta Matmenys: Plotis: 100 cm Auk\u0161tis: 90 cm Gylis: 42 cm Pagrindin\u0117 informacija: Korpuso pavadinimas: AR-10 Kolekcijos pavadinimas: ARTI Korpuso indeksas: AR10BI spalva: balta Baldo tipas: Komoda Korpuso charakteristikos: 3D3S Plotis: 100 cm Auk\u0161tis: 90 cm Gylis: 42 cm Korpuso svoris: 50 kg Surinkimas: Reikalingas surinkimas Kolekcijos stilius: Modernus Interjero tipas 1: [\u2026]<\/p>","protected":false},"featured_media":250520,"comment_status":"open","ping_status":"open","template":"","meta":[],"product_brand":[],"product_cat":[9265,1173,2454],"product_tag":[],"class_list":{"0":"post-250519","1":"product","2":"type-product","3":"status-publish","4":"has-post-thumbnail","6":"product_cat-furniture-system-arti-lenart","7":"product_cat-chests-of-drawers","8":"product_cat-lenart","10":"first","11":"instock","12":"purchasable","13":"product-type-simple"},"_links":{"self":[{"href":"https:\/\/baldumarket.lt\/lt\/wp-json\/wp\/v2\/product\/250519","targetHints":{"allow":["GET"]}}],"collection":[{"href":"https:\/\/baldumarket.lt\/lt\/wp-json\/wp\/v2\/product"}],"about":[{"href":"https:\/\/baldumarket.lt\/lt\/wp-json\/wp\/v2\/types\/product"}],"replies":[{"embeddable":true,"href":"https:\/\/baldumarket.lt\/lt\/wp-json\/wp\/v2\/comments?post=250519"}],"wp:featuredmedia":[{"embeddable":true,"href":"https:\/\/baldumarket.lt\/lt\/wp-json\/wp\/v2\/media\/250520"}],"wp:attachment":[{"href":"https:\/\/baldumarket.lt\/lt\/wp-json\/wp\/v2\/media?parent=250519"}],"wp:term":[{"taxonomy":"product_brand","embeddable":true,"href":"https:\/\/baldumarket.lt\/lt\/wp-json\/wp\/v2\/product_brand?post=250519"},{"taxonomy":"product_cat","embeddable":true,"href":"https:\/\/baldumarket.lt\/lt\/wp-json\/wp\/v2\/product_cat?post=250519"},{"taxonomy":"product_tag","embeddable":true,"href":"https:\/\/baldumarket.lt\/lt\/wp-json\/wp\/v2\/product_tag?post=250519"}],"curies":[{"name":"wp","href":"https:\/\/api.w.org\/{rel}","templated":true}]}}