{"id":250501,"date":"2026-01-10T18:07:50","date_gmt":"2026-01-10T15:07:50","guid":{"rendered":"https:\/\/baldumarket.lt\/product\/szafa-przesuwna-dwudrzwiowa-arti-ar-04-dab-shetland\/"},"modified":"2026-02-11T18:32:02","modified_gmt":"2026-02-11T15:32:02","slug":"szafa-przesuwna-dwudrzwiowa-arti-ar-04-dab-shetland","status":"publish","type":"product","link":"https:\/\/baldumarket.lt\/lt\/product\/szafa-przesuwna-dwudrzwiowa-arti-ar-04-dab-shetland\/","title":{"rendered":"ARTI AR-04 dviej\u0173 dur\u0173 stumdoma spinta \u2013 \u0160etlando \u0105\u017euolas"},"content":{"rendered":"<p>Modelis: AR-04 Spalva: \u0160etlando \u0105\u017euolas Matmenys: Plotis: 150 cm Auk\u0161tis: 215 cm Gylis: 60 cm Pagrindin\u0117 informacija: korpuso pavadinimas: AR-04 kolekcijos pavadinimas: ARTI korpuso indeksas: AR4C spalvos: \u0160etlando \u0105\u017euolas bald\u0173 tipas: spinta korpuso charakteristikos: 2D plotis: 150 cm auk\u0161tis: 215 cm gylis: 60 cm korpuso svoris: 141 kg surinkimas: reikalingas surinkimas kolekcijos stilius: modernus interjero tipas 1: spinta interjero tipas 2: miegamasis \u012franga: 1x karnizas, 5x lentyna dureli\u0173 skai\u010dius: 2 furnit\u016bra: rankena: plastikin\u0117 spintos priekin\u0117 kreipian\u010dioji: aliuminio; apatinis ir vir\u0161utinis surinkimas koja\/kojel\u0117: slystantis su vinimi ap\u0161vietimas pridedamas: pasirenkamas ap\u0161vietimo tipas: LED energijos klas\u0117: A++<br \/>\nMed\u017eiaga: Korpusas: laminuota med\u017eio dro\u017eli\u0173 plok\u0161t\u0117: 16 mm; Korpuso kra\u0161to apdaila: A 0,45 mm; Korpuso spalva: \u0160etlando \u0105\u017euolas; Vir\u0161us: laminuota med\u017eio dro\u017eli\u0173 plok\u0161t\u0117; 16 mm; Vir\u0161utinio kra\u0161to apdaila: A 0,45 mm; Laminuot\u0173 vir\u0161utini\u0173 kra\u0161t\u0173 skai\u010dius: 1; Vir\u0161utin\u0117s spalvos: \u0160etlando \u0105\u017euolas; Galin\u0117 sienel\u0117: HDF plok\u0161t\u0117; 3 mm; Matoma galin\u0117s sienel\u0117s apdaila: laminatas; Nematoma galin\u0117s sienel\u0117s apdaila: neapdorota; Tvirtinimas prie galin\u0117s sienos: Nuta; Galin\u0117s sienel\u0117s spalva: balta; Lentyna: laminuota med\u017eio dro\u017eli\u0173 plok\u0161t\u0117; 16 mm; Lentynos kra\u0161to apdaila: A 0,45 mm; Laminuot\u0173 lentyn\u0173 kra\u0161t\u0173 skai\u010dius: 1; Leistinas lentynos svoris: 5 kg; Lentynos spalva: \u0160etlando \u0105\u017euolas; Lentyn\u0173 skai\u010dius: 5; Priekis: laminuota med\u017eio dro\u017eli\u0173 plok\u0161t\u0117; 16 mm; priekin\u0117s kra\u0161to apdaila: A 0,45 mm; priekin\u0117 spalva: \u0160etlando \u0105\u017euolas; veidrodis: veidrodis; 3 mm; veidrod\u017eio spalva: balta<\/p>","protected":false},"excerpt":{"rendered":"<p>Modelis: AR-04 Spalva: \u0160etlando \u0105\u017euolas Matmenys: Plotis: 150 cm Auk\u0161tis: 215 cm Gylis: 60 cm Pagrindin\u0117 informacija: korpuso pavadinimas: AR-04 kolekcijos pavadinimas: ARTI korpuso indeksas: AR4C spalvos: \u0160etlando \u0105\u017euolas bald\u0173 tipas: spinta korpuso charakteristikos: 2D plotis: 150 cm auk\u0161tis: 215 cm gylis: 60 cm korpuso svoris: 141 kg surinkimas: reikalingas surinkimas kolekcijos stilius: modernus [\u2026]<\/p>","protected":false},"featured_media":250502,"comment_status":"open","ping_status":"open","template":"","meta":[],"product_brand":[],"product_cat":[9265,2454,1177],"product_tag":[],"class_list":{"0":"post-250501","1":"product","2":"type-product","3":"status-publish","4":"has-post-thumbnail","6":"product_cat-furniture-system-arti-lenart","7":"product_cat-lenart","8":"product_cat-wardrobes","10":"first","11":"instock","12":"purchasable","13":"product-type-simple"},"_links":{"self":[{"href":"https:\/\/baldumarket.lt\/lt\/wp-json\/wp\/v2\/product\/250501","targetHints":{"allow":["GET"]}}],"collection":[{"href":"https:\/\/baldumarket.lt\/lt\/wp-json\/wp\/v2\/product"}],"about":[{"href":"https:\/\/baldumarket.lt\/lt\/wp-json\/wp\/v2\/types\/product"}],"replies":[{"embeddable":true,"href":"https:\/\/baldumarket.lt\/lt\/wp-json\/wp\/v2\/comments?post=250501"}],"wp:featuredmedia":[{"embeddable":true,"href":"https:\/\/baldumarket.lt\/lt\/wp-json\/wp\/v2\/media\/250502"}],"wp:attachment":[{"href":"https:\/\/baldumarket.lt\/lt\/wp-json\/wp\/v2\/media?parent=250501"}],"wp:term":[{"taxonomy":"product_brand","embeddable":true,"href":"https:\/\/baldumarket.lt\/lt\/wp-json\/wp\/v2\/product_brand?post=250501"},{"taxonomy":"product_cat","embeddable":true,"href":"https:\/\/baldumarket.lt\/lt\/wp-json\/wp\/v2\/product_cat?post=250501"},{"taxonomy":"product_tag","embeddable":true,"href":"https:\/\/baldumarket.lt\/lt\/wp-json\/wp\/v2\/product_tag?post=250501"}],"curies":[{"name":"wp","href":"https:\/\/api.w.org\/{rel}","templated":true}]}}