{"id":250496,"date":"2026-01-10T18:07:48","date_gmt":"2026-01-10T15:07:48","guid":{"rendered":"https:\/\/baldumarket.lt\/product\/szafa-przesuwna-z-oswietleniem-arti-ar-01p-szara\/"},"modified":"2026-02-11T18:32:02","modified_gmt":"2026-02-11T15:32:02","slug":"szafa-przesuwna-z-oswietleniem-arti-ar-01p-szara","status":"publish","type":"product","link":"https:\/\/baldumarket.lt\/lt\/product\/szafa-przesuwna-z-oswietleniem-arti-ar-01p-szara\/","title":{"rendered":"ARTI AR-01P stumdoma spinta su ap\u0161vietimu \u2013 pilka"},"content":{"rendered":"<p>Modelis: AR-01P Spalva: Stirling \u0105\u017euolas Matmenys: Plotis: 250 cm Auk\u0161tis: 215 cm Gylis: 63 cm Pagrindin\u0117 informacija: korpuso pavadinimas: AR-01 kolekcijos pavadinimas: ARTI korpuso indeksas: AR1DYP spalvos: pilka bald\u0173 tipas: spinta korpuso charakteristikos: 3D3S plotis: 250 cm auk\u0161tis: 215 cm gylis: 63 cm korpuso svoris: 244,0 kg surinkimas: reikalingas surinkimas kolekcijos stilius: modernus interjero tipas 1: spinta interjero tipas 2: miegamasis \u012franga: 2x b\u0117geliai, 6x lentynos, 1x ap\u0161vietimas stal\u010di\u0173 skai\u010dius: 3 dureli\u0173 skai\u010dius: 3 furnit\u016bra: rankena: plastikin\u0117 stal\u010diaus b\u0117gel\u0117: ritinin\u0117 b\u0117gel\u0117 spintos priekin\u0117 b\u0117gel\u0117: aliumin\u0117; apatinis ir vir\u0161utinis surinkimas koja: slystantis su vinimi ap\u0161vietimas: yra ap\u0161vietimo tipas: LED energijos klas\u0117: A++<br \/>\nMed\u017eiaga: Korpusas: laminuota med\u017eio dro\u017eli\u0173 plok\u0161t\u0117: 16 mm; Korpuso kra\u0161to apdaila: A 0,45 mm; Korpuso spalva: pilka; Vir\u0161us: laminuota med\u017eio dro\u017eli\u0173 plok\u0161t\u0117; 16 mm; Vir\u0161utinio kra\u0161to apdaila: A 0,45 mm; Klijuot\u0173 vir\u0161utini\u0173 kra\u0161t\u0173 skai\u010dius: 2; Vir\u0161utin\u0117 spalva: pilka; Galin\u0117 sienel\u0117: HDF plok\u0161t\u0117; 3 mm; Matoma galin\u0117s sienel\u0117s dalis: laminatas; Nematoma galin\u0117s sienel\u0117s dalis: neapdorota; Tvirtinimas prie galin\u0117s sienos: Nuta; Galin\u0117s sienel\u0117s spalva: balta; Lentyn\u0117l\u0117: laminuota med\u017eio dro\u017eli\u0173 plok\u0161t\u0117; 16 mm; Lentyn\u0117l\u0117s kra\u0161to apdaila: A 0,45 mm; Klijuot\u0173 lentyn\u0173 kra\u0161t\u0173 skai\u010dius: 1; Leistinas lentynos svoris: 5 kg; Lentyn\u0117l\u0117s spalva: pilka; Lentyn\u0173 skai\u010dius: 6; Priekis: laminuota med\u017eio dro\u017eli\u0173 plok\u0161t\u0117; 16 mm; Priekinio kra\u0161to apdaila: A 0,45 mm; Priekin\u0117 spalva: pilka; Veidrodis: veidrodis; 3 mm; Veidrod\u017eio spalva: balta; Stal\u010diaus vidin\u0117 apdaila: laminuota plok\u0161t\u0117 korpuso spalvos; Stal\u010diaus dugnas: HDF plok\u0161t\u0117; 3 mm<\/p>","protected":false},"excerpt":{"rendered":"<p>Modelis: AR-01P Spalva: Stirlingo \u0105\u017euolas Matmenys: Plotis: 250 cm Auk\u0161tis: 215 cm Gylis: 63 cm Pagrindin\u0117 informacija: korpuso pavadinimas: AR-01 kolekcijos pavadinimas: ARTI korpuso indeksas: AR1DYP spalvos: pilka bald\u0173 tipas: spinta korpuso charakteristikos: 3D3S plotis: 250 cm auk\u0161tis: 215 cm gylis: 63 cm korpuso svoris: 244,0 kg surinkimas: reikalingas surinkimas kolekcijos stilius: modernus [\u2026]<\/p>","protected":false},"featured_media":250497,"comment_status":"open","ping_status":"open","template":"","meta":[],"product_brand":[],"product_cat":[9265,2454,1177],"product_tag":[],"class_list":{"0":"post-250496","1":"product","2":"type-product","3":"status-publish","4":"has-post-thumbnail","6":"product_cat-furniture-system-arti-lenart","7":"product_cat-lenart","8":"product_cat-wardrobes","10":"first","11":"instock","12":"purchasable","13":"product-type-simple"},"_links":{"self":[{"href":"https:\/\/baldumarket.lt\/lt\/wp-json\/wp\/v2\/product\/250496","targetHints":{"allow":["GET"]}}],"collection":[{"href":"https:\/\/baldumarket.lt\/lt\/wp-json\/wp\/v2\/product"}],"about":[{"href":"https:\/\/baldumarket.lt\/lt\/wp-json\/wp\/v2\/types\/product"}],"replies":[{"embeddable":true,"href":"https:\/\/baldumarket.lt\/lt\/wp-json\/wp\/v2\/comments?post=250496"}],"wp:featuredmedia":[{"embeddable":true,"href":"https:\/\/baldumarket.lt\/lt\/wp-json\/wp\/v2\/media\/250497"}],"wp:attachment":[{"href":"https:\/\/baldumarket.lt\/lt\/wp-json\/wp\/v2\/media?parent=250496"}],"wp:term":[{"taxonomy":"product_brand","embeddable":true,"href":"https:\/\/baldumarket.lt\/lt\/wp-json\/wp\/v2\/product_brand?post=250496"},{"taxonomy":"product_cat","embeddable":true,"href":"https:\/\/baldumarket.lt\/lt\/wp-json\/wp\/v2\/product_cat?post=250496"},{"taxonomy":"product_tag","embeddable":true,"href":"https:\/\/baldumarket.lt\/lt\/wp-json\/wp\/v2\/product_tag?post=250496"}],"curies":[{"name":"wp","href":"https:\/\/api.w.org\/{rel}","templated":true}]}}