{"id":250481,"date":"2026-01-10T18:07:43","date_gmt":"2026-01-10T15:07:43","guid":{"rendered":"https:\/\/baldumarket.lt\/product\/lozko-gorne-z-materacem-pok-po-13-grafitowy\/"},"modified":"2026-02-11T18:32:02","modified_gmt":"2026-02-11T15:32:02","slug":"lozko-gorne-z-materacem-pok-po-13-grafitowy","status":"publish","type":"product","link":"https:\/\/baldumarket.lt\/lt\/product\/lozko-gorne-z-materacem-pok-po-13-grafitowy\/","title":{"rendered":"Vir\u0161utin\u0117 lova su \u010diu\u017einiu POK PO-13 | Grafitas"},"content":{"rendered":"<p>Modelis: PO-13<br \/>\nSpalva: Grafito \/ Ibseno buko \/ \u0160viesiai pilka \/ Balta<br \/>\nMatmenys: Plotis: 206 cm<br \/>\nAuk\u0161tis: 67 cm<br \/>\nGylis: 95 cm<br \/>\nPagrindin\u0117 informacija: K\u016bno pavadinimas: PO-13<br \/>\nKolekcijos pavadinimas: POK<br \/>\nK\u0117bulo indeksas: PO13GBS<br \/>\nSpalva: Grafito \/ Ibseno buko \/ \u0160viesiai pilka \/ Balta<br \/>\nBald\u0173 tipas: Lova<br \/>\nPlotis: 206 cm<br \/>\nAuk\u0161tis: 67 cm<br \/>\nGylis: 95 cm<br \/>\nK\u016bno svoris: 36 kg<br \/>\nSurinkimas: Reikalingas surinkimas<br \/>\nKolekcijos stilius: Modernus<br \/>\n1 interjero tipas: paauglio kambarys<br \/>\nJungiamosios detal\u0117s: P\u0117da \/ Koja: Slystantis su vinimi<br \/>\nMed\u017eiaga: Korpusas: Laminuota med\u017eio dro\u017eli\u0173 plok\u0161t\u0117: 16 mm<br \/>\nKorpuso kra\u0161to apdaila: A 0,45 mm<br \/>\nKorpuso spalva: grafitas \/ bukas Ibsen<br \/>\nLovos r\u0117mas: med\u017eio dro\u017eli\u0173 plok\u0161t\u0117<br \/>\nLovos kra\u0161to apdaila: 1,7 mm plo\u010dio<br \/>\nLovos galv\u016bgalis: laminuota med\u017eio dro\u017eli\u0173 plok\u0161t\u0117; 16 mm<br \/>\nLovos koj\u016bgalis: 1,7 mm plo\u010dio<br \/>\nR\u0117mas: medinis<br \/>\nR\u0117mo matmenys: 90 \u00d7 200<br \/>\nR\u0117mo svoris: 9<br \/>\n\u010ciu\u017einio tipas: Bonnell spyruoklinis<br \/>\n\u010ciu\u017einio matmenys: 18 x 90 x 200 cm<br \/>\n\u010ciu\u017einio svoris: 13 kg<br \/>\n\u010ciu\u017einys \u012fskai\u010diuotas: taip<br \/>\nPatalyn\u0117 daiktams laikyti: n\u0117ra<br \/>\nSvarbu<br \/>\n\u0160i lova gaminama pagal u\u017esakym\u0105. At\u0161aukti u\u017esakym\u0105 negalima pra\u0117jus 48 valandoms nuo jo pateikimo. Pra\u0161ome apsipirkti atid\u017eiai.<\/p>","protected":false},"excerpt":{"rendered":"<p>Modelis: PO-13 Spalva: Grafito \/ Ibseno buko \/ \u0160viesiai pilka \/ Balta Matmenys: Plotis: 206 cm Auk\u0161tis: 67 cm Gylis: 95 cm Pagrindin\u0117 informacija: Korpuso pavadinimas: PO-13 Kolekcijos pavadinimas: POK Korpuso indeksas: PO13GBS Spalva: Grafito \/ Ibseno buko \/ \u0160viesiai pilka \/ Balta Baldo tipas: Lova Plotis: 206 cm Auk\u0161tis: 67 cm Gylis: 95 cm Korpuso svoris: 36 [\u2026]<\/p>","protected":false},"featured_media":250482,"comment_status":"open","ping_status":"open","template":"","meta":[],"product_brand":[],"product_cat":[9260,505,2454],"product_tag":[],"class_list":{"0":"post-250481","1":"product","2":"type-product","3":"status-publish","4":"has-post-thumbnail","6":"product_cat-furniture-system-pok-lenart","7":"product_cat-bedroom-beds","8":"product_cat-lenart","10":"first","11":"instock","12":"purchasable","13":"product-type-simple"},"_links":{"self":[{"href":"https:\/\/baldumarket.lt\/lt\/wp-json\/wp\/v2\/product\/250481","targetHints":{"allow":["GET"]}}],"collection":[{"href":"https:\/\/baldumarket.lt\/lt\/wp-json\/wp\/v2\/product"}],"about":[{"href":"https:\/\/baldumarket.lt\/lt\/wp-json\/wp\/v2\/types\/product"}],"replies":[{"embeddable":true,"href":"https:\/\/baldumarket.lt\/lt\/wp-json\/wp\/v2\/comments?post=250481"}],"wp:featuredmedia":[{"embeddable":true,"href":"https:\/\/baldumarket.lt\/lt\/wp-json\/wp\/v2\/media\/250482"}],"wp:attachment":[{"href":"https:\/\/baldumarket.lt\/lt\/wp-json\/wp\/v2\/media?parent=250481"}],"wp:term":[{"taxonomy":"product_brand","embeddable":true,"href":"https:\/\/baldumarket.lt\/lt\/wp-json\/wp\/v2\/product_brand?post=250481"},{"taxonomy":"product_cat","embeddable":true,"href":"https:\/\/baldumarket.lt\/lt\/wp-json\/wp\/v2\/product_cat?post=250481"},{"taxonomy":"product_tag","embeddable":true,"href":"https:\/\/baldumarket.lt\/lt\/wp-json\/wp\/v2\/product_tag?post=250481"}],"curies":[{"name":"wp","href":"https:\/\/api.w.org\/{rel}","templated":true}]}}