{"id":250466,"date":"2026-01-10T18:07:37","date_gmt":"2026-01-10T15:07:37","guid":{"rendered":"https:\/\/baldumarket.lt\/product\/szafka-rtv-z-oswietleniem-1d1w2s-visso-vi-07-dab-linearny\/"},"modified":"2026-02-11T18:32:02","modified_gmt":"2026-02-11T15:32:02","slug":"szafka-rtv-z-oswietleniem-1d1w2s-visso-vi-07-dab-linearny","status":"publish","type":"product","link":"https:\/\/baldumarket.lt\/lt\/product\/szafka-rtv-z-oswietleniem-1d1w2s-visso-vi-07-dab-linearny\/","title":{"rendered":"TV spintel\u0117 su ap\u0161vietimu 1d1w2s VISSO VI-07 | Linijinis \u0105\u017euolas"},"content":{"rendered":"<p>Kolekcija: VISSO<br \/>\nModelis: VI-07<br \/>\nSpalva: linijinis \u0105\u017euolas<br \/>\nMatmenys: Auk\u0161tis: 62 cm<br \/>\nPlotis: 167 cm<br \/>\nGylis (ilgis): 41 cm<br \/>\nTolerancija: \u00b12%<br \/>\nMed\u017eiaga: Korpusas pagamintas i\u0161 laminuotos med\u017eio dro\u017eli\u0173 plok\u0161t\u0117s<br \/>\nStalvir\u0161is pagamintas i\u0161 laminuotos med\u017eio dro\u017eli\u0173 plok\u0161t\u0117s<br \/>\nGalin\u0117 siena pagaminta i\u0161 laminuotos med\u017eio dro\u017eli\u0173 plok\u0161t\u0117s<br \/>\n4 mm stiklin\u0117 lentyna<br \/>\nStiklinis priekis<br \/>\nLentynos pagamintos i\u0161 laminuotos med\u017eio dro\u017eli\u0173 plok\u0161t\u0117s<br \/>\n\u012emontuotas ap\u0161vietimas<br \/>\nPagaminta Lenkijoje<\/p>","protected":false},"excerpt":{"rendered":"<p>Kolekcija: VISSO Modelis: VI-07 Spalva: Linijinis \u0105\u017euolas Matmenys: Auk\u0161tis: 62 cm Plotis: 167 cm Gylis (ilgis): 41 cm Tolerancija: \u00b12% Med\u017eiaga: Korpusas pagamintas i\u0161 laminuotos med\u017eio dro\u017eli\u0173 plok\u0161t\u0117s Stalvir\u0161is pagamintas i\u0161 laminuotos med\u017eio dro\u017eli\u0173 plok\u0161t\u0117s Galin\u0117 sienel\u0117 pagaminta i\u0161 laminuotos med\u017eio dro\u017eli\u0173 plok\u0161t\u0117s 4 mm stiklin\u0117 lentyna Stiklinis priekis Lentynos pagamintos i\u0161 laminuotos med\u017eio dro\u017eli\u0173 plok\u0161t\u0117s \u012emontuotas ap\u0161vietimas Pagaminta Lenkijoje<\/p>","protected":false},"featured_media":250467,"comment_status":"open","ping_status":"open","template":"","meta":[],"product_brand":[],"product_cat":[9264,2454,1175],"product_tag":[],"class_list":{"0":"post-250466","1":"product","2":"type-product","3":"status-publish","4":"has-post-thumbnail","6":"product_cat-furniture-system-visso-lenart","7":"product_cat-lenart","8":"product_cat-tv-stands","10":"first","11":"instock","12":"purchasable","13":"product-type-simple"},"_links":{"self":[{"href":"https:\/\/baldumarket.lt\/lt\/wp-json\/wp\/v2\/product\/250466","targetHints":{"allow":["GET"]}}],"collection":[{"href":"https:\/\/baldumarket.lt\/lt\/wp-json\/wp\/v2\/product"}],"about":[{"href":"https:\/\/baldumarket.lt\/lt\/wp-json\/wp\/v2\/types\/product"}],"replies":[{"embeddable":true,"href":"https:\/\/baldumarket.lt\/lt\/wp-json\/wp\/v2\/comments?post=250466"}],"wp:featuredmedia":[{"embeddable":true,"href":"https:\/\/baldumarket.lt\/lt\/wp-json\/wp\/v2\/media\/250467"}],"wp:attachment":[{"href":"https:\/\/baldumarket.lt\/lt\/wp-json\/wp\/v2\/media?parent=250466"}],"wp:term":[{"taxonomy":"product_brand","embeddable":true,"href":"https:\/\/baldumarket.lt\/lt\/wp-json\/wp\/v2\/product_brand?post=250466"},{"taxonomy":"product_cat","embeddable":true,"href":"https:\/\/baldumarket.lt\/lt\/wp-json\/wp\/v2\/product_cat?post=250466"},{"taxonomy":"product_tag","embeddable":true,"href":"https:\/\/baldumarket.lt\/lt\/wp-json\/wp\/v2\/product_tag?post=250466"}],"curies":[{"name":"wp","href":"https:\/\/api.w.org\/{rel}","templated":true}]}}