{"id":250445,"date":"2026-01-10T18:07:28","date_gmt":"2026-01-10T15:07:28","guid":{"rendered":"https:\/\/baldumarket.lt\/product\/biurko-pok-po-09-grafit-buk-szary-bialy\/"},"modified":"2026-02-11T18:32:03","modified_gmt":"2026-02-11T15:32:03","slug":"biurko-pok-po-09-grafit-buk-szary-bialy","status":"publish","type":"product","link":"https:\/\/baldumarket.lt\/lt\/product\/biurko-pok-po-09-grafit-buk-szary-bialy\/","title":{"rendered":"Ra\u0161omasis stalas POK PO-09 grafito\/buko\/pilkos\/baltos spalvos"},"content":{"rendered":"<p>Modelis: PO-09 Spalva: grafito \/ ibseno buko \/ \u0161viesiai pilka \/ balta Matmenys: Plotis: 120 cm Auk\u0161tis: 75 cm Gylis: 50 cm Pagrindin\u0117 informacija: korpuso pavadinimas: PO-09 kolekcijos pavadinimas: POK korpuso indeksas: PO9GBS spalvos: grafito \/ ibseno buko \/ \u0161viesiai pilka \/ balta bald\u0173 tipas: komoda korpuso charakteristikos: 1D plotis: 120 cm auk\u0161tis: 75 cm gylis: 50 cm korpuso svoris: 37 kg surinkimas: reikalingas surinkimas kolekcijos stilius: modernus interjero tipas 1: jaunimo kambarys \u012franga: 2x lentynos dureli\u0173 skai\u010dius: 1 furnit\u016bra: vyris: pasl\u0117ptas \u012fprastas rankena: plastikin\u0117 koja \/ kojel\u0117: b\u0117gelis su vinimi Med\u017eiaga: korpusas: laminuota med\u017eio dro\u017eli\u0173 plok\u0161t\u0117: 16 mm korpuso kra\u0161to apdaila: A 0,45 mm korpuso spalva: grafito \/ ibseno buko vir\u0161us: laminuota med\u017eio dro\u017eli\u0173 plok\u0161t\u0117; 28 mm stalvir\u0161io kra\u0161to apdaila: A 0,45 mm Stalvir\u0161io kra\u0161t\u0173 skai\u010dius: 4 Stalvir\u0161io spalva: grafito Galin\u0117 sienel\u0117: HDF plok\u0161t\u0117; 3 mm Matoma galin\u0117s sienel\u0117s apdaila: laminatas Nematoma galin\u0117s sienel\u0117s apdaila: laminatas Tvirtinimas prie galin\u0117s sienos: \u201eNuta\u201c Galin\u0117s sienel\u0117s spalva: grafitas Lentyna: laminuota med\u017eio dro\u017eli\u0173 plok\u0161t\u0117; 16 mm Lentynos kra\u0161to apdaila: 1 Leistina lentynos apkrova: 5 kg Lentynos spalva: grafitas \/ IBSEN bukas Lentyn\u0173 skai\u010dius: 2 Priekis: laminuota med\u017eio dro\u017eli\u0173 plok\u0161t\u0117; 16 mm Priekinio kra\u0161to apdaila: S 1,70 mm Priekin\u0117s sienel\u0117s spalva: \u0161viesiai pilka Svarbu: \u0161is stalas gaminamas pagal u\u017esakym\u0105. U\u017esakymo at\u0161aukti negalima pra\u0117jus 48 valandoms nuo u\u017esakymo pateikimo. Pra\u0161ome apsipirkti atid\u017eiai.<\/p>","protected":false},"excerpt":{"rendered":"<p>Model: PO-09 Color: graphite \/ ibsen beech \/ light grey \/ white Dimensions: Width: 120cm Height: 75cm Depth: 50cm Basic information: name of the body: PO-09 name of the collection: POK body index: PO9GBS colors: graphite \/ ibsen beech \/ light grey \/ white furniture type: chest of drawers body characteristics: 1D width: 120 cm [&hellip;]<\/p>","protected":false},"featured_media":250446,"comment_status":"open","ping_status":"open","template":"","meta":[],"product_brand":[],"product_cat":[9260,1312,2454],"product_tag":[],"class_list":{"0":"post-250445","1":"product","2":"type-product","3":"status-publish","4":"has-post-thumbnail","6":"product_cat-furniture-system-pok-lenart","7":"product_cat-desks","8":"product_cat-lenart","10":"first","11":"instock","12":"purchasable","13":"product-type-simple"},"_links":{"self":[{"href":"https:\/\/baldumarket.lt\/lt\/wp-json\/wp\/v2\/product\/250445","targetHints":{"allow":["GET"]}}],"collection":[{"href":"https:\/\/baldumarket.lt\/lt\/wp-json\/wp\/v2\/product"}],"about":[{"href":"https:\/\/baldumarket.lt\/lt\/wp-json\/wp\/v2\/types\/product"}],"replies":[{"embeddable":true,"href":"https:\/\/baldumarket.lt\/lt\/wp-json\/wp\/v2\/comments?post=250445"}],"wp:featuredmedia":[{"embeddable":true,"href":"https:\/\/baldumarket.lt\/lt\/wp-json\/wp\/v2\/media\/250446"}],"wp:attachment":[{"href":"https:\/\/baldumarket.lt\/lt\/wp-json\/wp\/v2\/media?parent=250445"}],"wp:term":[{"taxonomy":"product_brand","embeddable":true,"href":"https:\/\/baldumarket.lt\/lt\/wp-json\/wp\/v2\/product_brand?post=250445"},{"taxonomy":"product_cat","embeddable":true,"href":"https:\/\/baldumarket.lt\/lt\/wp-json\/wp\/v2\/product_cat?post=250445"},{"taxonomy":"product_tag","embeddable":true,"href":"https:\/\/baldumarket.lt\/lt\/wp-json\/wp\/v2\/product_tag?post=250445"}],"curies":[{"name":"wp","href":"https:\/\/api.w.org\/{rel}","templated":true}]}}