{"id":250437,"date":"2026-01-10T18:07:25","date_gmt":"2026-01-10T15:07:25","guid":{"rendered":"https:\/\/baldumarket.lt\/product\/polka-pok-po-10-grafit-buk-szary-bialy\/"},"modified":"2026-02-11T18:32:03","modified_gmt":"2026-02-11T15:32:03","slug":"polka-pok-po-10-grafit-buk-szary-bialy","status":"publish","type":"product","link":"https:\/\/baldumarket.lt\/lt\/product\/polka-pok-po-10-grafit-buk-szary-bialy\/","title":{"rendered":"Lentyna POK PO-10 grafito\/buko\/pilkos\/baltos spalvos"},"content":{"rendered":"<p>Modelis: PO-10 Spalva: grafito \/ ibseno buko \/ \u0161viesiai pilka \/ balta Matmenys: Plotis: 120 cm Auk\u0161tis: 60 cm Gylis: 22 cm Pagrindin\u0117 informacija: korpuso pavadinimas: PO-10 kolekcijos pavadinimas: POK korpuso indeksas: P10GBS spalvos: grafito \/ ibseno buko \/ \u0161viesiai pilka \/ balta bald\u0173 tipas: lentyna korpuso charakteristikos: 1D plotis: 120 cm auk\u0161tis: 60 cm gylis: 22 cm korpuso svoris: 18 kg surinkimas: reikalingas surinkimas kolekcijos stilius: modernus interjero tipas 1: jaunimo kambarys Med\u017eiaga: korpusas: laminuota med\u017eio dro\u017eli\u0173 plok\u0161t\u0117: 16 mm korpusas kra\u0161t\u0173 apdaila: A 0,45 mm korpuso spalva: grafito \/ ibseno buko galin\u0117 sienel\u0117: laminuota med\u017eio dro\u017eli\u0173 plok\u0161t\u0117; 16 mm matomos galin\u0117s sienel\u0117s dalies apdaila: laminatas Nematomos galin\u0117s sienel\u0117s dalies apdaila: laminatas Galin\u0117s sienel\u0117s spalva: \u0161viesiai pilka Lentyna: laminuota med\u017eio dro\u017eli\u0173 plok\u0161t\u0117; 16 mm apdaila Lentyn\u0173 kra\u0161tai: 3 Maksimali lentyn\u0173 apkrova: 5 kg Lentyn\u0173 spalva: grafito\/ibseno buko Lentyn\u0173 skai\u010dius: 4 Svarbu: \u0161i lentyna gaminama pagal individual\u0173 kliento u\u017esakym\u0105. U\u017esakymo at\u0161aukti negalima pra\u0117jus 48 valandoms nuo pateikimo. Pra\u0161ome apsipirkti atid\u017eiai.<\/p>","protected":false},"excerpt":{"rendered":"<p>Model: PO-10 Color: graphite \/ ibsen beech \/ light grey \/ white Dimensions: Width: 120cm Height: 60cm Depth: 22cm Basic information: name of the body: PO-10 name of the collection: POK body index: P10GBS colors: graphite \/ ibsen beech \/ light grey \/ white furniture type: shelf body characteristics: 1D width: 120 cm height: 60 [&hellip;]<\/p>","protected":false},"featured_media":250438,"comment_status":"open","ping_status":"open","template":"","meta":[],"product_brand":[],"product_cat":[9260,1174,2454],"product_tag":[],"class_list":{"0":"post-250437","1":"product","2":"type-product","3":"status-publish","4":"has-post-thumbnail","6":"product_cat-furniture-system-pok-lenart","7":"product_cat-hanging-shelves","8":"product_cat-lenart","10":"first","11":"instock","12":"purchasable","13":"product-type-simple"},"_links":{"self":[{"href":"https:\/\/baldumarket.lt\/lt\/wp-json\/wp\/v2\/product\/250437","targetHints":{"allow":["GET"]}}],"collection":[{"href":"https:\/\/baldumarket.lt\/lt\/wp-json\/wp\/v2\/product"}],"about":[{"href":"https:\/\/baldumarket.lt\/lt\/wp-json\/wp\/v2\/types\/product"}],"replies":[{"embeddable":true,"href":"https:\/\/baldumarket.lt\/lt\/wp-json\/wp\/v2\/comments?post=250437"}],"wp:featuredmedia":[{"embeddable":true,"href":"https:\/\/baldumarket.lt\/lt\/wp-json\/wp\/v2\/media\/250438"}],"wp:attachment":[{"href":"https:\/\/baldumarket.lt\/lt\/wp-json\/wp\/v2\/media?parent=250437"}],"wp:term":[{"taxonomy":"product_brand","embeddable":true,"href":"https:\/\/baldumarket.lt\/lt\/wp-json\/wp\/v2\/product_brand?post=250437"},{"taxonomy":"product_cat","embeddable":true,"href":"https:\/\/baldumarket.lt\/lt\/wp-json\/wp\/v2\/product_cat?post=250437"},{"taxonomy":"product_tag","embeddable":true,"href":"https:\/\/baldumarket.lt\/lt\/wp-json\/wp\/v2\/product_tag?post=250437"}],"curies":[{"name":"wp","href":"https:\/\/api.w.org\/{rel}","templated":true}]}}